{"id":1031,"date":"2015-09-17T17:55:35","date_gmt":"2015-09-17T15:55:35","guid":{"rendered":"http:\/\/boisleroijumelage.olympe.in\/?page_id=1031"},"modified":"2016-09-12T12:56:58","modified_gmt":"2016-09-12T11:56:58","slug":"carnaval-a-langenargen","status":"publish","type":"page","link":"http:\/\/boisleroijumelage.fr\/index.php\/activites\/annuelles\/activites-2015\/carnaval-a-langenargen\/","title":{"rendered":"Carnaval \u00e0 Langenargen (2015)"},"content":{"rendered":"<p><iframe loading=\"lazy\" src=\"https:\/\/www.youtube.com\/embed\/-4EzOCd7JTM\" width=\"560\" height=\"315\" frameborder=\"0\" allowfullscreen=\"allowfullscreen\"><\/iframe><\/p>\n<p>Le 14 f\u00e9vrier, 31 personnes se sont rendues \u00e0 Langenargen, ville jumelle de Bois le Roi pour vivre le FASNET<strong>.<\/strong> Nous ont accueillis M. Krafft, Maire de la ville, et la Pr\u00e9sidente allemande du Jumelage, Ute Niedermeier, m\u00e9connaissable sous sa perruque.<\/p>\n<p>Le soir m\u00eame, nous dansions au Maskenball de Friedrichshafen, au milieu de deux mille quatre cent personnes. Nous avons \u00e9t\u00e9 subjugu\u00e9s par les orchestres, les spectacles, les costumes et l\u2019ambiance que l\u2019on pourrait r\u00e9sumer par \u00ab soyons fous, tout est permis!\u00a0\u00bb.<\/p>\n<p>Le dimanche,\u00a0apr\u00e8s une messe costum\u00e9e \u00e0 l\u2019\u00e9glise St Martin, nous avons assist\u00e9 au d\u00e9fil\u00e9 de Lindau o\u00f9 certains se faisaient enlever, prisonniers des filets des sorci\u00e8res tandis que d\u2019autres prenaient un bain de confettis ou voyaient leurs chapeaux d\u00e9plac\u00e9s sur la t\u00eate de leurs voisins&#8230; Le tout au son des cr\u00e9celles et des fanfares. En d\u00eenant avec nos amis allemands, nous avons d\u00e9couvert \u00a0l\u2019histoire et les caract\u00e9ristiques de leurs costumes ainsi que leur cri de ralliement et sa r\u00e9plique \u00ab\u00a0sowieso-alweino\u00a0\u00bb. Mais le lendemain \u00e0 Ravensburg, ce sont soixante groupes qui ont d\u00e9fil\u00e9 devant nous, pendant quatre heures, dans la m\u00eame bonne humeur\u00a0!<img loading=\"lazy\" decoding=\"async\" class=\"alignright wp-image-1334\" src=\"http:\/\/boisleroijumelage.fr\/wp-content\/uploads\/2015\/09\/DSC_070511.jpg\" alt=\"[cml_media_alt id='1334']DSC_070511[\/cml_media_alt]\" width=\"400\" height=\"271\" \/><\/p>\n<p>Nous sommes revenus compl\u00e8tement d\u00e9pays\u00e9s, reconnaissants \u00e0 nos h\u00f4tes pour leur hospitalit\u00e9 et impatients de partager notre enthousiasme gr\u00e2ce aux\u00a0 photos souvenirs !<\/p>\n","protected":false},"excerpt":{"rendered":"<p>Le 14 f\u00e9vrier, 31 personnes se sont rendues \u00e0 Langenargen, ville jumelle de Bois le Roi pour vivre le FASNET. Nous ont accueillis M. Krafft, Maire de la ville, et la Pr\u00e9sidente allemande du Jumelage, Ute Niedermeier, m\u00e9connaissable sous sa perruque. Le soir m\u00eame, nous dansions au Maskenball de Friedrichshafen, au milieu de deux mille&#8230;<\/p>\n","protected":false},"author":1,"featured_media":0,"parent":571,"menu_order":0,"comment_status":"closed","ping_status":"open","template":"","meta":{"_kadence_starter_templates_imported_post":false,"_kad_post_transparent":"","_kad_post_title":"","_kad_post_layout":"","_kad_post_sidebar_id":"","_kad_post_content_style":"","_kad_post_vertical_padding":"","_kad_post_feature":"","_kad_post_feature_position":"","_kad_post_header":false,"_kad_post_footer":false,"_kad_post_classname":"","footnotes":""},"class_list":["post-1031","page","type-page","status-publish","hentry"],"_links":{"self":[{"href":"http:\/\/boisleroijumelage.fr\/index.php\/wp-json\/wp\/v2\/pages\/1031","targetHints":{"allow":["GET"]}}],"collection":[{"href":"http:\/\/boisleroijumelage.fr\/index.php\/wp-json\/wp\/v2\/pages"}],"about":[{"href":"http:\/\/boisleroijumelage.fr\/index.php\/wp-json\/wp\/v2\/types\/page"}],"author":[{"embeddable":true,"href":"http:\/\/boisleroijumelage.fr\/index.php\/wp-json\/wp\/v2\/users\/1"}],"replies":[{"embeddable":true,"href":"http:\/\/boisleroijumelage.fr\/index.php\/wp-json\/wp\/v2\/comments?post=1031"}],"version-history":[{"count":3,"href":"http:\/\/boisleroijumelage.fr\/index.php\/wp-json\/wp\/v2\/pages\/1031\/revisions"}],"predecessor-version":[{"id":2152,"href":"http:\/\/boisleroijumelage.fr\/index.php\/wp-json\/wp\/v2\/pages\/1031\/revisions\/2152"}],"up":[{"embeddable":true,"href":"http:\/\/boisleroijumelage.fr\/index.php\/wp-json\/wp\/v2\/pages\/571"}],"wp:attachment":[{"href":"http:\/\/boisleroijumelage.fr\/index.php\/wp-json\/wp\/v2\/media?parent=1031"}],"curies":[{"name":"wp","href":"https:\/\/api.w.org\/{rel}","templated":true}]}}