{"id":1035,"date":"2015-09-17T18:00:10","date_gmt":"2015-09-17T16:00:10","guid":{"rendered":"http:\/\/boisleroijumelage.olympe.in\/?page_id=1035"},"modified":"2015-09-17T18:00:10","modified_gmt":"2015-09-17T16:00:10","slug":"tour-a-velo-2014","status":"publish","type":"page","link":"http:\/\/boisleroijumelage.fr\/index.php\/activites\/annuelles\/activites-2014\/tour-a-velo-2014\/","title":{"rendered":"Tour \u00e0 V\u00e9lo 2014"},"content":{"rendered":"<p><strong>Rencontre des cyclistes de Langenargen et Bois le Roi dans le Jura Souabe<\/strong><\/p>\n<p>Du 06 au 12 Septembre dernier, 14 cyclistes franco-allemands ont sillonn\u00e9s les routes entre les moyennes montagnes. Cette ann\u00e9e, ils ont eu la chance de profiter du soleil du Jura Souabe. Ils ont parcouru 400 km entre Stuttgart et Ulm (Bade-Wurtemberg), tout en visitant les villes de Bad-Urach et T\u00fcbingen\u2026 A travers des paysages magnifiques, ils ont pu appr\u00e9cier la vue de diff\u00e9rents lacs, grottes, et ch\u00e2teaux. Log\u00e9s dans un superbe h\u00f4tel en demi-pension, ils ont pris plaisir \u00e0 pique-niquer tous ensemble lors des pauses du d\u00e9jeuner et se retrouvaient le soir apr\u00e8s l\u2019effort pour d\u00e9guster une bi\u00e8re sur la terrasse. Comme tous les deux ans, les traditionnels pompons ont \u00e9t\u00e9s \u00e9chang\u00e9s entre les deux villes jumelles, en symbole de leur nombreuses ann\u00e9es d\u2019amiti\u00e9. Cet \u00e9v\u00e8nement, organis\u00e9 par Herbert L\u00f6ffler, Wilfried K\u00f6nig et Manfred Christ, et soutenu par Bois le Roi jumelage, fut une v\u00e9ritable r\u00e9ussite\u00a0!<\/p>\n","protected":false},"excerpt":{"rendered":"<p>Rencontre des cyclistes de Langenargen et Bois le Roi dans le Jura Souabe Du 06 au 12 Septembre dernier, 14 cyclistes franco-allemands ont sillonn\u00e9s les routes entre les moyennes montagnes. Cette ann\u00e9e, ils ont eu la chance de profiter du soleil du Jura Souabe. Ils ont parcouru 400 km entre Stuttgart et Ulm (Bade-Wurtemberg), tout&#8230;<\/p>\n","protected":false},"author":1,"featured_media":0,"parent":415,"menu_order":0,"comment_status":"closed","ping_status":"open","template":"","meta":{"_kadence_starter_templates_imported_post":false,"_kad_post_transparent":"","_kad_post_title":"","_kad_post_layout":"","_kad_post_sidebar_id":"","_kad_post_content_style":"","_kad_post_vertical_padding":"","_kad_post_feature":"","_kad_post_feature_position":"","_kad_post_header":false,"_kad_post_footer":false,"_kad_post_classname":"","footnotes":""},"class_list":["post-1035","page","type-page","status-publish","hentry"],"_links":{"self":[{"href":"http:\/\/boisleroijumelage.fr\/index.php\/wp-json\/wp\/v2\/pages\/1035","targetHints":{"allow":["GET"]}}],"collection":[{"href":"http:\/\/boisleroijumelage.fr\/index.php\/wp-json\/wp\/v2\/pages"}],"about":[{"href":"http:\/\/boisleroijumelage.fr\/index.php\/wp-json\/wp\/v2\/types\/page"}],"author":[{"embeddable":true,"href":"http:\/\/boisleroijumelage.fr\/index.php\/wp-json\/wp\/v2\/users\/1"}],"replies":[{"embeddable":true,"href":"http:\/\/boisleroijumelage.fr\/index.php\/wp-json\/wp\/v2\/comments?post=1035"}],"version-history":[{"count":0,"href":"http:\/\/boisleroijumelage.fr\/index.php\/wp-json\/wp\/v2\/pages\/1035\/revisions"}],"up":[{"embeddable":true,"href":"http:\/\/boisleroijumelage.fr\/index.php\/wp-json\/wp\/v2\/pages\/415"}],"wp:attachment":[{"href":"http:\/\/boisleroijumelage.fr\/index.php\/wp-json\/wp\/v2\/media?parent=1035"}],"curies":[{"name":"wp","href":"https:\/\/api.w.org\/{rel}","templated":true}]}}