{"id":1037,"date":"2015-09-17T18:21:55","date_gmt":"2015-09-17T16:21:55","guid":{"rendered":"http:\/\/boisleroijumelage.olympe.in\/?page_id=1037"},"modified":"2016-09-12T12:33:17","modified_gmt":"2016-09-12T11:33:17","slug":"semaine-des-jeunes-2014","status":"publish","type":"page","link":"http:\/\/boisleroijumelage.fr\/index.php\/activites\/annuelles\/activites-2014\/semaine-des-jeunes-2014\/","title":{"rendered":"Semaine des jeunes 2014"},"content":{"rendered":"<p><iframe loading=\"lazy\" src=\"https:\/\/www.youtube.com\/embed\/njGYM9kc6qg\" width=\"560\" height=\"315\" frameborder=\"0\" allowfullscreen=\"allowfullscreen\"><\/iframe><\/p>\n<p>Cette ann\u00e9e, 9 jeunes fran\u00e7ais et 9 jeunes allemands \u00e2g\u00e9s de 12 \u00e0 16 ans, ont pu participer du <strong>04 au 09 ao\u00fbt<\/strong>, \u00e0 la semaine des jeunes sur le th\u00e8me \u00ab\u00a0<strong>Voler et engins volants<\/strong>\u00ab\u00a0, tout en d\u00e9couvrant Langenargen et sa r\u00e9gion. Apr\u00e8s une semaine riche en activit\u00e9s, ils sont repartis la t\u00eate remplie de souvenirs inoubliables ! Voici leur journal de bord :<\/p>\n<p><b>LUNDI 04 <\/b><b>ao\u00fbt<\/b><b><br \/>\n<\/b><i>L\u2019arriv\u00e9e, par Pierre, 14 ans<\/i><\/p>\n<p>Apr\u00e8s un long voyage en train, nous descend\u00eemes \u00e0 Langenargen et f\u00eemes la connaissance de nos familles. Ils nous accompagn\u00e8rent alors \u00e0 leur maison, \u00e0 ce moment l\u00e0, j\u2019\u00e9tais s\u00e9par\u00e9 des autres fran\u00e7ais. On\u00a0 m\u2019a d\u2019abord pr\u00e9sent\u00e9 leur maison (j\u2019avais mon propre \u00e9tage, au sous-sol, avec une salle de bain et une chambre). On m\u2019a ensuite expliqu\u00e9 qu\u2019il y avait une f\u00eate au bord du lac, l\u2019Uferfest. L\u2019association de jumelage y vend des cr\u00eapes pour avoir des fonds et proposer plus d\u2019activit\u00e9s. A l\u2019Uferfest, la nourriture \u00e9tait bonne, il y avait des sp\u00e9cialit\u00e9s allemandes, italiennes, fran\u00e7aises\u2026Moi, j\u2019ai pr\u00e9f\u00e9r\u00e9 prendre un hamburger. Ensuite, il y avait un concert. Vu qu\u2019il pleuvait, ils avaient ferm\u00e9 la sc\u00e8ne, mais le concert continuait toujours sous la tente. On \u00e9tait 20 privil\u00e9gi\u00e9s \u00e0 avoir v\u00e9cu un inoubliable concert improvis\u00e9 ! La premi\u00e8re soir\u00e9e en Allemagne \u00e9tait g\u00e9niale, le voyage s\u2019annon\u00e7ait bien !<\/p>\n<p>&nbsp;<\/p>\n<p><b>MARDI 05 <\/b><b>ao\u00fbt <\/b><\/p>\n<p><i>Le matin, par Hadrien, 12 ans<\/i><\/p>\n<p>Le premier matin on prend les v\u00e9los et direction accrobranche. On arrive et on nous donne les harnais pour s\u2019\u00e9quiper puis on va sur les parcours. Une petite frayeur : il n\u2019y a pas de deuxi\u00e8me s\u00e9curit\u00e9 comme en France, mais plus de peur que de mal ! Apr\u00e8s avoir grimp\u00e9 dans les arbres, la s\u00e9ance se termine et on se d\u00e9s\u00e9quipe avant d\u2019aller prendre les v\u00e9los pour rentrer.<\/p>\n<p>&nbsp;<\/p>\n<p><i>L\u2019apr\u00e8s-midi, par Guillaume, 13 ans<\/i><\/p>\n<p><i>\u00a0<\/i>Le lendemain de notre arriv\u00e9e \u00e0 Langenargen, nous nous sommes retrouv\u00e9s au port pour faire de la banane nautique. Elle pouvait contenir 5 personnes. Le premier groupe \u00e0 partir \u00e9tait constitu\u00e9 de Lucille, Pauline, Candice, Pierre, Hadrien, Pascal, Niklas, Isabella, Leonie et Emma. Une fois revenus, ils \u00e9taient tremp\u00e9s et ils riaient tous de bon c\u0153ur. Puis, ce fut le tour du deuxi\u00e8me groupe. Il \u00e9tait compos\u00e9 d\u2019Antoine, Marion, Alexandra, Lukas, Yannick, Magalie, Rebecca, Jessica, et moi. Patrice nous accompagnait aussi comme il restait une place sur le bateau. Ce fut la chose la plus d\u00e9jant\u00e9e et la plus cool du s\u00e9jour ! Ces 5 jours \u00e0 Langenargen furent mes plus belles vacances de ma vie, merci Bois le Roi !<\/p>\n<p>&nbsp;<\/p>\n<p><b>MERCREDI 06 <\/b><b>ao\u00fbt <\/b><\/p>\n<p><i>Le matin par Lucille, 13 ans<\/i><\/p>\n<p>Lorsque nous sommes all\u00e9s \u00e0 Friedrichshafen, nous avons visit\u00e9 le mus\u00e9e Zeppelin qui raconte l\u2019histoire des dirigeables. C\u2019\u00e9tait cool. En plus, \u00e7a nous a appris beaucoup de choses. Mais par contre, au bout d\u2019un moment, la visite \u00e9tait un peu longue. Une fois sortis, nous sommes mont\u00e9s en haut d\u2019une tour en fer \u00e0 Friedrichshafen. C\u2019\u00e9tait super en haut de la tour car nous prenions des photos avec les allemandes et c\u2019\u00e9tait tr\u00e8s beau car on voyait toute la ville. Puis, nous sommes rentr\u00e9s en train \u00e0 Langenargen.<\/p>\n<p>&nbsp;<\/p>\n<p><i>L\u2019apr\u00e8s-midi par Alexandra, 16 ans<\/i><\/p>\n<p>Le mercredi apr\u00e8s-midi, nous sommes all\u00e9s \u00e0 la piscine de Langenargen. Il faisait tr\u00e8s beau et la piscine \u00e9tant en ext\u00e9rieur, nous avons \u00e9tendu nos serviettes sur la pelouse. Il \u00e9tait aux alentours de 14h30, le soleil tapait donc tout le monde \u00e9tait impatient de se baigner. Nous pouvions aller dans le bassin mais \u00e9galement dans le Bodensee. L\u2019eau du lac \u00e9tait plus fra\u00eeche que celle de la piscine mais on s\u2019est r\u00e9chauff\u00e9 en nageant. Vers 17 heures, tout le monde avait froid donc on est sorti de l\u2019eau pour aller bronzer. C\u2019\u00e9tait un apr\u00e8s-midi tr\u00e8s agr\u00e9able et une tr\u00e8s belle fa\u00e7on de finir la journ\u00e9e.<\/p>\n<p>&nbsp;<\/p>\n<p><i>La soir\u00e9e, par Marion, 15 ans<\/i><\/p>\n<p><i>\u00a0<\/i>La journ\u00e9e a \u00e9t\u00e9 bien remplie. Nous sommes tous un peu fatigu\u00e9s mais nous allons quand m\u00eame profiter d\u2019un dernier moment tous ensemble. Nous nous retrouvons en effet\u00a0 avec les familles d&rsquo;accueil \u00e0 la Pizzeria \/ Pasta du Tennis-Club. Un buffet nous attend avec des pizzas, des spaghettis bolognaises et de la salade. C\u2019est d\u00e9licieux. La soir\u00e9e se d\u00e9roule agr\u00e9ablement, les adultes continuent de parler pendant que les ados vont dehors. Puis nous nous quittons sur ce moment de partage chaleureux entre les fran\u00e7ais et les allemands.<\/p>\n<p>&nbsp;<\/p>\n<p><b>JEUDI 07 <\/b><b>ao\u00fbt <\/b><b><br \/>\n<\/b><i>Le matin par Antoine, 14 ans<\/i><\/p>\n<p>Apr\u00e8s une bonne nuit de sommeil, nous allons au port de Langenargen pour une matin\u00e9e p\u00e9dalo sur le lac de Constance, nous choisissons tous nos p\u00e9dalos pour 5 ou 6 personnes. On commence \u00e0 partir, en maillot de bain. On plonge dans le lac, un petit peu froid, mais c\u2019est super cool. Ensuite nous rentrons tous au port, pour commencer le mini-golf. Tous le monde sur une piste et c\u2019est parti !<\/p>\n<p>&nbsp;<\/p>\n<p><i>L\u2019apr\u00e8s-midi par Candice, 12 ans<\/i><\/p>\n<p>Nous sommes all\u00e9s l\u2019apr\u00e8s-midi \u00e0 la piscine, comme la veille. Nous nous sommes bien amus\u00e9s car les filles et les gar\u00e7ons se sont \u00e9clabouss\u00e9s et les gar\u00e7ons nous ont mis la t\u00eate sous l\u2019eau. Il y avait toutes les filles sauf les quatre grandes et tous les gar\u00e7ons sauf un grand. On s&rsquo;est bien amus\u00e9 et on a beaucoup rigol\u00e9. Lukas nous disait toujours d\u2019arr\u00eater de l&#8217;emb\u00eater en allemand . C\u2019\u00e9tait vraiment trop marrant !<\/p>\n<p>&nbsp;<\/p>\n<p><b>VENDREDI 08 <\/b><b>ao\u00fbt<br \/>\n<\/b><i>Le matin par Pauline, 13 ans<\/i><\/p>\n<p>On est arriv\u00e9 vers 9h50 \u00e0 l\u2019industrie Airbus Immenstaad, o\u00f9 ils ont commenc\u00e9 \u00e0 nous demander nos cartes d\u2019identit\u00e9. Apr\u00e8s, on a commenc\u00e9 la visite. Le guide nous a expliqu\u00e9 plein de trucs sur les satellites. J\u2019ai trouv\u00e9 \u00e7a bien, mais le guide lisait un peu trop dans son classeur. Puis on est all\u00e9 au bord du lac pour manger et se promener.<\/p>\n<p>&nbsp;<\/p>\n<p><i>L\u2019apr\u00e8s-midi par Patrice, Accompagnateur<\/i><\/p>\n<p>Apr\u00e8s avoir pris le bus \u00e0 la gare de Friedrichshafen, nous sommes arriv\u00e9s toujours avec un tr\u00e8s beau soleil au mus\u00e9e Dornier qui jouxte un a\u00e9rodrome et le site de d\u00e9part des Zeppelin modernes.<\/p>\n<p>L&rsquo;ext\u00e9rieur du mus\u00e9e est moderne avec un appareil \u00e0 d\u00e9collage vertical expos\u00e9 avec un Combi Volkswagen qui semble neuf.<\/p>\n<p>D\u00e8s notre entr\u00e9e l&rsquo;accueil a \u00e9t\u00e9 tr\u00e8s chaleureux, notre guide \u00e9tait un fran\u00e7ais install\u00e9 depuis longtemps en Allemagne et vraiment passionn\u00e9 par son m\u00e9tier. D\u00e8s les premi\u00e8res minutes, les jeunes ont jou\u00e9 \u00e0 des quizz et le guide veillait \u00e0 faire participer m\u00eame les plus discrets ! L&rsquo;aventure des hydravions et de Claude Dornier n&rsquo;a plus eu de secrets pour nous, gr\u00e2ce \u00e9galement aux nombreuses anecdotes racont\u00e9es par notre dynamique accompagnateur\u2026 La seconde guerre mondiale a \u00e9t\u00e9 \u00e9voqu\u00e9e aussi, cette sombre page ayant vu tout le patrimoine Dornier d&rsquo;abord accapar\u00e9 par les Nazis puis d\u00e9truit sous les bombes des alli\u00e9s en 1944.<\/p>\n<p>Ce sont les fran\u00e7ais qui ont restitu\u00e9 dans les ann\u00e9es 60 les remarquables collections de mod\u00e8les r\u00e9duits des hydravions Dornier \u00e0 l&rsquo;Allemagne, tandis que dans le grand hall se trouvent un grand hydravion enti\u00e8rement reconstruit, un des premiers avions de la Luft Hansa, des drones, un h\u00e9licopt\u00e8re militaire de transport, etc\u2026 Et \u00e0 l&rsquo;ext\u00e9rieur nous avons vu un ancien avion de chasse, un avion d&rsquo;affaires, un de patrouille maritime et le haut d&rsquo;une fus\u00e9e Ariane 5.<\/p>\n<p>Nous aurions aim\u00e9 rester plus longtemps pour profiter des talents de notre guide et des collections mais le retour en train imposait de partir h\u00e9las. Ce mus\u00e9e est vraiment bien con\u00e7u avec une partie historique d\u00e9taill\u00e9e et tr\u00e8s bien illustr\u00e9e tandis que les engins pr\u00e9sent\u00e9s sont dans un tr\u00e8s bon \u00e9tat et accessibles au public.<\/p>\n<p>&nbsp;<\/p>\n<p>A l&rsquo;ann\u00e9e prochaine !<\/p>\n","protected":false},"excerpt":{"rendered":"<p>Cette ann\u00e9e, 9 jeunes fran\u00e7ais et 9 jeunes allemands \u00e2g\u00e9s de 12 \u00e0 16 ans, ont pu participer du 04 au 09 ao\u00fbt, \u00e0 la semaine des jeunes sur le th\u00e8me \u00ab\u00a0Voler et engins volants\u00ab\u00a0, tout en d\u00e9couvrant Langenargen et sa r\u00e9gion. Apr\u00e8s une semaine riche en activit\u00e9s, ils sont repartis la t\u00eate remplie de&#8230;<\/p>\n","protected":false},"author":1,"featured_media":0,"parent":415,"menu_order":0,"comment_status":"closed","ping_status":"open","template":"","meta":{"_kadence_starter_templates_imported_post":false,"_kad_post_transparent":"","_kad_post_title":"","_kad_post_layout":"","_kad_post_sidebar_id":"","_kad_post_content_style":"","_kad_post_vertical_padding":"","_kad_post_feature":"","_kad_post_feature_position":"","_kad_post_header":false,"_kad_post_footer":false,"_kad_post_classname":"","footnotes":""},"class_list":["post-1037","page","type-page","status-publish","hentry"],"_links":{"self":[{"href":"http:\/\/boisleroijumelage.fr\/index.php\/wp-json\/wp\/v2\/pages\/1037","targetHints":{"allow":["GET"]}}],"collection":[{"href":"http:\/\/boisleroijumelage.fr\/index.php\/wp-json\/wp\/v2\/pages"}],"about":[{"href":"http:\/\/boisleroijumelage.fr\/index.php\/wp-json\/wp\/v2\/types\/page"}],"author":[{"embeddable":true,"href":"http:\/\/boisleroijumelage.fr\/index.php\/wp-json\/wp\/v2\/users\/1"}],"replies":[{"embeddable":true,"href":"http:\/\/boisleroijumelage.fr\/index.php\/wp-json\/wp\/v2\/comments?post=1037"}],"version-history":[{"count":3,"href":"http:\/\/boisleroijumelage.fr\/index.php\/wp-json\/wp\/v2\/pages\/1037\/revisions"}],"predecessor-version":[{"id":2146,"href":"http:\/\/boisleroijumelage.fr\/index.php\/wp-json\/wp\/v2\/pages\/1037\/revisions\/2146"}],"up":[{"embeddable":true,"href":"http:\/\/boisleroijumelage.fr\/index.php\/wp-json\/wp\/v2\/pages\/415"}],"wp:attachment":[{"href":"http:\/\/boisleroijumelage.fr\/index.php\/wp-json\/wp\/v2\/media?parent=1037"}],"curies":[{"name":"wp","href":"https:\/\/api.w.org\/{rel}","templated":true}]}}