{"id":1045,"date":"2015-09-17T19:26:51","date_gmt":"2015-09-17T17:26:51","guid":{"rendered":"http:\/\/boisleroijumelage.olympe.in\/?page_id=1045"},"modified":"2016-03-10T20:03:02","modified_gmt":"2016-03-10T19:03:02","slug":"ferienjobs-2014","status":"publish","type":"page","link":"http:\/\/boisleroijumelage.fr\/index.php\/activites\/annuelles\/activites-2014\/ferienjobs-2014\/","title":{"rendered":"Ferienjobs 2014"},"content":{"rendered":"<p><a title=\"Ferienjobs\" href=\"http:\/\/boisleroijumelage.fr\/index.php\/activites\/recurrentes\/ferienjobs\/\">Cliquez ici pour d\u00e9couvrir le principe des Ferienjobs !<\/a><\/p>\n<p>D\u00e9couvrez le t\u00e9moignage des jeunes de cette ann\u00e9e :<\/p>\n<p>&#8211;\u00a0<a href=\"\/wp-content\/uploads\/2015\/09\/T\u00e9moignage-de-Louis-Logerais.docx\">Louis<\/a>, au bauhof de Langenargen<\/p>\n<p>&#8211;\u00a0<a href=\"\/wp-content\/uploads\/2015\/09\/T\u00e9moignage-de-Cl\u00e9ment-Counihl.docx\">Cl\u00e9ment,<\/a>\u00a0au bauhof de Langenargen<\/p>\n<p>&#8211; <a href=\"\/wp-content\/uploads\/2015\/09\/T\u00e9moignage-dEstelle-Van-Praet.docx\">Estelle<\/a>, au Kindergarten de Langenargen<\/p>\n","protected":false},"excerpt":{"rendered":"<p>Cliquez ici pour d\u00e9couvrir le principe des Ferienjobs ! D\u00e9couvrez le t\u00e9moignage des jeunes de cette ann\u00e9e : &#8211;\u00a0Louis, au bauhof de Langenargen &#8211;\u00a0Cl\u00e9ment,\u00a0au bauhof de Langenargen &#8211; Estelle, au Kindergarten de Langenargen<\/p>\n","protected":false},"author":1,"featured_media":0,"parent":415,"menu_order":0,"comment_status":"closed","ping_status":"open","template":"","meta":{"_kadence_starter_templates_imported_post":false,"_kad_post_transparent":"","_kad_post_title":"","_kad_post_layout":"","_kad_post_sidebar_id":"","_kad_post_content_style":"","_kad_post_vertical_padding":"","_kad_post_feature":"","_kad_post_feature_position":"","_kad_post_header":false,"_kad_post_footer":false,"_kad_post_classname":"","footnotes":""},"class_list":["post-1045","page","type-page","status-publish","hentry"],"_links":{"self":[{"href":"http:\/\/boisleroijumelage.fr\/index.php\/wp-json\/wp\/v2\/pages\/1045","targetHints":{"allow":["GET"]}}],"collection":[{"href":"http:\/\/boisleroijumelage.fr\/index.php\/wp-json\/wp\/v2\/pages"}],"about":[{"href":"http:\/\/boisleroijumelage.fr\/index.php\/wp-json\/wp\/v2\/types\/page"}],"author":[{"embeddable":true,"href":"http:\/\/boisleroijumelage.fr\/index.php\/wp-json\/wp\/v2\/users\/1"}],"replies":[{"embeddable":true,"href":"http:\/\/boisleroijumelage.fr\/index.php\/wp-json\/wp\/v2\/comments?post=1045"}],"version-history":[{"count":1,"href":"http:\/\/boisleroijumelage.fr\/index.php\/wp-json\/wp\/v2\/pages\/1045\/revisions"}],"predecessor-version":[{"id":1583,"href":"http:\/\/boisleroijumelage.fr\/index.php\/wp-json\/wp\/v2\/pages\/1045\/revisions\/1583"}],"up":[{"embeddable":true,"href":"http:\/\/boisleroijumelage.fr\/index.php\/wp-json\/wp\/v2\/pages\/415"}],"wp:attachment":[{"href":"http:\/\/boisleroijumelage.fr\/index.php\/wp-json\/wp\/v2\/media?parent=1045"}],"curies":[{"name":"wp","href":"https:\/\/api.w.org\/{rel}","templated":true}]}}