{"id":1155,"date":"2016-02-01T11:25:48","date_gmt":"2016-02-01T10:25:48","guid":{"rendered":"http:\/\/boisleroijumelage.olympe.in\/?page_id=1155"},"modified":"2017-01-03T22:37:01","modified_gmt":"2017-01-03T21:37:01","slug":"programme-2016","status":"publish","type":"page","link":"http:\/\/boisleroijumelage.fr\/index.php\/activites\/annuelles\/programme-2016\/","title":{"rendered":"Programme 2016"},"content":{"rendered":"<table style=\"vertical-align: middle; height: 555px;\" width=\"738\">\n<tbody>\n<tr>\n<td width=\"158\">13 f\u00e9vrier<\/td>\n<td width=\"369\"><strong><a title=\"Stammtisch d\u2019hiver (2016)\" href=\"http:\/\/boisleroijumelage.fr\/index.php\/activites\/annuelles\/programme-2016\/stammtisch-dhiver-2016\/\">Stammtisch d&rsquo;hiver \u00ab\u00a0Saint Valentin\u00a0\u00bb<br \/>\n<\/a><\/strong><em>Ouvert \u00e0 tous &#8211; sur inscription<\/em><\/td>\n<td width=\"170\"><em>Caf\u00e9 de la Gare, Bois le Roi<\/em><\/td>\n<\/tr>\n<tr>\n<td width=\"158\">4 &#8211; 6 mars<\/td>\n<td width=\"369\"><strong><a href=\"http:\/\/boisleroijumelage.fr\/index.php\/activites\/annuelles\/programme-2016\/ca-franco-allemand-a-colmar-2016\">Rencontre franco-allemande annuelle des deux Conseils d\u2019Administration<\/a><\/strong><\/td>\n<td width=\"170\"><em>Colmar, France<\/em><\/td>\n<\/tr>\n<tr>\n<td width=\"158\">12 mars<\/td>\n<td width=\"369\"><strong><a href=\"http:\/\/boisleroijumelage.fr\/index.php\/activites\/annuelles\/programme-2016\/assemblee-generale-2016\/\">Assembl\u00e9e G\u00e9n\u00e9rale<\/a><\/strong><br \/>\n<em>Suivie du repas annuel<\/em><\/td>\n<td width=\"170\"><em>18h00 &#8211; Salle du Clos St P\u00e8re, Bois le Roi<\/em><\/td>\n<\/tr>\n<tr>\n<td width=\"158\">21 &amp; 22 mai<\/td>\n<td width=\"369\"><strong><a href=\"http:\/\/boisleroijumelage.fr\/index.php\/activites\/annuelles\/programme-2016\/5e-edition-du-festival-of-europe-2016\/\">Festival of Europe \u2013 Edition n\u00b05<\/a><\/strong><br \/>\n<em>Th\u00e8me\u00a0: Bien \u00eatre et bien vivre ensemble<\/em><\/td>\n<td width=\"170\"><em>Base de Loisirs,<br \/>\nBois le Roi<\/em><\/td>\n<\/tr>\n<tr>\n<td width=\"158\">4 juin<\/td>\n<td width=\"369\"><strong><a href=\"http:\/\/boisleroijumelage.fr\/index.php\/activites\/annuelles\/programme-2016\/kaffeekranz-n7-2016\/\">Kaffeekranz n\u00b07 \u00ab\u00a0La litt\u00e9rature allemande\u00a0\u00bb<\/a><\/strong><br \/>\n<em>Pr\u00e9sent\u00e9 par Aur\u00e9lien Cochet &#8211; Ouvert \u00e0 tous<\/em><\/td>\n<td width=\"170\"><em>15h &#8211; Salle du Clos St P\u00e8re, Bois le Roi<\/em><\/td>\n<\/tr>\n<tr>\n<td width=\"158\">11 -22 juillet \/\u00a08-20 ao\u00fbt<\/td>\n<td width=\"369\"><strong><a href=\"http:\/\/boisleroijumelage.fr\/index.php\/activites\/annuelles\/programme-2016\/ferienjobs-2016\/\">Ferienjob \u00e0 Langenargen \/ \u00e0 Bois le Roi<\/a><\/strong><br \/>\n<em>4 jeunes fran\u00e7ais \/ 1 jeune allemand<\/em><\/td>\n<td width=\"170\"><em>Langenargen \/ Bois le Roi<\/em><\/td>\n<\/tr>\n<tr>\n<td width=\"158\">29 juillet &#8211; 1 ao\u00fbt<\/td>\n<td width=\"369\"><strong><a href=\"http:\/\/boisleroijumelage.fr\/index.php\/activites\/annuelles\/programme-2016\/uferfest-2016\/\">Uferfest \u00e0 Langenargen<\/a><\/strong><br \/>\n<em>Les bacots sont invit\u00e9s \u00e0 Langenargen<\/em><\/td>\n<td width=\"170\"><em>Langenargen<\/em><\/td>\n<\/tr>\n<tr>\n<td width=\"158\">2 &#8211; 9 ao\u00fbt<\/td>\n<td width=\"369\"><strong><a href=\"http:\/\/boisleroijumelage.fr\/index.php\/activites\/annuelles\/programme-2016\/semaine-des-jeunes-2016\/\">Semaine des jeunes\u00a0<\/a><\/strong><br \/>\n<em>Allemands et Fran\u00e7ais de 12 \u00e0 16 ans<\/em><\/td>\n<td width=\"170\"><em>Hirschau, Autriche<\/em><\/td>\n<\/tr>\n<tr>\n<td width=\"158\">22 &#8211; 28 ao\u00fbt<\/td>\n<td width=\"369\"><strong><a href=\"http:\/\/boisleroijumelage.fr\/index.php\/activites\/annuelles\/programme-2016\/sejour-a-munich-2016\/\">S\u00e9jour \u00e0 Munich<\/a><\/strong><br \/>\n<em>25\u00a0fran\u00e7ais<\/em><\/td>\n<td width=\"170\"><em>Munich, Allemagne<\/em><\/td>\n<\/tr>\n<tr>\n<td width=\"158\">4 \u2013 10<br \/>\nseptembre<\/td>\n<td width=\"369\"><strong><a href=\"http:\/\/boisleroijumelage.fr\/index.php\/activites\/annuelles\/programme-2016\/tour-a-velo-2016\/\">Tour \u00e0 v\u00e9lo<\/a><\/strong><br \/>\n<em>20 allemands et fran\u00e7ais<\/em><\/td>\n<td width=\"170\"><em>Hy\u00e8res, France<\/em><\/td>\n<\/tr>\n<tr>\n<td width=\"158\">20 &#8211; 23 octobre<\/td>\n<td width=\"369\"><strong><a href=\"http:\/\/boisleroijumelage.fr\/index.php\/activites\/annuelles\/programme-2016\/25eme-anniversaire-a-langenargen-2016\/\">25 ans du jumelage \u00e0 Langenargen<\/a><\/strong><br \/>\n<em>Bus de 50 fran\u00e7ais<\/em><\/td>\n<td width=\"170\"><em>Langenargen<\/em><\/td>\n<\/tr>\n<tr>\n<td width=\"158\">19 novembre<\/td>\n<td width=\"369\"><a href=\"http:\/\/boisleroijumelage.fr\/index.php\/activites\/annuelles\/programme-2016\/kaffeekranz-n8-2016\/\"><strong>Kaffeekranz n\u00b08 \u00ab\u00a0Les prisonniers de guerre\u00a0\u00bb<\/strong><\/a><br \/>\n<em>pr\u00e9sent\u00e9 par Etienne L\u00e9vy \u2013 Ouvert \u00e0 tous<\/em><\/td>\n<td width=\"170\"><em>Bois le Roi<\/em><\/td>\n<\/tr>\n<\/tbody>\n<\/table>\n<p>&nbsp;<\/p>\n","protected":false},"excerpt":{"rendered":"<p>13 f\u00e9vrier Stammtisch d&rsquo;hiver \u00ab\u00a0Saint Valentin\u00a0\u00bb Ouvert \u00e0 tous &#8211; sur inscription Caf\u00e9 de la Gare, Bois le Roi 4 &#8211; 6 mars Rencontre franco-allemande annuelle des deux Conseils d\u2019Administration Colmar, France 12 mars Assembl\u00e9e G\u00e9n\u00e9rale Suivie du repas annuel 18h00 &#8211; Salle du Clos St P\u00e8re, Bois le Roi 21 &amp; 22 mai Festival&#8230;<\/p>\n","protected":false},"author":1,"featured_media":0,"parent":197,"menu_order":80,"comment_status":"closed","ping_status":"closed","template":"","meta":{"_kadence_starter_templates_imported_post":false,"_kad_post_transparent":"","_kad_post_title":"","_kad_post_layout":"","_kad_post_sidebar_id":"","_kad_post_content_style":"","_kad_post_vertical_padding":"","_kad_post_feature":"","_kad_post_feature_position":"","_kad_post_header":false,"_kad_post_footer":false,"_kad_post_classname":"","footnotes":""},"class_list":["post-1155","page","type-page","status-publish","hentry"],"_links":{"self":[{"href":"http:\/\/boisleroijumelage.fr\/index.php\/wp-json\/wp\/v2\/pages\/1155","targetHints":{"allow":["GET"]}}],"collection":[{"href":"http:\/\/boisleroijumelage.fr\/index.php\/wp-json\/wp\/v2\/pages"}],"about":[{"href":"http:\/\/boisleroijumelage.fr\/index.php\/wp-json\/wp\/v2\/types\/page"}],"author":[{"embeddable":true,"href":"http:\/\/boisleroijumelage.fr\/index.php\/wp-json\/wp\/v2\/users\/1"}],"replies":[{"embeddable":true,"href":"http:\/\/boisleroijumelage.fr\/index.php\/wp-json\/wp\/v2\/comments?post=1155"}],"version-history":[{"count":19,"href":"http:\/\/boisleroijumelage.fr\/index.php\/wp-json\/wp\/v2\/pages\/1155\/revisions"}],"predecessor-version":[{"id":2710,"href":"http:\/\/boisleroijumelage.fr\/index.php\/wp-json\/wp\/v2\/pages\/1155\/revisions\/2710"}],"up":[{"embeddable":true,"href":"http:\/\/boisleroijumelage.fr\/index.php\/wp-json\/wp\/v2\/pages\/197"}],"wp:attachment":[{"href":"http:\/\/boisleroijumelage.fr\/index.php\/wp-json\/wp\/v2\/media?parent=1155"}],"curies":[{"name":"wp","href":"https:\/\/api.w.org\/{rel}","templated":true}]}}