{"id":1172,"date":"2016-02-10T10:34:29","date_gmt":"2016-02-10T09:34:29","guid":{"rendered":"http:\/\/boisleroijumelage.olympe.in\/?page_id=1172"},"modified":"2016-09-12T13:11:16","modified_gmt":"2016-09-12T12:11:16","slug":"semaine-des-jeunes-2012","status":"publish","type":"page","link":"http:\/\/boisleroijumelage.fr\/index.php\/activites\/annuelles\/activites-2012\/semaine-des-jeunes-2012\/","title":{"rendered":"Semaine des jeunes 2012"},"content":{"rendered":"<p><a href=\"\/wp-content\/uploads\/2016\/02\/semaine-jeune-2012.jpg\"><img loading=\"lazy\" decoding=\"async\" class=\"alignright wp-image-1175\" src=\"http:\/\/boisleroijumelage.fr\/wp-content\/uploads\/2016\/02\/semaine-jeune-2012.jpg\" alt=\"[cml_media_alt id='1175']semaine jeune 2012[\/cml_media_alt]\" width=\"450\" height=\"299\" \/><\/a>Nos 20 jeunes fran\u00e7ais et allemands se sont retrouv\u00e9s cette ann\u00e9e \u00e0 Langenargen sur le th\u00e8me de l&rsquo;eau du 27 juillet au 4 ao\u00fbt.<\/p>\n<p>D\u00e9couvrez vite le <a href=\"\/wp-content\/uploads\/2016\/02\/Programm-Jugendtreffen-LA_2012.doc\">programme<\/a>\u00a0des activit\u00e9s.<\/p>\n<p>Retrouvez plus de photos <a href=\"https:\/\/www.facebook.com\/media\/set\/?set=a.288313107935104.51906.288305774602504&amp;type=3\" target=\"_blank\">ici <\/a>!<\/p>\n","protected":false},"excerpt":{"rendered":"<p>Nos 20 jeunes fran\u00e7ais et allemands se sont retrouv\u00e9s cette ann\u00e9e \u00e0 Langenargen sur le th\u00e8me de l&rsquo;eau du 27 juillet au 4 ao\u00fbt. D\u00e9couvrez vite le programme\u00a0des activit\u00e9s. Retrouvez plus de photos ici !<\/p>\n","protected":false},"author":1,"featured_media":0,"parent":411,"menu_order":0,"comment_status":"closed","ping_status":"open","template":"","meta":{"_kadence_starter_templates_imported_post":false,"_kad_post_transparent":"","_kad_post_title":"","_kad_post_layout":"","_kad_post_sidebar_id":"","_kad_post_content_style":"","_kad_post_vertical_padding":"","_kad_post_feature":"","_kad_post_feature_position":"","_kad_post_header":false,"_kad_post_footer":false,"_kad_post_classname":"","footnotes":""},"class_list":["post-1172","page","type-page","status-publish","hentry"],"_links":{"self":[{"href":"http:\/\/boisleroijumelage.fr\/index.php\/wp-json\/wp\/v2\/pages\/1172","targetHints":{"allow":["GET"]}}],"collection":[{"href":"http:\/\/boisleroijumelage.fr\/index.php\/wp-json\/wp\/v2\/pages"}],"about":[{"href":"http:\/\/boisleroijumelage.fr\/index.php\/wp-json\/wp\/v2\/types\/page"}],"author":[{"embeddable":true,"href":"http:\/\/boisleroijumelage.fr\/index.php\/wp-json\/wp\/v2\/users\/1"}],"replies":[{"embeddable":true,"href":"http:\/\/boisleroijumelage.fr\/index.php\/wp-json\/wp\/v2\/comments?post=1172"}],"version-history":[{"count":4,"href":"http:\/\/boisleroijumelage.fr\/index.php\/wp-json\/wp\/v2\/pages\/1172\/revisions"}],"predecessor-version":[{"id":2209,"href":"http:\/\/boisleroijumelage.fr\/index.php\/wp-json\/wp\/v2\/pages\/1172\/revisions\/2209"}],"up":[{"embeddable":true,"href":"http:\/\/boisleroijumelage.fr\/index.php\/wp-json\/wp\/v2\/pages\/411"}],"wp:attachment":[{"href":"http:\/\/boisleroijumelage.fr\/index.php\/wp-json\/wp\/v2\/media?parent=1172"}],"curies":[{"name":"wp","href":"https:\/\/api.w.org\/{rel}","templated":true}]}}