{"id":1180,"date":"2016-02-10T10:51:41","date_gmt":"2016-02-10T09:51:41","guid":{"rendered":"http:\/\/boisleroijumelage.olympe.in\/?page_id=1180"},"modified":"2016-09-12T13:10:15","modified_gmt":"2016-09-12T12:10:15","slug":"festival-of-europe-2012","status":"publish","type":"page","link":"http:\/\/boisleroijumelage.fr\/index.php\/activites\/annuelles\/activites-2012\/festival-of-europe-2012\/","title":{"rendered":"Festival of Europe 2012"},"content":{"rendered":"<p><img loading=\"lazy\" decoding=\"async\" class=\"wp-image-1181 alignright\" src=\"http:\/\/boisleroijumelage.fr\/wp-content\/uploads\/2016\/02\/122977_282047588541004_1663276907_n.jpg\" alt=\"[cml_media_alt id='1181']122977_282047588541004_1663276907_n[\/cml_media_alt]\" width=\"450\" height=\"318\" \/>Le jumelage a particip\u00e9 au Festival of Europe \u00e0 Fontainebleau les 12 &amp; 13 mai dernier. Cette \u00e9v\u00e9nement, organis\u00e9 par Colors of Europe, a r\u00e9uni tous ceux qui le voulaient pour danser, chanter, faire du sport, d\u00e9battre, se documenter, et mieux comprendre ce qu&rsquo;est l&rsquo;Europe aujourd&rsquo;hui !<\/p>\n<p>Bois le Roi jumelage a tenu un stand sur ces deux jours, afin de renseigner tous ceux qui le voulaient sur nos diff\u00e9rentes activit\u00e9s, sur notre ville jumelle, et sur l&rsquo;allemagne en g\u00e9n\u00e9ral :)<\/p>\n<p>Plus d&rsquo;info et de photos sur le<a href=\"http:\/\/www.festivalofeurope.org\/dossiers\/dossier_3_festival+of+europe.html\" target=\"_blank\"> site officiel du festival<\/a>\u00a0!<\/p>\n","protected":false},"excerpt":{"rendered":"<p>Le jumelage a particip\u00e9 au Festival of Europe \u00e0 Fontainebleau les 12 &amp; 13 mai dernier. Cette \u00e9v\u00e9nement, organis\u00e9 par Colors of Europe, a r\u00e9uni tous ceux qui le voulaient pour danser, chanter, faire du sport, d\u00e9battre, se documenter, et mieux comprendre ce qu&rsquo;est l&rsquo;Europe aujourd&rsquo;hui ! Bois le Roi jumelage a tenu un stand&#8230;<\/p>\n","protected":false},"author":1,"featured_media":0,"parent":411,"menu_order":0,"comment_status":"closed","ping_status":"open","template":"","meta":{"_kadence_starter_templates_imported_post":false,"_kad_post_transparent":"","_kad_post_title":"","_kad_post_layout":"","_kad_post_sidebar_id":"","_kad_post_content_style":"","_kad_post_vertical_padding":"","_kad_post_feature":"","_kad_post_feature_position":"","_kad_post_header":false,"_kad_post_footer":false,"_kad_post_classname":"","footnotes":""},"class_list":["post-1180","page","type-page","status-publish","hentry"],"_links":{"self":[{"href":"http:\/\/boisleroijumelage.fr\/index.php\/wp-json\/wp\/v2\/pages\/1180","targetHints":{"allow":["GET"]}}],"collection":[{"href":"http:\/\/boisleroijumelage.fr\/index.php\/wp-json\/wp\/v2\/pages"}],"about":[{"href":"http:\/\/boisleroijumelage.fr\/index.php\/wp-json\/wp\/v2\/types\/page"}],"author":[{"embeddable":true,"href":"http:\/\/boisleroijumelage.fr\/index.php\/wp-json\/wp\/v2\/users\/1"}],"replies":[{"embeddable":true,"href":"http:\/\/boisleroijumelage.fr\/index.php\/wp-json\/wp\/v2\/comments?post=1180"}],"version-history":[{"count":1,"href":"http:\/\/boisleroijumelage.fr\/index.php\/wp-json\/wp\/v2\/pages\/1180\/revisions"}],"predecessor-version":[{"id":2196,"href":"http:\/\/boisleroijumelage.fr\/index.php\/wp-json\/wp\/v2\/pages\/1180\/revisions\/2196"}],"up":[{"embeddable":true,"href":"http:\/\/boisleroijumelage.fr\/index.php\/wp-json\/wp\/v2\/pages\/411"}],"wp:attachment":[{"href":"http:\/\/boisleroijumelage.fr\/index.php\/wp-json\/wp\/v2\/media?parent=1180"}],"curies":[{"name":"wp","href":"https:\/\/api.w.org\/{rel}","templated":true}]}}