{"id":1187,"date":"2016-02-10T11:22:11","date_gmt":"2016-02-10T10:22:11","guid":{"rendered":"http:\/\/boisleroijumelage.olympe.in\/?page_id=1187"},"modified":"2016-09-12T13:11:01","modified_gmt":"2016-09-12T12:11:01","slug":"uferfest-2012","status":"publish","type":"page","link":"http:\/\/boisleroijumelage.fr\/index.php\/activites\/annuelles\/activites-2012\/uferfest-2012\/","title":{"rendered":"Uferfest 2012"},"content":{"rendered":"<p>Cette ann\u00e9e encore, l&rsquo;Uferfest a rassembl\u00e9 les habitants de Langenargen et les\u00a0fran\u00e7ais qui s&rsquo;\u00e9taient d\u00e9plac\u00e9s l\u00e0-bas pour l&rsquo;occasion !<\/p>\n<p><img loading=\"lazy\" decoding=\"async\" class=\"alignleft wp-image-1191\" src=\"http:\/\/boisleroijumelage.fr\/wp-content\/uploads\/2016\/02\/IMG_0623.jpg\" alt=\"[cml_media_alt id='1191']IMG_0623[\/cml_media_alt]\" width=\"350\" height=\"263\" \/><\/p>\n<p><img loading=\"lazy\" decoding=\"async\" class=\"alignright wp-image-1188\" src=\"http:\/\/boisleroijumelage.fr\/wp-content\/uploads\/2016\/02\/IMG_0465.jpg\" alt=\"[cml_media_alt id='1188']IMG_0465[\/cml_media_alt]\" width=\"350\" height=\"263\" \/><\/p>\n<p>&nbsp;<\/p>\n<p>&nbsp;<\/p>\n<p>&nbsp;<\/p>\n<p>&nbsp;<\/p>\n<p>&nbsp;<\/p>\n<p>&nbsp;<\/p>\n<p>&nbsp;<\/p>\n<p>&nbsp;<\/p>\n<p>&nbsp;<\/p>\n<p><img loading=\"lazy\" decoding=\"async\" class=\"alignleft wp-image-1190\" src=\"http:\/\/boisleroijumelage.fr\/wp-content\/uploads\/2016\/02\/IMG_0625.jpg\" alt=\"[cml_media_alt id='1190']IMG_0625[\/cml_media_alt]\" width=\"350\" height=\"263\" \/><\/p>\n<p><img loading=\"lazy\" decoding=\"async\" class=\"alignright wp-image-1189\" src=\"http:\/\/boisleroijumelage.fr\/wp-content\/uploads\/2016\/02\/IMG_0614.jpg\" alt=\"[cml_media_alt id='1189']IMG_0614[\/cml_media_alt]\" width=\"350\" height=\"263\" \/><\/p>\n<p>&nbsp;<\/p>\n<p>&nbsp;<\/p>\n<p>&nbsp;<\/p>\n<p>&nbsp;<\/p>\n<p>&nbsp;<\/p>\n<p>&nbsp;<\/p>\n<p>&nbsp;<\/p>\n","protected":false},"excerpt":{"rendered":"<p>Cette ann\u00e9e encore, l&rsquo;Uferfest a rassembl\u00e9 les habitants de Langenargen et les\u00a0fran\u00e7ais qui s&rsquo;\u00e9taient d\u00e9plac\u00e9s l\u00e0-bas pour l&rsquo;occasion ! &nbsp; &nbsp; &nbsp; &nbsp; &nbsp; &nbsp; &nbsp; &nbsp; &nbsp; &nbsp; &nbsp; &nbsp; &nbsp; &nbsp; &nbsp; &nbsp;<\/p>\n","protected":false},"author":1,"featured_media":0,"parent":411,"menu_order":0,"comment_status":"closed","ping_status":"open","template":"","meta":{"_kadence_starter_templates_imported_post":false,"_kad_post_transparent":"","_kad_post_title":"","_kad_post_layout":"","_kad_post_sidebar_id":"","_kad_post_content_style":"","_kad_post_vertical_padding":"","_kad_post_feature":"","_kad_post_feature_position":"","_kad_post_header":false,"_kad_post_footer":false,"_kad_post_classname":"","footnotes":""},"class_list":["post-1187","page","type-page","status-publish","hentry"],"_links":{"self":[{"href":"http:\/\/boisleroijumelage.fr\/index.php\/wp-json\/wp\/v2\/pages\/1187","targetHints":{"allow":["GET"]}}],"collection":[{"href":"http:\/\/boisleroijumelage.fr\/index.php\/wp-json\/wp\/v2\/pages"}],"about":[{"href":"http:\/\/boisleroijumelage.fr\/index.php\/wp-json\/wp\/v2\/types\/page"}],"author":[{"embeddable":true,"href":"http:\/\/boisleroijumelage.fr\/index.php\/wp-json\/wp\/v2\/users\/1"}],"replies":[{"embeddable":true,"href":"http:\/\/boisleroijumelage.fr\/index.php\/wp-json\/wp\/v2\/comments?post=1187"}],"version-history":[{"count":2,"href":"http:\/\/boisleroijumelage.fr\/index.php\/wp-json\/wp\/v2\/pages\/1187\/revisions"}],"predecessor-version":[{"id":2203,"href":"http:\/\/boisleroijumelage.fr\/index.php\/wp-json\/wp\/v2\/pages\/1187\/revisions\/2203"}],"up":[{"embeddable":true,"href":"http:\/\/boisleroijumelage.fr\/index.php\/wp-json\/wp\/v2\/pages\/411"}],"wp:attachment":[{"href":"http:\/\/boisleroijumelage.fr\/index.php\/wp-json\/wp\/v2\/media?parent=1187"}],"curies":[{"name":"wp","href":"https:\/\/api.w.org\/{rel}","templated":true}]}}