{"id":1212,"date":"2016-02-10T13:34:48","date_gmt":"2016-02-10T12:34:48","guid":{"rendered":"http:\/\/boisleroijumelage.olympe.in\/?page_id=1212"},"modified":"2016-09-12T13:14:05","modified_gmt":"2016-09-12T12:14:05","slug":"sommet-ca-franco-allemand-2013","status":"publish","type":"page","link":"http:\/\/boisleroijumelage.fr\/index.php\/activites\/annuelles\/activites-2013\/sommet-ca-franco-allemand-2013\/","title":{"rendered":"Sommet CA Franco-Allemand 2013"},"content":{"rendered":"<p>Les membres des CA fran\u00e7ais et allemand se sont r\u00e9unis cette ann\u00e9e \u00e0 Baden Baden pour pr\u00e9parer les projets 2013.<\/p>\n<p><a href=\"\/wp-content\/uploads\/2016\/02\/DSC_0012.jpg\"><img loading=\"lazy\" decoding=\"async\" class=\"alignleft wp-image-1213\" src=\"http:\/\/boisleroijumelage.fr\/wp-content\/uploads\/2016\/02\/DSC_0012.jpg\" alt=\"[cml_media_alt id='1213']DSC_0012[\/cml_media_alt]\" width=\"350\" height=\"232\" \/><\/a><\/p>\n<p>&nbsp;<\/p>\n<p><img loading=\"lazy\" decoding=\"async\" class=\"wp-image-1214 alignright\" src=\"http:\/\/boisleroijumelage.fr\/wp-content\/uploads\/2016\/02\/IMG_1965.jpg\" alt=\"[cml_media_alt id='1214']IMG_1965[\/cml_media_alt]\" width=\"350\" height=\"212\" \/><\/p>\n<p>&nbsp;<\/p>\n<p>&nbsp;<\/p>\n<p>&nbsp;<\/p>\n<p>&nbsp;<\/p>\n<p>&nbsp;<\/p>\n<p>&nbsp;<\/p>\n<p>&nbsp;<\/p>\n<p><a href=\"\/wp-content\/uploads\/2016\/02\/IMG_1965.jpg\"><img loading=\"lazy\" decoding=\"async\" class=\"alignleft wp-image-1216\" src=\"http:\/\/boisleroijumelage.fr\/wp-content\/uploads\/2016\/02\/P1010021.jpg\" alt=\"[cml_media_alt id='1216']P1010021[\/cml_media_alt]\" width=\"350\" height=\"274\" \/><\/a><\/p>\n<p>&nbsp;<\/p>\n<p>&nbsp;<\/p>\n<p>&nbsp;<\/p>\n<p>&nbsp;<\/p>\n<p>&nbsp;<\/p>\n<p>&nbsp;<\/p>\n<p>&nbsp;<\/p>\n","protected":false},"excerpt":{"rendered":"<p>Les membres des CA fran\u00e7ais et allemand se sont r\u00e9unis cette ann\u00e9e \u00e0 Baden Baden pour pr\u00e9parer les projets 2013. &nbsp; &nbsp; &nbsp; &nbsp; &nbsp; &nbsp; &nbsp; &nbsp; &nbsp; &nbsp; &nbsp; &nbsp; &nbsp; &nbsp; &nbsp;<\/p>\n","protected":false},"author":1,"featured_media":0,"parent":413,"menu_order":0,"comment_status":"closed","ping_status":"open","template":"","meta":{"_kadence_starter_templates_imported_post":false,"_kad_post_transparent":"","_kad_post_title":"","_kad_post_layout":"","_kad_post_sidebar_id":"","_kad_post_content_style":"","_kad_post_vertical_padding":"","_kad_post_feature":"","_kad_post_feature_position":"","_kad_post_header":false,"_kad_post_footer":false,"_kad_post_classname":"","footnotes":""},"class_list":["post-1212","page","type-page","status-publish","hentry"],"_links":{"self":[{"href":"http:\/\/boisleroijumelage.fr\/index.php\/wp-json\/wp\/v2\/pages\/1212","targetHints":{"allow":["GET"]}}],"collection":[{"href":"http:\/\/boisleroijumelage.fr\/index.php\/wp-json\/wp\/v2\/pages"}],"about":[{"href":"http:\/\/boisleroijumelage.fr\/index.php\/wp-json\/wp\/v2\/types\/page"}],"author":[{"embeddable":true,"href":"http:\/\/boisleroijumelage.fr\/index.php\/wp-json\/wp\/v2\/users\/1"}],"replies":[{"embeddable":true,"href":"http:\/\/boisleroijumelage.fr\/index.php\/wp-json\/wp\/v2\/comments?post=1212"}],"version-history":[{"count":3,"href":"http:\/\/boisleroijumelage.fr\/index.php\/wp-json\/wp\/v2\/pages\/1212\/revisions"}],"predecessor-version":[{"id":2211,"href":"http:\/\/boisleroijumelage.fr\/index.php\/wp-json\/wp\/v2\/pages\/1212\/revisions\/2211"}],"up":[{"embeddable":true,"href":"http:\/\/boisleroijumelage.fr\/index.php\/wp-json\/wp\/v2\/pages\/413"}],"wp:attachment":[{"href":"http:\/\/boisleroijumelage.fr\/index.php\/wp-json\/wp\/v2\/media?parent=1212"}],"curies":[{"name":"wp","href":"https:\/\/api.w.org\/{rel}","templated":true}]}}