{"id":1220,"date":"2016-02-10T16:49:39","date_gmt":"2016-02-10T15:49:39","guid":{"rendered":"http:\/\/boisleroijumelage.olympe.in\/?page_id=1220"},"modified":"2016-03-10T20:09:37","modified_gmt":"2016-03-10T19:09:37","slug":"kaffeekranz-n5-2014","status":"publish","type":"page","link":"http:\/\/boisleroijumelage.fr\/index.php\/activites\/annuelles\/activites-2014\/kaffeekranz-n5-2014\/","title":{"rendered":"Kaffeekranz n\u00b05 (2014)"},"content":{"rendered":"<p>Le 22 novembre, Sylvie et Magalie BRISSE nous ont pr\u00e9sent\u00e9 un Kaffeekranz sur le carnaval allemand dans le sud de l&rsquo;Allemagne.<\/p>\n<p><a href=\"\/wp-content\/uploads\/2016\/02\/Le-carnaval-de-A-\u00e0-Z-def.pdf\" target=\"_blank\">Revoir la pr\u00e9sentation \u00ab\u00a0Le carnaval de A \u00e0 Z\u00a0\u00bb<\/a><\/p>\n","protected":false},"excerpt":{"rendered":"<p>Le 22 novembre, Sylvie et Magalie BRISSE nous ont pr\u00e9sent\u00e9 un Kaffeekranz sur le carnaval allemand dans le sud de l&rsquo;Allemagne. Revoir la pr\u00e9sentation \u00ab\u00a0Le carnaval de A \u00e0 Z\u00a0\u00bb<\/p>\n","protected":false},"author":1,"featured_media":0,"parent":415,"menu_order":0,"comment_status":"closed","ping_status":"open","template":"","meta":{"_kadence_starter_templates_imported_post":false,"_kad_post_transparent":"","_kad_post_title":"","_kad_post_layout":"","_kad_post_sidebar_id":"","_kad_post_content_style":"","_kad_post_vertical_padding":"","_kad_post_feature":"","_kad_post_feature_position":"","_kad_post_header":false,"_kad_post_footer":false,"_kad_post_classname":"","footnotes":""},"class_list":["post-1220","page","type-page","status-publish","hentry"],"_links":{"self":[{"href":"http:\/\/boisleroijumelage.fr\/index.php\/wp-json\/wp\/v2\/pages\/1220","targetHints":{"allow":["GET"]}}],"collection":[{"href":"http:\/\/boisleroijumelage.fr\/index.php\/wp-json\/wp\/v2\/pages"}],"about":[{"href":"http:\/\/boisleroijumelage.fr\/index.php\/wp-json\/wp\/v2\/types\/page"}],"author":[{"embeddable":true,"href":"http:\/\/boisleroijumelage.fr\/index.php\/wp-json\/wp\/v2\/users\/1"}],"replies":[{"embeddable":true,"href":"http:\/\/boisleroijumelage.fr\/index.php\/wp-json\/wp\/v2\/comments?post=1220"}],"version-history":[{"count":2,"href":"http:\/\/boisleroijumelage.fr\/index.php\/wp-json\/wp\/v2\/pages\/1220\/revisions"}],"predecessor-version":[{"id":1585,"href":"http:\/\/boisleroijumelage.fr\/index.php\/wp-json\/wp\/v2\/pages\/1220\/revisions\/1585"}],"up":[{"embeddable":true,"href":"http:\/\/boisleroijumelage.fr\/index.php\/wp-json\/wp\/v2\/pages\/415"}],"wp:attachment":[{"href":"http:\/\/boisleroijumelage.fr\/index.php\/wp-json\/wp\/v2\/media?parent=1220"}],"curies":[{"name":"wp","href":"https:\/\/api.w.org\/{rel}","templated":true}]}}