{"id":1225,"date":"2016-02-10T17:05:59","date_gmt":"2016-02-10T16:05:59","guid":{"rendered":"http:\/\/boisleroijumelage.olympe.in\/?page_id=1225"},"modified":"2016-02-10T17:05:59","modified_gmt":"2016-02-10T16:05:59","slug":"festival-of-europe-n3-2014","status":"publish","type":"page","link":"http:\/\/boisleroijumelage.fr\/index.php\/activites\/annuelles\/activites-2014\/festival-of-europe-n3-2014\/","title":{"rendered":"Festival of Europe n\u00b03 (2014)"},"content":{"rendered":"<p>Pour la troisi\u00e8me ann\u00e9e cons\u00e9cutive, le jumelage a tenu un stand au Festival of Europe les 17 &amp; 18 mai dernier \u00e0 la Base de Loisirs de Bois le Roi.<\/p>\n<p>Plus d&rsquo;infos et les photos sur le <a href=\"http:\/\/www.festivalofeurope.org\/dossiers\/dossier_41_retour+edition+2014.html\" target=\"_blank\">site officiel<\/a> du festival ;)<\/p>\n","protected":false},"excerpt":{"rendered":"<p>Pour la troisi\u00e8me ann\u00e9e cons\u00e9cutive, le jumelage a tenu un stand au Festival of Europe les 17 &amp; 18 mai dernier \u00e0 la Base de Loisirs de Bois le Roi. Plus d&rsquo;infos et les photos sur le site officiel du festival ;)<\/p>\n","protected":false},"author":1,"featured_media":0,"parent":415,"menu_order":0,"comment_status":"closed","ping_status":"open","template":"","meta":{"_kadence_starter_templates_imported_post":false,"_kad_post_transparent":"","_kad_post_title":"","_kad_post_layout":"","_kad_post_sidebar_id":"","_kad_post_content_style":"","_kad_post_vertical_padding":"","_kad_post_feature":"","_kad_post_feature_position":"","_kad_post_header":false,"_kad_post_footer":false,"_kad_post_classname":"","footnotes":""},"class_list":["post-1225","page","type-page","status-publish","hentry"],"_links":{"self":[{"href":"http:\/\/boisleroijumelage.fr\/index.php\/wp-json\/wp\/v2\/pages\/1225","targetHints":{"allow":["GET"]}}],"collection":[{"href":"http:\/\/boisleroijumelage.fr\/index.php\/wp-json\/wp\/v2\/pages"}],"about":[{"href":"http:\/\/boisleroijumelage.fr\/index.php\/wp-json\/wp\/v2\/types\/page"}],"author":[{"embeddable":true,"href":"http:\/\/boisleroijumelage.fr\/index.php\/wp-json\/wp\/v2\/users\/1"}],"replies":[{"embeddable":true,"href":"http:\/\/boisleroijumelage.fr\/index.php\/wp-json\/wp\/v2\/comments?post=1225"}],"version-history":[{"count":0,"href":"http:\/\/boisleroijumelage.fr\/index.php\/wp-json\/wp\/v2\/pages\/1225\/revisions"}],"up":[{"embeddable":true,"href":"http:\/\/boisleroijumelage.fr\/index.php\/wp-json\/wp\/v2\/pages\/415"}],"wp:attachment":[{"href":"http:\/\/boisleroijumelage.fr\/index.php\/wp-json\/wp\/v2\/media?parent=1225"}],"curies":[{"name":"wp","href":"https:\/\/api.w.org\/{rel}","templated":true}]}}