{"id":1243,"date":"2016-02-15T13:58:10","date_gmt":"2016-02-15T12:58:10","guid":{"rendered":"http:\/\/boisleroijumelage.olympe.in\/?page_id=1243"},"modified":"2016-02-15T13:58:10","modified_gmt":"2016-02-15T12:58:10","slug":"stammtisch-dhiver-2015","status":"publish","type":"page","link":"http:\/\/boisleroijumelage.fr\/index.php\/activites\/annuelles\/activites-2015\/stammtisch-dhiver-2015\/","title":{"rendered":"Stammtisch d&rsquo;hiver (2015)"},"content":{"rendered":"<p>Pour notre second Stammtisch, nous nous sommes de nouveau retrouv\u00e9s au Caf\u00e9 de la Gare le samedi 17 janvier midi. C&rsquo;est avec bonne humeur que nous avons partag\u00e9 notre repas tous ensemble autour du th\u00e8me de la r\u00e9unification allemande !<\/p>\n","protected":false},"excerpt":{"rendered":"<p>Pour notre second Stammtisch, nous nous sommes de nouveau retrouv\u00e9s au Caf\u00e9 de la Gare le samedi 17 janvier midi. C&rsquo;est avec bonne humeur que nous avons partag\u00e9 notre repas tous ensemble autour du th\u00e8me de la r\u00e9unification allemande !<\/p>\n","protected":false},"author":1,"featured_media":0,"parent":571,"menu_order":0,"comment_status":"closed","ping_status":"open","template":"","meta":{"_kadence_starter_templates_imported_post":false,"_kad_post_transparent":"","_kad_post_title":"","_kad_post_layout":"","_kad_post_sidebar_id":"","_kad_post_content_style":"","_kad_post_vertical_padding":"","_kad_post_feature":"","_kad_post_feature_position":"","_kad_post_header":false,"_kad_post_footer":false,"_kad_post_classname":"","footnotes":""},"class_list":["post-1243","page","type-page","status-publish","hentry"],"_links":{"self":[{"href":"http:\/\/boisleroijumelage.fr\/index.php\/wp-json\/wp\/v2\/pages\/1243","targetHints":{"allow":["GET"]}}],"collection":[{"href":"http:\/\/boisleroijumelage.fr\/index.php\/wp-json\/wp\/v2\/pages"}],"about":[{"href":"http:\/\/boisleroijumelage.fr\/index.php\/wp-json\/wp\/v2\/types\/page"}],"author":[{"embeddable":true,"href":"http:\/\/boisleroijumelage.fr\/index.php\/wp-json\/wp\/v2\/users\/1"}],"replies":[{"embeddable":true,"href":"http:\/\/boisleroijumelage.fr\/index.php\/wp-json\/wp\/v2\/comments?post=1243"}],"version-history":[{"count":0,"href":"http:\/\/boisleroijumelage.fr\/index.php\/wp-json\/wp\/v2\/pages\/1243\/revisions"}],"up":[{"embeddable":true,"href":"http:\/\/boisleroijumelage.fr\/index.php\/wp-json\/wp\/v2\/pages\/571"}],"wp:attachment":[{"href":"http:\/\/boisleroijumelage.fr\/index.php\/wp-json\/wp\/v2\/media?parent=1243"}],"curies":[{"name":"wp","href":"https:\/\/api.w.org\/{rel}","templated":true}]}}