{"id":1247,"date":"2016-02-15T14:04:25","date_gmt":"2016-02-15T13:04:25","guid":{"rendered":"http:\/\/boisleroijumelage.olympe.in\/?page_id=1247"},"modified":"2016-04-17T23:57:57","modified_gmt":"2016-04-17T22:57:57","slug":"kaffeekranz-n6-2015","status":"publish","type":"page","link":"http:\/\/boisleroijumelage.fr\/index.php\/activites\/annuelles\/activites-2015\/kaffeekranz-n6-2015\/","title":{"rendered":"Kaffeekranz n\u00b06 (2015)"},"content":{"rendered":"<p>Pour bien commencer l&rsquo;ann\u00e9e, notre premier caf\u00e9-conf\u00e9rence\u00a0portait sur les souvenirs de la rencontre franco-allemande au Hartmannswillerkopf en mai 2014. Jean-Louis Camisuli et Aur\u00e9lien Cochet nous ont permis de revivre cette exp\u00e9rience \u00e0 travers des t\u00e9moignages et les photos prises sur place. Cette apr\u00e8s-midi s&rsquo;est termin\u00e9e comme d&rsquo;habitude autour d&rsquo;un go\u00fbter tous ensemble !<\/p>\n","protected":false},"excerpt":{"rendered":"<p>Pour bien commencer l&rsquo;ann\u00e9e, notre premier caf\u00e9-conf\u00e9rence\u00a0portait sur les souvenirs de la rencontre franco-allemande au Hartmannswillerkopf en mai 2014. Jean-Louis Camisuli et Aur\u00e9lien Cochet nous ont permis de revivre cette exp\u00e9rience \u00e0 travers des t\u00e9moignages et les photos prises sur place. Cette apr\u00e8s-midi s&rsquo;est termin\u00e9e comme d&rsquo;habitude autour d&rsquo;un go\u00fbter tous ensemble !<\/p>\n","protected":false},"author":1,"featured_media":0,"parent":571,"menu_order":0,"comment_status":"closed","ping_status":"open","template":"","meta":{"_kadence_starter_templates_imported_post":false,"_kad_post_transparent":"","_kad_post_title":"","_kad_post_layout":"","_kad_post_sidebar_id":"","_kad_post_content_style":"","_kad_post_vertical_padding":"","_kad_post_feature":"","_kad_post_feature_position":"","_kad_post_header":false,"_kad_post_footer":false,"_kad_post_classname":"","footnotes":""},"class_list":["post-1247","page","type-page","status-publish","hentry"],"_links":{"self":[{"href":"http:\/\/boisleroijumelage.fr\/index.php\/wp-json\/wp\/v2\/pages\/1247","targetHints":{"allow":["GET"]}}],"collection":[{"href":"http:\/\/boisleroijumelage.fr\/index.php\/wp-json\/wp\/v2\/pages"}],"about":[{"href":"http:\/\/boisleroijumelage.fr\/index.php\/wp-json\/wp\/v2\/types\/page"}],"author":[{"embeddable":true,"href":"http:\/\/boisleroijumelage.fr\/index.php\/wp-json\/wp\/v2\/users\/1"}],"replies":[{"embeddable":true,"href":"http:\/\/boisleroijumelage.fr\/index.php\/wp-json\/wp\/v2\/comments?post=1247"}],"version-history":[{"count":1,"href":"http:\/\/boisleroijumelage.fr\/index.php\/wp-json\/wp\/v2\/pages\/1247\/revisions"}],"predecessor-version":[{"id":2000,"href":"http:\/\/boisleroijumelage.fr\/index.php\/wp-json\/wp\/v2\/pages\/1247\/revisions\/2000"}],"up":[{"embeddable":true,"href":"http:\/\/boisleroijumelage.fr\/index.php\/wp-json\/wp\/v2\/pages\/571"}],"wp:attachment":[{"href":"http:\/\/boisleroijumelage.fr\/index.php\/wp-json\/wp\/v2\/media?parent=1247"}],"curies":[{"name":"wp","href":"https:\/\/api.w.org\/{rel}","templated":true}]}}