{"id":1250,"date":"2016-02-15T14:20:53","date_gmt":"2016-02-15T13:20:53","guid":{"rendered":"http:\/\/boisleroijumelage.olympe.in\/?page_id=1250"},"modified":"2016-09-12T13:18:29","modified_gmt":"2016-09-12T12:18:29","slug":"stammtisch-de-printemps-2015","status":"publish","type":"page","link":"http:\/\/boisleroijumelage.fr\/index.php\/activites\/annuelles\/activites-2015\/stammtisch-de-printemps-2015\/","title":{"rendered":"Stammtisch de printemps (2015)"},"content":{"rendered":"<p><img loading=\"lazy\" decoding=\"async\" class=\"alignright wp-image-1251\" src=\"http:\/\/boisleroijumelage.fr\/wp-content\/uploads\/2016\/02\/P1090548.jpg\" alt=\"[cml_media_alt id='1251']P1090548[\/cml_media_alt]\" width=\"400\" height=\"300\" \/>Notre Stammtsich de printemps s&rsquo;est d\u00e9roul\u00e9 le 28 mars dernier autour de la r\u00e9trospective de notre voyage \u00e0 Langenargen pour le carnaval allemand en f\u00e9vrier. Nous avons pu d\u00e9guster\u00a0les sp\u00e9cialit\u00e9s que chacun avait apport\u00e9 \u00e0 la salle du Clos st P\u00e8re tout en regardant les photos du carnaval.<\/p>\n","protected":false},"excerpt":{"rendered":"<p>Notre Stammtsich de printemps s&rsquo;est d\u00e9roul\u00e9 le 28 mars dernier autour de la r\u00e9trospective de notre voyage \u00e0 Langenargen pour le carnaval allemand en f\u00e9vrier. Nous avons pu d\u00e9guster\u00a0les sp\u00e9cialit\u00e9s que chacun avait apport\u00e9 \u00e0 la salle du Clos st P\u00e8re tout en regardant les photos du carnaval.<\/p>\n","protected":false},"author":1,"featured_media":0,"parent":571,"menu_order":0,"comment_status":"closed","ping_status":"open","template":"","meta":{"_kadence_starter_templates_imported_post":false,"_kad_post_transparent":"","_kad_post_title":"","_kad_post_layout":"","_kad_post_sidebar_id":"","_kad_post_content_style":"","_kad_post_vertical_padding":"","_kad_post_feature":"","_kad_post_feature_position":"","_kad_post_header":false,"_kad_post_footer":false,"_kad_post_classname":"","footnotes":""},"class_list":["post-1250","page","type-page","status-publish","hentry"],"_links":{"self":[{"href":"http:\/\/boisleroijumelage.fr\/index.php\/wp-json\/wp\/v2\/pages\/1250","targetHints":{"allow":["GET"]}}],"collection":[{"href":"http:\/\/boisleroijumelage.fr\/index.php\/wp-json\/wp\/v2\/pages"}],"about":[{"href":"http:\/\/boisleroijumelage.fr\/index.php\/wp-json\/wp\/v2\/types\/page"}],"author":[{"embeddable":true,"href":"http:\/\/boisleroijumelage.fr\/index.php\/wp-json\/wp\/v2\/users\/1"}],"replies":[{"embeddable":true,"href":"http:\/\/boisleroijumelage.fr\/index.php\/wp-json\/wp\/v2\/comments?post=1250"}],"version-history":[{"count":2,"href":"http:\/\/boisleroijumelage.fr\/index.php\/wp-json\/wp\/v2\/pages\/1250\/revisions"}],"predecessor-version":[{"id":2227,"href":"http:\/\/boisleroijumelage.fr\/index.php\/wp-json\/wp\/v2\/pages\/1250\/revisions\/2227"}],"up":[{"embeddable":true,"href":"http:\/\/boisleroijumelage.fr\/index.php\/wp-json\/wp\/v2\/pages\/571"}],"wp:attachment":[{"href":"http:\/\/boisleroijumelage.fr\/index.php\/wp-json\/wp\/v2\/media?parent=1250"}],"curies":[{"name":"wp","href":"https:\/\/api.w.org\/{rel}","templated":true}]}}