{"id":1254,"date":"2016-02-15T15:21:32","date_gmt":"2016-02-15T14:21:32","guid":{"rendered":"http:\/\/boisleroijumelage.olympe.in\/?page_id=1254"},"modified":"2016-09-12T13:18:39","modified_gmt":"2016-09-12T12:18:39","slug":"assemblee-generale-2015","status":"publish","type":"page","link":"http:\/\/boisleroijumelage.fr\/index.php\/activites\/annuelles\/activites-2015\/assemblee-generale-2015\/","title":{"rendered":"Assembl\u00e9e G\u00e9n\u00e9rale 2015"},"content":{"rendered":"<p><img loading=\"lazy\" decoding=\"async\" class=\"alignright wp-image-1257\" src=\"http:\/\/boisleroijumelage.fr\/wp-content\/uploads\/2016\/02\/P1090596.jpg\" alt=\"[cml_media_alt id='1257']P1090596[\/cml_media_alt]\" width=\"350\" height=\"263\" \/>Notre assembl\u00e9e g\u00e9n\u00e9rale s&rsquo;est d\u00e9roul\u00e9e le 11 avril dernier. Apr\u00e8s avoir vu les diff\u00e9rents points \u00e0 l&rsquo;ordre du jour, nous avons partag\u00e9 un repas tous ensemble !<\/p>\n","protected":false},"excerpt":{"rendered":"<p>Notre assembl\u00e9e g\u00e9n\u00e9rale s&rsquo;est d\u00e9roul\u00e9e le 11 avril dernier. Apr\u00e8s avoir vu les diff\u00e9rents points \u00e0 l&rsquo;ordre du jour, nous avons partag\u00e9 un repas tous ensemble !<\/p>\n","protected":false},"author":1,"featured_media":0,"parent":571,"menu_order":0,"comment_status":"closed","ping_status":"open","template":"","meta":{"_kadence_starter_templates_imported_post":false,"_kad_post_transparent":"","_kad_post_title":"","_kad_post_layout":"","_kad_post_sidebar_id":"","_kad_post_content_style":"","_kad_post_vertical_padding":"","_kad_post_feature":"","_kad_post_feature_position":"","_kad_post_header":false,"_kad_post_footer":false,"_kad_post_classname":"","footnotes":""},"class_list":["post-1254","page","type-page","status-publish","hentry"],"_links":{"self":[{"href":"http:\/\/boisleroijumelage.fr\/index.php\/wp-json\/wp\/v2\/pages\/1254","targetHints":{"allow":["GET"]}}],"collection":[{"href":"http:\/\/boisleroijumelage.fr\/index.php\/wp-json\/wp\/v2\/pages"}],"about":[{"href":"http:\/\/boisleroijumelage.fr\/index.php\/wp-json\/wp\/v2\/types\/page"}],"author":[{"embeddable":true,"href":"http:\/\/boisleroijumelage.fr\/index.php\/wp-json\/wp\/v2\/users\/1"}],"replies":[{"embeddable":true,"href":"http:\/\/boisleroijumelage.fr\/index.php\/wp-json\/wp\/v2\/comments?post=1254"}],"version-history":[{"count":1,"href":"http:\/\/boisleroijumelage.fr\/index.php\/wp-json\/wp\/v2\/pages\/1254\/revisions"}],"predecessor-version":[{"id":2230,"href":"http:\/\/boisleroijumelage.fr\/index.php\/wp-json\/wp\/v2\/pages\/1254\/revisions\/2230"}],"up":[{"embeddable":true,"href":"http:\/\/boisleroijumelage.fr\/index.php\/wp-json\/wp\/v2\/pages\/571"}],"wp:attachment":[{"href":"http:\/\/boisleroijumelage.fr\/index.php\/wp-json\/wp\/v2\/media?parent=1254"}],"curies":[{"name":"wp","href":"https:\/\/api.w.org\/{rel}","templated":true}]}}