{"id":1612,"date":"2016-03-11T17:28:47","date_gmt":"2016-03-11T16:28:47","guid":{"rendered":"http:\/\/boisleroijumelage.fr\/?page_id=1612"},"modified":"2016-04-18T00:17:43","modified_gmt":"2016-04-17T23:17:43","slug":"ca-franco-allemand-a-colmar-2016","status":"publish","type":"page","link":"http:\/\/boisleroijumelage.fr\/index.php\/activites\/annuelles\/programme-2016\/ca-franco-allemand-a-colmar-2016\/","title":{"rendered":"CA franco-allemand \u00e0 Colmar (2016)"},"content":{"rendered":"<p><img loading=\"lazy\" decoding=\"async\" class=\"size-medium wp-image-1613 alignleft\" src=\"http:\/\/boisleroijumelage.fr\/wp-content\/uploads\/2016\/03\/P11109241-300x194.jpg\" alt=\"[cml_media_alt id='1613']P11109241[\/cml_media_alt]\" width=\"300\" height=\"194\" srcset=\"http:\/\/boisleroijumelage.fr\/wp-content\/uploads\/2016\/03\/P11109241-300x194.jpg 300w, http:\/\/boisleroijumelage.fr\/wp-content\/uploads\/2016\/03\/P11109241-768x497.jpg 768w, http:\/\/boisleroijumelage.fr\/wp-content\/uploads\/2016\/03\/P11109241-644x416.jpg 644w\" sizes=\"auto, (max-width: 300px) 100vw, 300px\" \/> La rencontre des deux Conseils d&rsquo;Administration a eu lieu cette ann\u00e9e \u00e0 Colmar du 4 au 6 mars. Dans un cadre typiquement alsacien, nous avons partag\u00e9 en toute Amiti\u00e9 notre convivialit\u00e9. \u00a0Nous avons d\u00e9couvert avec plaisir une ville magnifique pleine de traditions et pu d\u00e9guster les vins alsaciens d&rsquo;une cave. L&rsquo;occasion aussi de go\u00fbter \u00a0diff\u00e9rents fromages de la r\u00e9gion, comme le Munster, apr\u00e8s une formation p\u00e9dagogique sur sa fabrication. Notre r\u00e9union de travail commune fut le r\u00e9sultat d&rsquo;un v\u00e9ritable \u00e9change. Chacun est reparti ravi la t\u00eate pleine de souvenirs et le c\u0153ur rempli d&rsquo;\u00e9motions.<img loading=\"lazy\" decoding=\"async\" class=\" wp-image-1614 alignright\" src=\"http:\/\/boisleroijumelage.fr\/wp-content\/uploads\/2016\/03\/20160304_202022_001-300x169.jpg\" alt=\"[cml_media_alt id='1614']20160304_202022_001[\/cml_media_alt]\" width=\"325\" height=\"183\" srcset=\"http:\/\/boisleroijumelage.fr\/wp-content\/uploads\/2016\/03\/20160304_202022_001-300x169.jpg 300w, http:\/\/boisleroijumelage.fr\/wp-content\/uploads\/2016\/03\/20160304_202022_001-768x432.jpg 768w, http:\/\/boisleroijumelage.fr\/wp-content\/uploads\/2016\/03\/20160304_202022_001-644x362.jpg 644w\" sizes=\"auto, (max-width: 325px) 100vw, 325px\" \/><\/p>\n","protected":false},"excerpt":{"rendered":"<p>La rencontre des deux Conseils d&rsquo;Administration a eu lieu cette ann\u00e9e \u00e0 Colmar du 4 au 6 mars. Dans un cadre typiquement alsacien, nous avons partag\u00e9 en toute Amiti\u00e9 notre convivialit\u00e9. \u00a0Nous avons d\u00e9couvert avec plaisir une ville magnifique pleine de traditions et pu d\u00e9guster les vins alsaciens d&rsquo;une cave. L&rsquo;occasion aussi de go\u00fbter \u00a0diff\u00e9rents&#8230;<\/p>\n","protected":false},"author":1,"featured_media":0,"parent":1155,"menu_order":20,"comment_status":"closed","ping_status":"closed","template":"","meta":{"_kadence_starter_templates_imported_post":false,"_kad_post_transparent":"","_kad_post_title":"","_kad_post_layout":"","_kad_post_sidebar_id":"","_kad_post_content_style":"","_kad_post_vertical_padding":"","_kad_post_feature":"","_kad_post_feature_position":"","_kad_post_header":false,"_kad_post_footer":false,"_kad_post_classname":"","footnotes":""},"class_list":["post-1612","page","type-page","status-publish","hentry"],"_links":{"self":[{"href":"http:\/\/boisleroijumelage.fr\/index.php\/wp-json\/wp\/v2\/pages\/1612","targetHints":{"allow":["GET"]}}],"collection":[{"href":"http:\/\/boisleroijumelage.fr\/index.php\/wp-json\/wp\/v2\/pages"}],"about":[{"href":"http:\/\/boisleroijumelage.fr\/index.php\/wp-json\/wp\/v2\/types\/page"}],"author":[{"embeddable":true,"href":"http:\/\/boisleroijumelage.fr\/index.php\/wp-json\/wp\/v2\/users\/1"}],"replies":[{"embeddable":true,"href":"http:\/\/boisleroijumelage.fr\/index.php\/wp-json\/wp\/v2\/comments?post=1612"}],"version-history":[{"count":3,"href":"http:\/\/boisleroijumelage.fr\/index.php\/wp-json\/wp\/v2\/pages\/1612\/revisions"}],"predecessor-version":[{"id":2013,"href":"http:\/\/boisleroijumelage.fr\/index.php\/wp-json\/wp\/v2\/pages\/1612\/revisions\/2013"}],"up":[{"embeddable":true,"href":"http:\/\/boisleroijumelage.fr\/index.php\/wp-json\/wp\/v2\/pages\/1155"}],"wp:attachment":[{"href":"http:\/\/boisleroijumelage.fr\/index.php\/wp-json\/wp\/v2\/media?parent=1612"}],"curies":[{"name":"wp","href":"https:\/\/api.w.org\/{rel}","templated":true}]}}