{"id":1637,"date":"2016-03-11T18:59:12","date_gmt":"2016-03-11T17:59:12","guid":{"rendered":"http:\/\/boisleroijumelage.fr\/?page_id=1637"},"modified":"2016-04-18T00:12:12","modified_gmt":"2016-04-17T23:12:12","slug":"semaine-des-jeunes-2015","status":"publish","type":"page","link":"http:\/\/boisleroijumelage.fr\/index.php\/activites\/annuelles\/activites-2015\/semaine-des-jeunes-2015\/","title":{"rendered":"Semaine des jeunes 2015"},"content":{"rendered":"<p>La semaine des jeunes s&rsquo;est d\u00e9roul\u00e9e en France cette ann\u00e9e du 5 au 10 ao\u00fbt \u00a0sur le th\u00e8me \u00a0\u00ab\u00a0Les \u00a0Grandes Inventions\u00a0\u00bb. \u00a0Une vingtaine de jeunes fran\u00e7ais et allemands \u00a0ag\u00e9s de 12 \u00e0 15 ans se sont retrouv\u00e9s chaque jour pour participer \u00e0 de nombreuses activit\u00e9s. Voici leurs r\u00e9cits&#8230;<\/p>\n<p>Plus de photos <a href=\"https:\/\/www.facebook.com\/media\/set\/?set=a.680171075415970.1073741829.288305774602504&amp;type=3\" target=\"_blank\">ici<\/a> ;)<\/p>\n<p>&nbsp;<\/p>\n<p><strong><u>Mercredi 5 ao\u00fbt<\/u>\u00a0: \u00a0La cit\u00e9 des sciences<\/strong><\/p>\n<p>Mercredi 5 ao\u00fbt, une vingtaine de Bacots et Allemands ont pris le train de 10h07 \u00e0 Bois le Roi. En gare de Lyon, on a pris le m\u00e9tro et on est arriv\u00e9 devant la cit\u00e9 des sciences ; on a mang\u00e9 dans une aire de pique-nique.\u00a0<img loading=\"lazy\" decoding=\"async\" class=\"size-medium wp-image-1642 alignright\" src=\"http:\/\/boisleroijumelage.fr\/wp-content\/uploads\/2016\/03\/P1100532-300x225.jpg\" alt=\"[cml_media_alt id='1642']P1100532[\/cml_media_alt]\" width=\"300\" height=\"225\" srcset=\"http:\/\/boisleroijumelage.fr\/wp-content\/uploads\/2016\/03\/P1100532-300x225.jpg 300w, http:\/\/boisleroijumelage.fr\/wp-content\/uploads\/2016\/03\/P1100532-768x576.jpg 768w, http:\/\/boisleroijumelage.fr\/wp-content\/uploads\/2016\/03\/P1100532-644x483.jpg 644w, http:\/\/boisleroijumelage.fr\/wp-content\/uploads\/2016\/03\/P1100532.jpg 2048w\" sizes=\"auto, (max-width: 300px) 100vw, 300px\" \/>Ensuite, on est all\u00e9 voir le plan\u00e9tarium, c\u2019\u00e9tait g\u00e9nial. Le plan\u00e9tarium est un d\u00f4me sur lequel est projet\u00e9 l\u2019espace. Un enregistrement est diffus\u00e9 pour expliquer comment rep\u00e9rer des \u00e9toiles (telles la grande ourse, le W de Cassiop\u00e9e, la petite ourse,\u2026). Ce qui est projet\u00e9 est plus ou moins grossi. On a l\u2019impression de bouger dans l\u2019espace.<br \/>\nApr\u00e8s, on a \u00e9t\u00e9 libre de visiter le reste de la cit\u00e9 en groupe de 3 minimum. J\u2019\u00e9tais avec Etienne, Augustin, Jaime et Thomas. Ensemble, on s\u2019est rendu dans l\u2019espace \u2018jeux de lumi\u00e8re\u2019, on y est rest\u00e9 un bon moment. Ensuite, on a visit\u00e9 l\u2019espace \u00ab\u00a0son\u00a0\u00bb et \u00ab\u00a0voix\u00a0\u00bb. Puis, on s\u2019est bien amus\u00e9 autour d\u2019un piano g\u00e9ant tactile qu\u2019on actionne avec les pieds.<\/p>\n<p>Une belle journ\u00e9e et de bons souvenirs.<\/p>\n<p><em>Adrien Guennec, 13 ans<\/em><\/p>\n<p>&nbsp;<\/p>\n<p><strong><u>Jeudi 6 ao\u00fbt<\/u>\u00a0 :<\/strong><\/p>\n<p><strong>Le Grand Rex\u00a0:<\/strong><\/p>\n<p>Pour le deuxi\u00e8me jour pass\u00e9 avec les allemands, nous sommes all\u00e9s au Grand Rex. C\u2019est un grand cin\u00e9ma \u00e0 Paris. Au d\u00e9but, nous avons regard\u00e9 un film sur les m\u00e9tiers autour du cin\u00e9ma. Ensuite, on a fait une visite sous forme de parcours automatis\u00e9. On a r\u00e9alis\u00e9 une sorte de petit film. Pour cela, on a d\u00fb jouer des figurants sur le film \u00ab\u00a0King Kong\u00a0\u00bb. On devait montrer que l\u2019on avait peur. On a aussi visit\u00e9 quelques salles professionnelles. Quand le parcours \u00e9tait termin\u00e9, nous sommes arriv\u00e9s \u00e0 la boutique, et on a pu voir les photos prises pendant la visite ainsi que notre film.<\/p>\n<p><em>Ars\u00e8ne Seuillot, 12 ans<\/em><\/p>\n<p><strong>Mus\u00e9e des arts et m\u00e9tiers :\u00a0<\/strong><\/p>\n<p>Il y a quelques jours nous avons visit\u00e9 le mus\u00e9e des arts et m\u00e9tiers.<br \/>\nNous \u00e9tions un groupe tr\u00e8s nombreux mais gr\u00e2ce \u00e0 l&rsquo;exceptionnelle organisation du mus\u00e9e, nous avons tous pu profiter au maximum.<br \/>\nL&rsquo;information expos\u00e9e l\u00e0-bas a su prendre toute notre attention durant toute la dur\u00e9e de la visite.<br \/>\nEn effet, ce mus\u00e9e nous a fait prendre conscience de l&rsquo;importance de la technologie dans notre vie quotidienne et de comment elle a \u00e9volu\u00e9 pendant les derniers si\u00e8cles.<br \/>\nPendant la visite on \u00e9tait captiv\u00e9 et fascin\u00e9 par toutes les choses autour de nous. Il y avait m\u00eame des \u00e9crans tactiles nous offrant ainsi des enseignements interactivement.<br \/>\nPour conclure, nous avons une opinion et un souvenir tr\u00e8s positif de ce mus\u00e9e que nous recommandons fortement.<\/p>\n<p><em>Jaime et Augustin Desvall\u00e9es, 15 ans<\/em><\/p>\n<p><img loading=\"lazy\" decoding=\"async\" class=\"alignnone size-medium wp-image-1644\" src=\"http:\/\/boisleroijumelage.fr\/wp-content\/uploads\/2016\/03\/P1100592-300x225.jpg\" alt=\"[cml_media_alt id='1644']P1100592[\/cml_media_alt]\" width=\"300\" height=\"225\" srcset=\"http:\/\/boisleroijumelage.fr\/wp-content\/uploads\/2016\/03\/P1100592-300x225.jpg 300w, http:\/\/boisleroijumelage.fr\/wp-content\/uploads\/2016\/03\/P1100592-768x576.jpg 768w, http:\/\/boisleroijumelage.fr\/wp-content\/uploads\/2016\/03\/P1100592-644x483.jpg 644w\" sizes=\"auto, (max-width: 300px) 100vw, 300px\" \/><\/p>\n<p><strong><u>Vendredi 7 ao\u00fbt<\/u>\u00a0 <\/strong> : <strong>Tour Eiffel &amp; Paris plage<\/strong><\/p>\n<p>En ce troisi\u00e8me jour, nous avons profit\u00e9 du beau temps pour nous rendre \u00e0 la Tour Eiffel. Apr\u00e8s avoir admir\u00e9 la vue du Trocad\u00e9ro, nous sommes mont\u00e9s par les escaliers afin d\u2019observer Paris en haut des 115 m\u00e8tres du deuxi\u00e8me \u00e9tage. Apr\u00e8s avoir gravi les 704 marches, chacun a pu se balader \u00e0 sa guise sur la plateforme, prendre des photos, acheter des souvenirs\u2026 Une fois redescendu, l\u2019ensemble du groupe a pu pique-niquer sur le \u00a0champ de mars avant de prendre la direction de Paris Plages. L\u2019apr\u00e8s-midi, certains jeunes ont choisi de rester se pr\u00e9lasser au soleil dans le sable pour jouer aux cartes, pendant que d\u2019autres ont pr\u00e9f\u00e9r\u00e9 faire du beach volley sur le parvis de l\u2019h\u00f4tel de ville, alors que d\u2019autres encore se sont entra\u00een\u00e9s au babyfoot et ont achet\u00e9 des glaces. Lorsque la fin de la journ\u00e9e est arriv\u00e9e, nous nous sommes redirig\u00e9s vers le m\u00e9tro en admirant un spectacle de danseurs de rue, de quoi profiter des derniers instants avant de rentrer\u00a0!<\/p>\n<p><em>Magalie Brisse, organisatrice<\/em><br \/>\n<strong><u>Samedi 8 ao\u00fbt<\/u>\u00a0 <\/strong>: <strong>Le Palais de la D\u00e9couverte<\/strong><\/p>\n<p>Au palais de la d\u00e9couverte, les enfants n&rsquo;avaient pas le droit d&rsquo;\u00eatre seuls donc il y avait un groupe de 5 ou 6 pour chaque animateur.<br \/>\nJ&rsquo;\u00e9tais dans un groupe de 6 avec 2 autres Fran\u00e7ais, 3 Allemands et Magalie qui nous accompagnait. On est arriv\u00e9 vers 11h donc on a pu commencer la visite avant d&rsquo;aller manger. Pour commencer, mon groupe s&rsquo;est rendu dans une salle ronde o\u00f9 \u00e9tait \u00e9crit le nombre Pi sur le mur avec \u00a0peut-\u00eatre 300 d\u00e9cimales. <img loading=\"lazy\" decoding=\"async\" class=\"size-medium wp-image-1643 alignright\" src=\"http:\/\/boisleroijumelage.fr\/wp-content\/uploads\/2016\/03\/P1100566-300x225.jpg\" alt=\"[cml_media_alt id='1643']P1100566[\/cml_media_alt]\" width=\"300\" height=\"225\" srcset=\"http:\/\/boisleroijumelage.fr\/wp-content\/uploads\/2016\/03\/P1100566-300x225.jpg 300w, http:\/\/boisleroijumelage.fr\/wp-content\/uploads\/2016\/03\/P1100566-768x576.jpg 768w, http:\/\/boisleroijumelage.fr\/wp-content\/uploads\/2016\/03\/P1100566-644x483.jpg 644w\" sizes=\"auto, (max-width: 300px) 100vw, 300px\" \/>Ensuite nous avons observ\u00e9 des illusions d&rsquo;optique et nous sommes all\u00e9s dans un petit espace qui \u00e9tait \u00a0\u00e9clair\u00e9 avec de l&rsquo;ultra violet : on a bien rigol\u00e9 !<br \/>\nApr\u00e8s \u00e7a, tout le monde s&rsquo;est r\u00e9uni pour pique-niquer sur des bancs \u00e0 c\u00f4t\u00e9 du palais de la d\u00e9couverte.<br \/>\nL&rsquo;apr\u00e8s-midi, on a assist\u00e9 \u00e0 des exp\u00e9rimentations sur l&rsquo;\u00e9lectricit\u00e9 statique et sur l&rsquo;azote liquide et les changements d&rsquo;\u00e9tats (gazeux-liquide liquide-solide). Une journ\u00e9e int\u00e9ressante et sympathique !<\/p>\n<p><em>Elodie Guennec, \u00a011 ans<\/em><\/p>\n<p>&nbsp;<\/p>\n<p><strong><u>Lundi 10 ao\u00fbt<\/u>\u00a0 <\/strong> : <strong>Mus\u00e9e du V\u00e9lo &amp; apr\u00e8s midi \u00e0 l\u2019UCPA<\/strong><\/p>\n<p>Avec les jeunes fran\u00e7ais et allemands, nous avons d\u2019abord profit\u00e9 d\u2019une promenade pour rejoindre le mus\u00e9e du v\u00e9lo de Moret sur Loing. En arrivant, nous avons le droit \u00e0 une visite guid\u00e9e, et nous sommes repartis de l\u2019origine de la Draisienne, le tout agr\u00e9ment\u00e9 de devinettes. \u00a0Notre tr\u00e8s instructive visite s\u2019est termin\u00e9e par l\u2019admiration de v\u00e9los sp\u00e9cifiques comme le v\u00e9lo ambulance, ou encore l\u2019anc\u00eatre du v\u00e9lo postal. Puis, nous nous sommes redirig\u00e9s tranquillement vers Bois le Roi. <img loading=\"lazy\" decoding=\"async\" class=\"size-medium wp-image-1645 alignleft\" src=\"http:\/\/boisleroijumelage.fr\/wp-content\/uploads\/2016\/03\/P1100624-300x225.jpg\" alt=\"[cml_media_alt id='1645']P1100624[\/cml_media_alt]\" width=\"300\" height=\"225\" srcset=\"http:\/\/boisleroijumelage.fr\/wp-content\/uploads\/2016\/03\/P1100624-300x225.jpg 300w, http:\/\/boisleroijumelage.fr\/wp-content\/uploads\/2016\/03\/P1100624-768x576.jpg 768w, http:\/\/boisleroijumelage.fr\/wp-content\/uploads\/2016\/03\/P1100624-644x483.jpg 644w\" sizes=\"auto, (max-width: 300px) 100vw, 300px\" \/>Le pique-nique en arrivant \u00e0 l\u2019UCPA a \u00e9t\u00e9 le bienvenu, puis chacun a choisi son activit\u00e9 pr\u00e9f\u00e9r\u00e9e. Au programme\u00a0: baignade dans l\u2019\u00e9tang, jeux de cartes, \u00e9coute de musique, partie de beach-volley, ou discussions et bronzette\u2026\u00a0 Les membres du groupe ce sont encore rapproch\u00e9s, et sont repartis radieux, pour rejoindre le repas de remerciement avec les familles d\u2019accueil, pour cl\u00f4turer la semaine.<\/p>\n<p><em>Sylvie, accompagnatrice.<\/em><\/p>\n<p>&nbsp;<\/p>\n<p>&nbsp;<\/p>\n<p>&nbsp;<\/p>\n","protected":false},"excerpt":{"rendered":"<p>La semaine des jeunes s&rsquo;est d\u00e9roul\u00e9e en France cette ann\u00e9e du 5 au 10 ao\u00fbt \u00a0sur le th\u00e8me \u00a0\u00ab\u00a0Les \u00a0Grandes Inventions\u00a0\u00bb. \u00a0Une vingtaine de jeunes fran\u00e7ais et allemands \u00a0ag\u00e9s de 12 \u00e0 15 ans se sont retrouv\u00e9s chaque jour pour participer \u00e0 de nombreuses activit\u00e9s. Voici leurs r\u00e9cits&#8230; Plus de photos ici ;) &nbsp; Mercredi&#8230;<\/p>\n","protected":false},"author":1,"featured_media":0,"parent":571,"menu_order":0,"comment_status":"closed","ping_status":"closed","template":"","meta":{"_kadence_starter_templates_imported_post":false,"_kad_post_transparent":"","_kad_post_title":"","_kad_post_layout":"","_kad_post_sidebar_id":"","_kad_post_content_style":"","_kad_post_vertical_padding":"","_kad_post_feature":"","_kad_post_feature_position":"","_kad_post_header":false,"_kad_post_footer":false,"_kad_post_classname":"","footnotes":""},"class_list":["post-1637","page","type-page","status-publish","hentry"],"_links":{"self":[{"href":"http:\/\/boisleroijumelage.fr\/index.php\/wp-json\/wp\/v2\/pages\/1637","targetHints":{"allow":["GET"]}}],"collection":[{"href":"http:\/\/boisleroijumelage.fr\/index.php\/wp-json\/wp\/v2\/pages"}],"about":[{"href":"http:\/\/boisleroijumelage.fr\/index.php\/wp-json\/wp\/v2\/types\/page"}],"author":[{"embeddable":true,"href":"http:\/\/boisleroijumelage.fr\/index.php\/wp-json\/wp\/v2\/users\/1"}],"replies":[{"embeddable":true,"href":"http:\/\/boisleroijumelage.fr\/index.php\/wp-json\/wp\/v2\/comments?post=1637"}],"version-history":[{"count":5,"href":"http:\/\/boisleroijumelage.fr\/index.php\/wp-json\/wp\/v2\/pages\/1637\/revisions"}],"predecessor-version":[{"id":2006,"href":"http:\/\/boisleroijumelage.fr\/index.php\/wp-json\/wp\/v2\/pages\/1637\/revisions\/2006"}],"up":[{"embeddable":true,"href":"http:\/\/boisleroijumelage.fr\/index.php\/wp-json\/wp\/v2\/pages\/571"}],"wp:attachment":[{"href":"http:\/\/boisleroijumelage.fr\/index.php\/wp-json\/wp\/v2\/media?parent=1637"}],"curies":[{"name":"wp","href":"https:\/\/api.w.org\/{rel}","templated":true}]}}