{"id":1687,"date":"2016-03-13T22:45:32","date_gmt":"2016-03-13T21:45:32","guid":{"rendered":"http:\/\/boisleroijumelage.fr\/?page_id=1687"},"modified":"2016-03-13T22:48:02","modified_gmt":"2016-03-13T21:48:02","slug":"assemblee-generale-2016","status":"publish","type":"page","link":"http:\/\/boisleroijumelage.fr\/index.php\/activites\/annuelles\/programme-2016\/assemblee-generale-2016\/","title":{"rendered":"Assembl\u00e9e G\u00e9n\u00e9rale 2016"},"content":{"rendered":"<p><img loading=\"lazy\" decoding=\"async\" class=\"size-medium wp-image-1688 alignleft\" src=\"http:\/\/boisleroijumelage.fr\/wp-content\/uploads\/2016\/03\/P1110941-300x197.jpg\" alt=\"[cml_media_alt id='1688']P1110941[\/cml_media_alt]\" width=\"300\" height=\"197\" srcset=\"http:\/\/boisleroijumelage.fr\/wp-content\/uploads\/2016\/03\/P1110941-300x197.jpg 300w, http:\/\/boisleroijumelage.fr\/wp-content\/uploads\/2016\/03\/P1110941-768x504.jpg 768w, http:\/\/boisleroijumelage.fr\/wp-content\/uploads\/2016\/03\/P1110941-644x422.jpg 644w\" sizes=\"auto, (max-width: 300px) 100vw, 300px\" \/>Notre Assembl\u00e9e G\u00e9n\u00e9rale , \u00e0 la salle du Clos st P\u00e8re ce samedi 12 mars \u00e0 18h s&rsquo;est d\u00e9roul\u00e9e dans une ambiance fort sympathique : un vrai succ\u00e8s ! \u00a0Tout au long, elle est rest\u00e9e centr\u00e9e sur les photos souvenirs o\u00f9 chacun pouvait se reconna\u00eetre. Autour des activit\u00e9s culturelles, sportives, de loisirs, il y en avait pour tous les go\u00fbts, toutes les bourses, tous les \u00e2ges : de quoi donner envie de nous rejoindre ! Notre lien, l&rsquo;amiti\u00e9 en toute occasion, en France et avec nos amis allemands. La preuve : il s&rsquo;en est suivi un repas confectionn\u00e9 par les convives, pris en commun, des plus chaleureux et convivial . <img loading=\"lazy\" decoding=\"async\" class=\"size-medium wp-image-1689 alignright\" src=\"http:\/\/boisleroijumelage.fr\/wp-content\/uploads\/2016\/03\/P1110955-300x225.jpg\" alt=\"[cml_media_alt id='1689']P1110955[\/cml_media_alt]\" width=\"300\" height=\"225\" srcset=\"http:\/\/boisleroijumelage.fr\/wp-content\/uploads\/2016\/03\/P1110955-300x225.jpg 300w, http:\/\/boisleroijumelage.fr\/wp-content\/uploads\/2016\/03\/P1110955-768x576.jpg 768w, http:\/\/boisleroijumelage.fr\/wp-content\/uploads\/2016\/03\/P1110955-644x483.jpg 644w\" sizes=\"auto, (max-width: 300px) 100vw, 300px\" \/>Pleins d&rsquo;id\u00e9es \u00e0 mettre en oeuvre ont fourmill\u00e9 toute \u00a0la soir\u00e9e : un festival de partage ! ;)<\/p>\n","protected":false},"excerpt":{"rendered":"<p>Notre Assembl\u00e9e G\u00e9n\u00e9rale , \u00e0 la salle du Clos st P\u00e8re ce samedi 12 mars \u00e0 18h s&rsquo;est d\u00e9roul\u00e9e dans une ambiance fort sympathique : un vrai succ\u00e8s ! \u00a0Tout au long, elle est rest\u00e9e centr\u00e9e sur les photos souvenirs o\u00f9 chacun pouvait se reconna\u00eetre. Autour des activit\u00e9s culturelles, sportives, de loisirs, il y en&#8230;<\/p>\n","protected":false},"author":1,"featured_media":0,"parent":1155,"menu_order":30,"comment_status":"closed","ping_status":"closed","template":"","meta":{"_kadence_starter_templates_imported_post":false,"_kad_post_transparent":"","_kad_post_title":"","_kad_post_layout":"","_kad_post_sidebar_id":"","_kad_post_content_style":"","_kad_post_vertical_padding":"","_kad_post_feature":"","_kad_post_feature_position":"","_kad_post_header":false,"_kad_post_footer":false,"_kad_post_classname":"","footnotes":""},"class_list":["post-1687","page","type-page","status-publish","hentry"],"_links":{"self":[{"href":"http:\/\/boisleroijumelage.fr\/index.php\/wp-json\/wp\/v2\/pages\/1687","targetHints":{"allow":["GET"]}}],"collection":[{"href":"http:\/\/boisleroijumelage.fr\/index.php\/wp-json\/wp\/v2\/pages"}],"about":[{"href":"http:\/\/boisleroijumelage.fr\/index.php\/wp-json\/wp\/v2\/types\/page"}],"author":[{"embeddable":true,"href":"http:\/\/boisleroijumelage.fr\/index.php\/wp-json\/wp\/v2\/users\/1"}],"replies":[{"embeddable":true,"href":"http:\/\/boisleroijumelage.fr\/index.php\/wp-json\/wp\/v2\/comments?post=1687"}],"version-history":[{"count":2,"href":"http:\/\/boisleroijumelage.fr\/index.php\/wp-json\/wp\/v2\/pages\/1687\/revisions"}],"predecessor-version":[{"id":1693,"href":"http:\/\/boisleroijumelage.fr\/index.php\/wp-json\/wp\/v2\/pages\/1687\/revisions\/1693"}],"up":[{"embeddable":true,"href":"http:\/\/boisleroijumelage.fr\/index.php\/wp-json\/wp\/v2\/pages\/1155"}],"wp:attachment":[{"href":"http:\/\/boisleroijumelage.fr\/index.php\/wp-json\/wp\/v2\/media?parent=1687"}],"curies":[{"name":"wp","href":"https:\/\/api.w.org\/{rel}","templated":true}]}}