{"id":1756,"date":"2016-03-31T17:10:13","date_gmt":"2016-03-31T16:10:13","guid":{"rendered":"http:\/\/boisleroijumelage.fr\/?page_id=1756"},"modified":"2025-09-07T08:43:05","modified_gmt":"2025-09-07T07:43:05","slug":"langenargen","status":"publish","type":"page","link":"http:\/\/boisleroijumelage.fr\/index.php\/nos-villes-jumelles\/langenargen\/","title":{"rendered":"Langenargen"},"content":{"rendered":"<p style=\"color: #000000;\">Commune du Bade-Wurtemberg, situ\u00e9e sur la rive du lac de Constance, non loin de FRIEDRICHSHAFEN.<\/p>\n<p style=\"color: #000000;\">\u00a0<em>A voir :<\/em><\/p>\n<p style=\"color: #000000;\"><span style=\"text-decoration: underline;\">Le ch\u00e2teau de Montfort<\/span>\u00a0de \u00ab\u00a0style mauresque\u00a0\u00bb. Actuelle propri\u00e9t\u00e9 de la commune de Langenargen.<\/p>\n<p style=\"color: #000000;\"><span style=\"text-decoration: underline;\">Eglise baroque Saint-Martin<\/span>, construite sur ordre du comte Anton III de Montfort, \u00e0 partir de 1718.<\/p>\n<p>Envie d&rsquo;en connaitre plus sur le blason de notre ville jumelle ?\u00a0<a href=\"http:\/\/boisleroijumelage.fr\/index.php\/2014\/07\/27\/le-blason-de-langenargen\/\">D\u00e9couvrez vite notre article !\u00a0<\/a><\/p>\n<p>L&rsquo;association du jumelage Langenargen \/ Bois-le-Roi.\u00a0\u00a0<a href=\"https:\/\/www.langenargen-boisleroi.de\/\">Partnerschaftsverein Langenargen \/ Bois-le-Roi<\/a><\/p>\n","protected":false},"excerpt":{"rendered":"<p>Commune du Bade-Wurtemberg, situ\u00e9e sur la rive du lac de Constance, non loin de FRIEDRICHSHAFEN. \u00a0A voir : Le ch\u00e2teau de Montfort\u00a0de \u00ab\u00a0style mauresque\u00a0\u00bb. Actuelle propri\u00e9t\u00e9 de la commune de Langenargen. Eglise baroque Saint-Martin, construite sur ordre du comte Anton III de Montfort, \u00e0 partir de 1718. Envie d&rsquo;en connaitre plus sur le blason de&#8230;<\/p>\n","protected":false},"author":1,"featured_media":0,"parent":1751,"menu_order":20,"comment_status":"closed","ping_status":"closed","template":"","meta":{"_kadence_starter_templates_imported_post":false,"_kad_post_transparent":"","_kad_post_title":"","_kad_post_layout":"","_kad_post_sidebar_id":"","_kad_post_content_style":"","_kad_post_vertical_padding":"","_kad_post_feature":"","_kad_post_feature_position":"","_kad_post_header":false,"_kad_post_footer":false,"_kad_post_classname":"","footnotes":""},"class_list":["post-1756","page","type-page","status-publish","hentry"],"_links":{"self":[{"href":"http:\/\/boisleroijumelage.fr\/index.php\/wp-json\/wp\/v2\/pages\/1756","targetHints":{"allow":["GET"]}}],"collection":[{"href":"http:\/\/boisleroijumelage.fr\/index.php\/wp-json\/wp\/v2\/pages"}],"about":[{"href":"http:\/\/boisleroijumelage.fr\/index.php\/wp-json\/wp\/v2\/types\/page"}],"author":[{"embeddable":true,"href":"http:\/\/boisleroijumelage.fr\/index.php\/wp-json\/wp\/v2\/users\/1"}],"replies":[{"embeddable":true,"href":"http:\/\/boisleroijumelage.fr\/index.php\/wp-json\/wp\/v2\/comments?post=1756"}],"version-history":[{"count":6,"href":"http:\/\/boisleroijumelage.fr\/index.php\/wp-json\/wp\/v2\/pages\/1756\/revisions"}],"predecessor-version":[{"id":3264,"href":"http:\/\/boisleroijumelage.fr\/index.php\/wp-json\/wp\/v2\/pages\/1756\/revisions\/3264"}],"up":[{"embeddable":true,"href":"http:\/\/boisleroijumelage.fr\/index.php\/wp-json\/wp\/v2\/pages\/1751"}],"wp:attachment":[{"href":"http:\/\/boisleroijumelage.fr\/index.php\/wp-json\/wp\/v2\/media?parent=1756"}],"curies":[{"name":"wp","href":"https:\/\/api.w.org\/{rel}","templated":true}]}}