{"id":1842,"date":"2016-03-31T18:54:03","date_gmt":"2016-03-31T17:54:03","guid":{"rendered":"http:\/\/boisleroijumelage.fr\/?page_id=1842"},"modified":"2025-09-07T07:53:51","modified_gmt":"2025-09-07T06:53:51","slug":"jubiles","status":"publish","type":"page","link":"http:\/\/boisleroijumelage.fr\/index.php\/jubiles\/","title":{"rendered":"Jubil\u00e9s"},"content":{"rendered":"<h6>25e anniversaire \u00a0:<\/h6>\n<p><a href=\"http:\/\/boisleroijumelage.fr\/index.php\/activites\/annuelles\/programme-2016\/25eme-anniversaire-a-langenargen-2016\/\">Du 20 au 23 octobre 2016 \u00e0 Langenargen\u00a0<\/a><br \/>\n<a href=\"http:\/\/boisleroijumelage.fr\/index.php\/2017\/08\/15\/a-venir-jubile-des-25-ans-du-jumelage\">A VENIR ! \u00a0Du 19 au 22 octobre \u00a02017 \u00e0 Bois le Roi<\/a><\/p>\n<h6><\/h6>\n<h6>20e anniversaire :<\/h6>\n<p><a title=\"20\u00e8me Anniversaire \u00e0 Langenargen (2011)\" href=\"http:\/\/boisleroijumelage.fr\/index.php\/jubiles\/20eme-anniversaire-a-langenargen-2011\/\">\u00e0 Langenargen (2011)<\/a><br \/>\n<a title=\"20\u00e8me Anniversaire \u00e0 Bois le Roi (2012)\" href=\"http:\/\/boisleroijumelage.fr\/index.php\/jubiles\/20eme-anniversaire-du-jumelage-a-bois-le-roi-2012\/\">\u00e0 Bois le Roi (2012)<\/a><\/p>\n<h6><\/h6>\n<h6>15e anniversaire :<\/h6>\n<p><a href=\"\/wp-content\/uploads\/2014\/07\/15ans_du_Jumelage-LA.pdf\" target=\"_blank\" rel=\"noopener\">\u00e0 Langenargen (2006)<\/a><br \/>\n<a href=\"\/wp-content\/uploads\/2014\/07\/15ans_du_Jumelage-BLR.pdf\" target=\"_blank\" rel=\"noopener\">\u00e0 Bois le Roi (2007)<\/a><\/p>\n<h6><\/h6>\n<h6>10e anniversaire :<\/h6>\n<p><a href=\"\/wp-content\/uploads\/2014\/07\/10_ans_de_jumelage.pdf\" target=\"_blank\" rel=\"noopener\">\u00e0 Langenargen (2001)<\/a><br \/>\n\u00e0 Bois le Roi (2002)<\/p>\n<h6><\/h6>\n<h6>5e anniversaire \u00a0:<\/h6>\n<p>\u00e0 Langenargen (1996)<br \/>\n\u00e0 Bois le Roi (1997)<\/p>\n","protected":false},"excerpt":{"rendered":"<p>25e anniversaire \u00a0: Du 20 au 23 octobre 2016 \u00e0 Langenargen\u00a0 A VENIR ! \u00a0Du 19 au 22 octobre \u00a02017 \u00e0 Bois le Roi 20e anniversaire : \u00e0 Langenargen (2011) \u00e0 Bois le Roi (2012) 15e anniversaire : \u00e0 Langenargen (2006) \u00e0 Bois le Roi (2007) 10e anniversaire : \u00e0 Langenargen (2001) \u00e0 Bois le&#8230;<\/p>\n","protected":false},"author":1,"featured_media":0,"parent":0,"menu_order":40,"comment_status":"closed","ping_status":"closed","template":"","meta":{"_kadence_starter_templates_imported_post":false,"_kad_post_transparent":"","_kad_post_title":"","_kad_post_layout":"","_kad_post_sidebar_id":"","_kad_post_content_style":"","_kad_post_vertical_padding":"","_kad_post_feature":"","_kad_post_feature_position":"","_kad_post_header":false,"_kad_post_footer":false,"_kad_post_classname":"","footnotes":""},"class_list":["post-1842","page","type-page","status-publish","hentry"],"_links":{"self":[{"href":"http:\/\/boisleroijumelage.fr\/index.php\/wp-json\/wp\/v2\/pages\/1842","targetHints":{"allow":["GET"]}}],"collection":[{"href":"http:\/\/boisleroijumelage.fr\/index.php\/wp-json\/wp\/v2\/pages"}],"about":[{"href":"http:\/\/boisleroijumelage.fr\/index.php\/wp-json\/wp\/v2\/types\/page"}],"author":[{"embeddable":true,"href":"http:\/\/boisleroijumelage.fr\/index.php\/wp-json\/wp\/v2\/users\/1"}],"replies":[{"embeddable":true,"href":"http:\/\/boisleroijumelage.fr\/index.php\/wp-json\/wp\/v2\/comments?post=1842"}],"version-history":[{"count":13,"href":"http:\/\/boisleroijumelage.fr\/index.php\/wp-json\/wp\/v2\/pages\/1842\/revisions"}],"predecessor-version":[{"id":3252,"href":"http:\/\/boisleroijumelage.fr\/index.php\/wp-json\/wp\/v2\/pages\/1842\/revisions\/3252"}],"wp:attachment":[{"href":"http:\/\/boisleroijumelage.fr\/index.php\/wp-json\/wp\/v2\/media?parent=1842"}],"curies":[{"name":"wp","href":"https:\/\/api.w.org\/{rel}","templated":true}]}}