{"id":1845,"date":"2016-03-31T19:00:53","date_gmt":"2016-03-31T18:00:53","guid":{"rendered":"http:\/\/boisleroijumelage.fr\/?page_id=1845"},"modified":"2016-09-12T13:07:50","modified_gmt":"2016-09-12T12:07:50","slug":"20eme-anniversaire-a-langenargen-2011","status":"publish","type":"page","link":"http:\/\/boisleroijumelage.fr\/index.php\/jubiles\/20eme-anniversaire-a-langenargen-2011\/","title":{"rendered":"20\u00e8me Anniversaire \u00e0 Langenargen (2011)"},"content":{"rendered":"<p>Nous nous sommes tous retrouv\u00e9s \u00e0 Langernargen du 04 au 06 novembre 2011, afin de c\u00e9l\u00e9brer les 20 ans de notre jumelage !<a href=\"http:\/\/boisleroijumelage.fr\/wp-content\/uploads\/2015\/04\/20111105_20_ans_Jumelage_Langenargen__photographe___225_.JPG.jpg\"><img loading=\"lazy\" decoding=\"async\" class=\"alignright wp-image-669\" src=\"http:\/\/boisleroijumelage.fr\/wp-content\/uploads\/2015\/04\/20111105_20_ans_Jumelage_Langenargen__photographe___225_.JPG-1024x545.jpg\" alt=\"\" width=\"500\" height=\"266\" \/><\/a><\/p>\n<p><a href=\"\/wp-content\/uploads\/2015\/04\/20-ans-de-jumelage-\u00e0-Langenargen-par-Claudette.pdf\" target=\"_blank\">Le compte-rendu, c&rsquo;est par ici !<\/a><\/p>\n<p><a href=\"\/wp-content\/uploads\/2015\/04\/20-ans-de-jumelage-\u00e0-Langenargen.pdf\" target=\"_blank\">Pour encore plus de photos&#8230;<\/a><\/p>\n<p><a href=\"\/wp-content\/uploads\/2015\/04\/Schwabische_de-20e-LA.pdf\" target=\"_blank\">Article de le journal Schw\u00e4bische.de<\/a><\/p>\n","protected":false},"excerpt":{"rendered":"<p>Nous nous sommes tous retrouv\u00e9s \u00e0 Langernargen du 04 au 06 novembre 2011, afin de c\u00e9l\u00e9brer les 20 ans de notre jumelage ! Le compte-rendu, c&rsquo;est par ici ! Pour encore plus de photos&#8230; Article de le journal Schw\u00e4bische.de<\/p>\n","protected":false},"author":1,"featured_media":0,"parent":1842,"menu_order":10,"comment_status":"closed","ping_status":"closed","template":"","meta":{"_kadence_starter_templates_imported_post":false,"_kad_post_transparent":"","_kad_post_title":"","_kad_post_layout":"","_kad_post_sidebar_id":"","_kad_post_content_style":"","_kad_post_vertical_padding":"","_kad_post_feature":"","_kad_post_feature_position":"","_kad_post_header":false,"_kad_post_footer":false,"_kad_post_classname":"","footnotes":""},"class_list":["post-1845","page","type-page","status-publish","hentry"],"_links":{"self":[{"href":"http:\/\/boisleroijumelage.fr\/index.php\/wp-json\/wp\/v2\/pages\/1845","targetHints":{"allow":["GET"]}}],"collection":[{"href":"http:\/\/boisleroijumelage.fr\/index.php\/wp-json\/wp\/v2\/pages"}],"about":[{"href":"http:\/\/boisleroijumelage.fr\/index.php\/wp-json\/wp\/v2\/types\/page"}],"author":[{"embeddable":true,"href":"http:\/\/boisleroijumelage.fr\/index.php\/wp-json\/wp\/v2\/users\/1"}],"replies":[{"embeddable":true,"href":"http:\/\/boisleroijumelage.fr\/index.php\/wp-json\/wp\/v2\/comments?post=1845"}],"version-history":[{"count":3,"href":"http:\/\/boisleroijumelage.fr\/index.php\/wp-json\/wp\/v2\/pages\/1845\/revisions"}],"predecessor-version":[{"id":2191,"href":"http:\/\/boisleroijumelage.fr\/index.php\/wp-json\/wp\/v2\/pages\/1845\/revisions\/2191"}],"up":[{"embeddable":true,"href":"http:\/\/boisleroijumelage.fr\/index.php\/wp-json\/wp\/v2\/pages\/1842"}],"wp:attachment":[{"href":"http:\/\/boisleroijumelage.fr\/index.php\/wp-json\/wp\/v2\/media?parent=1845"}],"curies":[{"name":"wp","href":"https:\/\/api.w.org\/{rel}","templated":true}]}}