{"id":1848,"date":"2016-03-31T19:06:00","date_gmt":"2016-03-31T18:06:00","guid":{"rendered":"http:\/\/boisleroijumelage.fr\/?page_id=1848"},"modified":"2016-04-17T23:08:04","modified_gmt":"2016-04-17T22:08:04","slug":"20eme-anniversaire-du-jumelage-a-bois-le-roi-2012","status":"publish","type":"page","link":"http:\/\/boisleroijumelage.fr\/index.php\/jubiles\/20eme-anniversaire-du-jumelage-a-bois-le-roi-2012\/","title":{"rendered":"20\u00e8me anniversaire \u00e0 Bois le Roi (2012)"},"content":{"rendered":"<p>Du 11 au 14 octobre, 50 allemands sont venus \u00e0 Bois le Roi pour c\u00e9l\u00e9brer les 20 ans de jumelage entre nos deux villes !<\/p>\n<p><a href=\"http:\/\/boisleroijumelage.fr\/wp-content\/uploads\/2015\/06\/20-ans-de-jumelage-\u00e0-Bois-le-Roi.pdf\" target=\"_blank\" rel=\"\">D\u00e9couvrez vite les photos !<\/a><\/p>\n<p><span class=\"boutique_nom\" style=\"color: #000000;\"><strong>EXPOSITION DE PHOTOS<\/strong><\/span><br style=\"color: #000000;\" \/><span style=\"color: #000000;\">Une exposition de photos a eu lieu du 13 au 28 octobre 2012 \u00e0 cette occasion.<\/span><br style=\"color: #000000;\" \/>\u00a0Les panneaux de l&rsquo;exposition \u00e9taient r\u00e9partis sur trois sites, chacun ayant accueilli un th\u00e8me diff\u00e9rent :<\/p>\n<p style=\"color: #000000;\"><span style=\"font-size: large;\">\u00a0\u00a0\u00a0\u00a0<\/span>* Mairie\u00a0\u00a0<em>( photos des c\u00e9r\u00e9monies officielles )<\/em><\/p>\n<p style=\"color: #000000;\">\u00a0\u00a0\u00a0\u00a0\u00a0* Hall du gymnase Langenargen\u00a0<em>( photos des manifestations sportives )<\/em><\/p>\n<p style=\"color: #000000;\">\u00a0\u00a0\u00a0\u00a0\u00a0* Pr\u00e9au Olivier M\u00e9tra\u00a0\u00a0<em>( autres activit\u00e9s )<\/em><\/p>\n<p style=\"color: #000000;\">\u00a0Les panneaux et l&rsquo;exposition furent r\u00e9alis\u00e9s par Gilbert RIAUDEL et Jean-Pierre NEYTCHEFF.<\/p>\n<p style=\"color: #000000;\"><a href=\"\/wp-content\/uploads\/2015\/06\/Exposition-photo-20-ans.pptx\" target=\"_blank\">Voir l&rsquo;exposition photo<\/a><\/p>\n","protected":false},"excerpt":{"rendered":"<p>Du 11 au 14 octobre, 50 allemands sont venus \u00e0 Bois le Roi pour c\u00e9l\u00e9brer les 20 ans de jumelage entre nos deux villes ! D\u00e9couvrez vite les photos ! EXPOSITION DE PHOTOSUne exposition de photos a eu lieu du 13 au 28 octobre 2012 \u00e0 cette occasion.\u00a0Les panneaux de l&rsquo;exposition \u00e9taient r\u00e9partis sur trois&#8230;<\/p>\n","protected":false},"author":1,"featured_media":0,"parent":1842,"menu_order":20,"comment_status":"closed","ping_status":"closed","template":"","meta":{"_kadence_starter_templates_imported_post":false,"_kad_post_transparent":"","_kad_post_title":"","_kad_post_layout":"","_kad_post_sidebar_id":"","_kad_post_content_style":"","_kad_post_vertical_padding":"","_kad_post_feature":"","_kad_post_feature_position":"","_kad_post_header":false,"_kad_post_footer":false,"_kad_post_classname":"","footnotes":""},"class_list":["post-1848","page","type-page","status-publish","hentry"],"_links":{"self":[{"href":"http:\/\/boisleroijumelage.fr\/index.php\/wp-json\/wp\/v2\/pages\/1848","targetHints":{"allow":["GET"]}}],"collection":[{"href":"http:\/\/boisleroijumelage.fr\/index.php\/wp-json\/wp\/v2\/pages"}],"about":[{"href":"http:\/\/boisleroijumelage.fr\/index.php\/wp-json\/wp\/v2\/types\/page"}],"author":[{"embeddable":true,"href":"http:\/\/boisleroijumelage.fr\/index.php\/wp-json\/wp\/v2\/users\/1"}],"replies":[{"embeddable":true,"href":"http:\/\/boisleroijumelage.fr\/index.php\/wp-json\/wp\/v2\/comments?post=1848"}],"version-history":[{"count":4,"href":"http:\/\/boisleroijumelage.fr\/index.php\/wp-json\/wp\/v2\/pages\/1848\/revisions"}],"predecessor-version":[{"id":1976,"href":"http:\/\/boisleroijumelage.fr\/index.php\/wp-json\/wp\/v2\/pages\/1848\/revisions\/1976"}],"up":[{"embeddable":true,"href":"http:\/\/boisleroijumelage.fr\/index.php\/wp-json\/wp\/v2\/pages\/1842"}],"wp:attachment":[{"href":"http:\/\/boisleroijumelage.fr\/index.php\/wp-json\/wp\/v2\/media?parent=1848"}],"curies":[{"name":"wp","href":"https:\/\/api.w.org\/{rel}","templated":true}]}}