{"id":1861,"date":"2016-03-31T19:23:38","date_gmt":"2016-03-31T18:23:38","guid":{"rendered":"http:\/\/boisleroijumelage.fr\/?page_id=1861"},"modified":"2018-02-28T15:31:51","modified_gmt":"2018-02-28T14:31:51","slug":"noli","status":"publish","type":"page","link":"http:\/\/boisleroijumelage.fr\/index.php\/partenaires\/noli\/","title":{"rendered":"Avec Noli"},"content":{"rendered":"<p style=\"color: #000000; text-align: left;\"><img loading=\"lazy\" decoding=\"async\" class=\"alignnone wp-image-1368\" src=\"http:\/\/boisleroijumelage.fr\/wp-content\/uploads\/2014\/07\/blason_it_noli.gif\" alt=\"[cml_media_alt id='1368']blason_it_noli[\/cml_media_alt]\" width=\"100\" height=\"91\" \/>Actuellement, la ville de Langenargen\u00a0est jumel\u00e9e avec la ville italienne de Noli.<\/p>\n<p style=\"color: #000000; text-align: left;\"><a href=\"http:\/\/www.boisleroijumelage.fr\/wp-content\/uploads\/2014\/07\/Un-drapeau-aux-etoiles-ceremonie-jumelage-LA-Noli1.doc\">Un drapeau aux etoiles, ceremonie jumelage LA-Noli<\/a>, t\u00e9moignage de Gilbert Riaudel.<\/p>\n<p style=\"color: #000000; text-align: left;\">Du cot\u00e9 de Bois le Roi, des relations sont \u00e9tablies avec Noli\u00a0depuis plusieurs ann\u00e9es.\u00a0Dans un premier temps, ils&rsquo;agissait simplement d&rsquo;un partenariat.\u00a0 Un concours de dessin avait \u00e9t\u00e9 organis\u00e9 en 2009, entre les enfants des \u00e9coles de Noli \u00a0et \u00a0de Bois le Roi.<\/p>\n<figure id=\"attachment_1370\" aria-describedby=\"caption-attachment-1370\" style=\"width: 350px\" class=\"wp-caption aligncenter\"><a href=\"http:\/\/boisleroijumelage.olympe.in\/wp-content\/uploads\/2014\/07\/IMG_1550.jpg\"><img loading=\"lazy\" decoding=\"async\" class=\"wp-image-1370\" src=\"http:\/\/boisleroijumelage.fr\/wp-content\/uploads\/2014\/07\/IMG_1550.jpg\" alt=\"[cml_media_alt id='1370']IMG_1550[\/cml_media_alt]\" width=\"350\" height=\"234\" \/><\/a><figcaption id=\"caption-attachment-1370\" class=\"wp-caption-text\">(M. Ambrogio Repetto, maire de Noli, Mme Nicole Delporte, alors maire de Bois le Roi, M. Rolf M\u00fcller, alors maire de Langenargen)<\/figcaption><\/figure>\n<p style=\"color: #000000; text-align: left;\">Noli a offert aux <a href=\"http:\/\/www.boisleroijumelage.fr\/wp-content\/uploads\/2014\/07\/Gagnant-concours-dessin-BLR-Noli.doc\">gagnants de Bois le Roi<\/a>\u00a0 des t-shirts aux couleurs de Noli, et Bois le Roi\u00a0Jumelage\u00a0a offert des mugs du ch\u00e2teau de Fontainebleau aux <a href=\"http:\/\/www.boisleroijumelage.fr\/wp-content\/uploads\/2014\/07\/Gagnant-concours-dessin-BLR-Noli.doc\">gagnants de Noli<\/a>.<\/p>\n<p>&nbsp;<\/p>\n<p style=\"color: #000000; text-align: left;\">Une d\u00e9l\u00e9gation municipale de Noli\u00a0est venue \u00e0 Bois le Roi les 13 et 14 oct 2012, assister aux festivit\u00e9s du 20\u00e8me anniversaire du jumelage entre Bois le Roi\u00a0et Langenargen.<\/p>\n<p style=\"color: #000000; text-align: left;\">Puis le 16 f\u00e9v 2013, Mme le Maire de Bois le Roi a organis\u00e9 \u00e0 la Mairie une r\u00e9union publique afin d&rsquo;avoir une id\u00e9e du nombre de Bacots int\u00e9ress\u00e9s par ce jumelage.<\/p>\n<p style=\"color: #000000; text-align: left;\">\n","protected":false},"excerpt":{"rendered":"<p>Actuellement, la ville de Langenargen\u00a0est jumel\u00e9e avec la ville italienne de Noli. Un drapeau aux etoiles, ceremonie jumelage LA-Noli, t\u00e9moignage de Gilbert Riaudel. Du cot\u00e9 de Bois le Roi, des relations sont \u00e9tablies avec Noli\u00a0depuis plusieurs ann\u00e9es.\u00a0Dans un premier temps, ils&rsquo;agissait simplement d&rsquo;un partenariat.\u00a0 Un concours de dessin avait \u00e9t\u00e9 organis\u00e9 en 2009, entre les&#8230;<\/p>\n","protected":false},"author":1,"featured_media":0,"parent":1798,"menu_order":10,"comment_status":"closed","ping_status":"closed","template":"","meta":{"_kadence_starter_templates_imported_post":false,"_kad_post_transparent":"","_kad_post_title":"","_kad_post_layout":"","_kad_post_sidebar_id":"","_kad_post_content_style":"","_kad_post_vertical_padding":"","_kad_post_feature":"","_kad_post_feature_position":"","_kad_post_header":false,"_kad_post_footer":false,"_kad_post_classname":"","footnotes":""},"class_list":["post-1861","page","type-page","status-publish","hentry"],"_links":{"self":[{"href":"http:\/\/boisleroijumelage.fr\/index.php\/wp-json\/wp\/v2\/pages\/1861","targetHints":{"allow":["GET"]}}],"collection":[{"href":"http:\/\/boisleroijumelage.fr\/index.php\/wp-json\/wp\/v2\/pages"}],"about":[{"href":"http:\/\/boisleroijumelage.fr\/index.php\/wp-json\/wp\/v2\/types\/page"}],"author":[{"embeddable":true,"href":"http:\/\/boisleroijumelage.fr\/index.php\/wp-json\/wp\/v2\/users\/1"}],"replies":[{"embeddable":true,"href":"http:\/\/boisleroijumelage.fr\/index.php\/wp-json\/wp\/v2\/comments?post=1861"}],"version-history":[{"count":6,"href":"http:\/\/boisleroijumelage.fr\/index.php\/wp-json\/wp\/v2\/pages\/1861\/revisions"}],"predecessor-version":[{"id":2992,"href":"http:\/\/boisleroijumelage.fr\/index.php\/wp-json\/wp\/v2\/pages\/1861\/revisions\/2992"}],"up":[{"embeddable":true,"href":"http:\/\/boisleroijumelage.fr\/index.php\/wp-json\/wp\/v2\/pages\/1798"}],"wp:attachment":[{"href":"http:\/\/boisleroijumelage.fr\/index.php\/wp-json\/wp\/v2\/media?parent=1861"}],"curies":[{"name":"wp","href":"https:\/\/api.w.org\/{rel}","templated":true}]}}