{"id":199,"date":"2014-07-27T17:30:59","date_gmt":"2014-07-27T16:30:59","guid":{"rendered":"http:\/\/localhost\/wordpress\/?page_id=199"},"modified":"2025-09-07T08:30:48","modified_gmt":"2025-09-07T07:30:48","slug":"recurrentes","status":"publish","type":"page","link":"http:\/\/boisleroijumelage.fr\/index.php\/activites\/recurrentes\/","title":{"rendered":"Activit\u00e9s r\u00e9currentes"},"content":{"rendered":"<h6>D\u00e9couvrez ici le principe de ces\u00a0activit\u00e9s r\u00e9currentes qui rythment la vie de notre jumelage depuis de nombreuses ann\u00e9es !<\/h6>\n<p>&nbsp;<\/p>\n<p>Deutsch Kaf\u00e9\u00a0(Bois le Roi &#8211; conversation en allemand)<\/p>\n<p>Kaf ap\u00e9ro\u00a0(Bois le Roi &#8211; le premier dimanche du mois, au caf\u00e9 de la gare)<\/p>\n<p><a title=\"Uferfest\" href=\"http:\/\/boisleroijumelage.fr\/index.php\/activites\/recurrentes\/uferfest\/\">Uferfest<\/a>\u00a0 (Langenargen &#8211; 4 jours fin juillet \/ d\u00e9but ao\u00fbt)<\/p>\n<p><a title=\"Ferienjobs\" href=\"http:\/\/boisleroijumelage.fr\/index.php\/activites\/recurrentes\/ferienjobs\/\">Ferienjobs <\/a>(Langenargen en juillet \/ Bois le Roi en ao\u00fbt &#8211; 15 jours)<\/p>\n<p><a title=\"Semaine des jeunes\" href=\"http:\/\/boisleroijumelage.fr\/index.php\/activites\/recurrentes\/semaine-des-jeunes\/\">Semaine des jeunes<\/a>\u00a0 (En ao\u00fbt &#8211; une ann\u00e9e \u00e0 Langenargen \/ L&rsquo;ann\u00e9e d&rsquo;apr\u00e8s \u00e0 Bois le Roi)<\/p>\n<p><a title=\"Stammtisch\" href=\"http:\/\/boisleroijumelage.fr\/index.php\/activites\/recurrentes\/stammtisch\/\">Stammtische<\/a>\u00a0 \u00a0\u00a0(Bois le Roi &#8211; 1 par saison)<\/p>\n<p><a title=\"Festival of Europe\" href=\"http:\/\/boisleroijumelage.fr\/index.php\/activites\/recurrentes\/festival-of-europe\/\">Festival of Europe<\/a> (Bois le Roi &#8211; Organis\u00e9 par Colors of Europe)<\/p>\n<p>&nbsp;<\/p>\n","protected":false},"excerpt":{"rendered":"<p>D\u00e9couvrez ici le principe de ces\u00a0activit\u00e9s r\u00e9currentes qui rythment la vie de notre jumelage depuis de nombreuses ann\u00e9es ! &nbsp; Deutsch Kaf\u00e9\u00a0(Bois le Roi &#8211; conversation en allemand) Kaf ap\u00e9ro\u00a0(Bois le Roi &#8211; le premier dimanche du mois, au caf\u00e9 de la gare) Uferfest\u00a0 (Langenargen &#8211; 4 jours fin juillet \/ d\u00e9but ao\u00fbt) Ferienjobs (Langenargen&#8230;<\/p>\n","protected":false},"author":1,"featured_media":0,"parent":9,"menu_order":0,"comment_status":"closed","ping_status":"closed","template":"","meta":{"_kadence_starter_templates_imported_post":false,"_kad_post_transparent":"","_kad_post_title":"","_kad_post_layout":"","_kad_post_sidebar_id":"","_kad_post_content_style":"","_kad_post_vertical_padding":"","_kad_post_feature":"","_kad_post_feature_position":"","_kad_post_header":false,"_kad_post_footer":false,"_kad_post_classname":"","footnotes":""},"class_list":["post-199","page","type-page","status-publish","hentry"],"_links":{"self":[{"href":"http:\/\/boisleroijumelage.fr\/index.php\/wp-json\/wp\/v2\/pages\/199","targetHints":{"allow":["GET"]}}],"collection":[{"href":"http:\/\/boisleroijumelage.fr\/index.php\/wp-json\/wp\/v2\/pages"}],"about":[{"href":"http:\/\/boisleroijumelage.fr\/index.php\/wp-json\/wp\/v2\/types\/page"}],"author":[{"embeddable":true,"href":"http:\/\/boisleroijumelage.fr\/index.php\/wp-json\/wp\/v2\/users\/1"}],"replies":[{"embeddable":true,"href":"http:\/\/boisleroijumelage.fr\/index.php\/wp-json\/wp\/v2\/comments?post=199"}],"version-history":[{"count":7,"href":"http:\/\/boisleroijumelage.fr\/index.php\/wp-json\/wp\/v2\/pages\/199\/revisions"}],"predecessor-version":[{"id":3256,"href":"http:\/\/boisleroijumelage.fr\/index.php\/wp-json\/wp\/v2\/pages\/199\/revisions\/3256"}],"up":[{"embeddable":true,"href":"http:\/\/boisleroijumelage.fr\/index.php\/wp-json\/wp\/v2\/pages\/9"}],"wp:attachment":[{"href":"http:\/\/boisleroijumelage.fr\/index.php\/wp-json\/wp\/v2\/media?parent=199"}],"curies":[{"name":"wp","href":"https:\/\/api.w.org\/{rel}","templated":true}]}}