{"id":2063,"date":"2016-08-02T22:19:22","date_gmt":"2016-08-02T21:19:22","guid":{"rendered":"http:\/\/boisleroijumelage.fr\/?page_id=2063"},"modified":"2016-09-14T18:41:32","modified_gmt":"2016-09-14T17:41:32","slug":"uferfest-2016","status":"publish","type":"page","link":"http:\/\/boisleroijumelage.fr\/index.php\/activites\/annuelles\/programme-2016\/uferfest-2016\/","title":{"rendered":"Uferfest 2016"},"content":{"rendered":"<p><img loading=\"lazy\" decoding=\"async\" class=\"size-medium wp-image-2075 alignright\" src=\"http:\/\/boisleroijumelage.fr\/wp-content\/uploads\/2016\/08\/IMG_20160729_193158-300x225.jpg\" alt=\"[cml_media_alt id='2075']Uferfest 2016[\/cml_media_alt]\" width=\"300\" height=\"225\" srcset=\"http:\/\/boisleroijumelage.fr\/wp-content\/uploads\/2016\/08\/IMG_20160729_193158-300x225.jpg 300w, http:\/\/boisleroijumelage.fr\/wp-content\/uploads\/2016\/08\/IMG_20160729_193158-768x576.jpg 768w, http:\/\/boisleroijumelage.fr\/wp-content\/uploads\/2016\/08\/IMG_20160729_193158-644x483.jpg 644w\" sizes=\"auto, (max-width: 300px) 100vw, 300px\" \/>A Langenargen, sur le bord du Bodensee, un rendez-vous incontournable !<\/p>\n<p>Comme tous les ans, les adh\u00e9rents de Bois le Roi jumelage ont choisi de participer \u00e0 l&rsquo;\u00dcferfest du 29 juillet au 01 ao\u00fbt 2016. Le traditionnel stand de cr\u00eapes et de vins fran\u00e7ais a \u00e9t\u00e9 tenu par des \u00a0\u00e9quipes de b\u00e9n\u00e9voles franco-allemandes. Mais cette ann\u00e9e, une originalit\u00e9 \u00e9tait au programme pour les 25 ans du jumelage : un \u00ab\u00a0tube\u00a0\u00bb Citro\u00ebn aux couleurs du drapeau fran\u00e7ais tr\u00f4nait dans cet espace convivial. Son hayon s&rsquo;ouvrait pour vendre des assiettes de fromage fran\u00e7ais : un vrai succ\u00e8s !<\/p>\n<p><img loading=\"lazy\" decoding=\"async\" class=\"size-medium wp-image-2076 alignright\" src=\"http:\/\/boisleroijumelage.fr\/wp-content\/uploads\/2016\/08\/20160729_141234-300x180.jpg\" alt=\"[cml_media_alt id='2076']Stand Cr\u00eapes Uferfest 2016[\/cml_media_alt]\" width=\"300\" height=\"180\" srcset=\"http:\/\/boisleroijumelage.fr\/wp-content\/uploads\/2016\/08\/20160729_141234-300x180.jpg 300w, http:\/\/boisleroijumelage.fr\/wp-content\/uploads\/2016\/08\/20160729_141234-768x461.jpg 768w, http:\/\/boisleroijumelage.fr\/wp-content\/uploads\/2016\/08\/20160729_141234-644x386.jpg 644w\" sizes=\"auto, (max-width: 300px) 100vw, 300px\" \/>Un festival de d\u00e9gustations : Currywurst, Maultasche, Seele, Kn\u00fcsperli, \u00a0bi\u00e8re, schnaps, Apfelschorle&#8230; s&rsquo;offraient aux visiteurs selon les go\u00fbts de chacun pour leur plus grand plaisir. Le samedi soir, le d\u00e9fil\u00e9 des barques orn\u00e9es de lampions \u00a0a enchant\u00e9 nos yeux, et le feu d&rsquo;artifice \u00a0tir\u00e9 sur le lac nous a ravis. Le lendemain, la Fanfarenzug a d\u00e9ambul\u00e9 au son d&rsquo;une musique bien rythm\u00e9e au milieu de la foule, pour la conduire jusqu&rsquo;aux joutes qui avaient lieu dans le port.<img loading=\"lazy\" decoding=\"async\" class=\"size-medium wp-image-2078 alignright\" src=\"http:\/\/boisleroijumelage.fr\/wp-content\/uploads\/2016\/08\/uferfest-14-300x180-300x180.jpg\" alt=\"[cml_media_alt id='2078']uferfest-14-300x180[\/cml_media_alt]\" width=\"300\" height=\"180\" \/><\/p>\n<p>Encore une fois, cette f\u00eate du lac fut une r\u00e9ussite !<\/p>\n<p>Plus de photos <a href=\"https:\/\/www.facebook.com\/boisleroilangenargen\/photos\/?tab=album&amp;album_id=853362714763471\" target=\"_blank\">ici <\/a>!<\/p>\n","protected":false},"excerpt":{"rendered":"<p>A Langenargen, sur le bord du Bodensee, un rendez-vous incontournable ! Comme tous les ans, les adh\u00e9rents de Bois le Roi jumelage ont choisi de participer \u00e0 l&rsquo;\u00dcferfest du 29 juillet au 01 ao\u00fbt 2016. Le traditionnel stand de cr\u00eapes et de vins fran\u00e7ais a \u00e9t\u00e9 tenu par des \u00a0\u00e9quipes de b\u00e9n\u00e9voles franco-allemandes. Mais cette&#8230;<\/p>\n","protected":false},"author":1,"featured_media":0,"parent":1155,"menu_order":70,"comment_status":"closed","ping_status":"closed","template":"","meta":{"_kadence_starter_templates_imported_post":false,"_kad_post_transparent":"","_kad_post_title":"","_kad_post_layout":"","_kad_post_sidebar_id":"","_kad_post_content_style":"","_kad_post_vertical_padding":"","_kad_post_feature":"","_kad_post_feature_position":"","_kad_post_header":false,"_kad_post_footer":false,"_kad_post_classname":"","footnotes":""},"class_list":["post-2063","page","type-page","status-publish","hentry"],"_links":{"self":[{"href":"http:\/\/boisleroijumelage.fr\/index.php\/wp-json\/wp\/v2\/pages\/2063","targetHints":{"allow":["GET"]}}],"collection":[{"href":"http:\/\/boisleroijumelage.fr\/index.php\/wp-json\/wp\/v2\/pages"}],"about":[{"href":"http:\/\/boisleroijumelage.fr\/index.php\/wp-json\/wp\/v2\/types\/page"}],"author":[{"embeddable":true,"href":"http:\/\/boisleroijumelage.fr\/index.php\/wp-json\/wp\/v2\/users\/1"}],"replies":[{"embeddable":true,"href":"http:\/\/boisleroijumelage.fr\/index.php\/wp-json\/wp\/v2\/comments?post=2063"}],"version-history":[{"count":5,"href":"http:\/\/boisleroijumelage.fr\/index.php\/wp-json\/wp\/v2\/pages\/2063\/revisions"}],"predecessor-version":[{"id":2322,"href":"http:\/\/boisleroijumelage.fr\/index.php\/wp-json\/wp\/v2\/pages\/2063\/revisions\/2322"}],"up":[{"embeddable":true,"href":"http:\/\/boisleroijumelage.fr\/index.php\/wp-json\/wp\/v2\/pages\/1155"}],"wp:attachment":[{"href":"http:\/\/boisleroijumelage.fr\/index.php\/wp-json\/wp\/v2\/media?parent=2063"}],"curies":[{"name":"wp","href":"https:\/\/api.w.org\/{rel}","templated":true}]}}