{"id":2082,"date":"2016-08-31T12:52:01","date_gmt":"2016-08-31T11:52:01","guid":{"rendered":"http:\/\/boisleroijumelage.fr\/?page_id=2082"},"modified":"2016-09-25T22:47:03","modified_gmt":"2016-09-25T21:47:03","slug":"ferienjobs-2016","status":"publish","type":"page","link":"http:\/\/boisleroijumelage.fr\/index.php\/activites\/annuelles\/programme-2016\/ferienjobs-2016\/","title":{"rendered":"Ferienjobs 2016"},"content":{"rendered":"<p><a title=\"Ferienjobs\" href=\"http:\/\/boisleroijumelage.fr\/index.php\/activites\/recurrentes\/ferienjobs\/\">Cliquez ici pour d\u00e9couvrir<\/a><a title=\"Ferienjobs\" href=\"http:\/\/boisleroijumelage.fr\/index.php\/activites\/recurrentes\/ferienjobs\/\">\u00a0le principe des Ferienjobs !<\/a><\/p>\n<p>D\u00e9couvrez le t\u00e9moignage des<a href=\"http:\/\/boisleroijumelage.fr\/index.php\/activites\/recurrentes\/ferienjobs\/\"><img loading=\"lazy\" decoding=\"async\" class=\"alignright wp-image-2048 size-thumbnail\" src=\"http:\/\/boisleroijumelage.fr\/wp-content\/uploads\/2016\/07\/Bois-le-Roi-jumelage-Ferienjobs-2016-Arriv\u00e9e-\u00e0-Langenargen-150x150.jpg\" alt=\"[cml_media_alt id='2048']Bois le Roi jumelage - Ferienjobs 2016 - Arriv\u00e9e \u00e0 Langenargen[\/cml_media_alt]\" width=\"150\" height=\"150\" \/><\/a> <a href=\"http:\/\/boisleroijumelage.fr\/index.php\/activites\/recurrentes\/ferienjobs\/\"><img loading=\"lazy\" decoding=\"async\" class=\"alignright wp-image-2355 size-thumbnail\" src=\"http:\/\/boisleroijumelage.fr\/wp-content\/uploads\/2016\/08\/Richard-Teich-Soleil-Bacot-Ferienjob-2016-150x150.jpg\" alt=\"[cml_media_alt id='2355']richard-teich-soleil-bacot-ferienjob-2016[\/cml_media_alt]\" width=\"150\" height=\"150\" \/><\/a>jeunes de cette ann\u00e9e :<\/p>\n<p>\u2013 <a href=\"http:\/\/boisleroijumelage.fr\/wp-content\/uploads\/2016\/08\/Ferienjob-2016-Emmanuelle-Hargain.docx\" rel=\"\">Emmanuelle Hargain<\/a>, au Kindergarten de Langenargen<\/p>\n<p>\u2013 <a href=\"http:\/\/boisleroijumelage.fr\/wp-content\/uploads\/2016\/08\/Ferienjob-2016-Jacques-Gounelle.docx\" rel=\"\">Jacques Gounelle<\/a>, au Bauhof de Langenargen<\/p>\n<p>\u2013 <a href=\"http:\/\/boisleroijumelage.fr\/wp-content\/uploads\/2016\/08\/Langenargen-2016.pdf\" rel=\"\">S\u00e9raphin Le Noir de Carlan<\/a>, au Bauhof de Langenargen<\/p>\n","protected":false},"excerpt":{"rendered":"<p>Cliquez ici pour d\u00e9couvrir\u00a0le principe des Ferienjobs ! D\u00e9couvrez le t\u00e9moignage des jeunes de cette ann\u00e9e : \u2013 Emmanuelle Hargain, au Kindergarten de Langenargen \u2013 Jacques Gounelle, au Bauhof de Langenargen \u2013 S\u00e9raphin Le Noir de Carlan, au Bauhof de Langenargen<\/p>\n","protected":false},"author":1,"featured_media":0,"parent":1155,"menu_order":60,"comment_status":"closed","ping_status":"closed","template":"","meta":{"_kadence_starter_templates_imported_post":false,"_kad_post_transparent":"","_kad_post_title":"","_kad_post_layout":"","_kad_post_sidebar_id":"","_kad_post_content_style":"","_kad_post_vertical_padding":"","_kad_post_feature":"","_kad_post_feature_position":"","_kad_post_header":false,"_kad_post_footer":false,"_kad_post_classname":"","footnotes":""},"class_list":["post-2082","page","type-page","status-publish","hentry"],"_links":{"self":[{"href":"http:\/\/boisleroijumelage.fr\/index.php\/wp-json\/wp\/v2\/pages\/2082","targetHints":{"allow":["GET"]}}],"collection":[{"href":"http:\/\/boisleroijumelage.fr\/index.php\/wp-json\/wp\/v2\/pages"}],"about":[{"href":"http:\/\/boisleroijumelage.fr\/index.php\/wp-json\/wp\/v2\/types\/page"}],"author":[{"embeddable":true,"href":"http:\/\/boisleroijumelage.fr\/index.php\/wp-json\/wp\/v2\/users\/1"}],"replies":[{"embeddable":true,"href":"http:\/\/boisleroijumelage.fr\/index.php\/wp-json\/wp\/v2\/comments?post=2082"}],"version-history":[{"count":9,"href":"http:\/\/boisleroijumelage.fr\/index.php\/wp-json\/wp\/v2\/pages\/2082\/revisions"}],"predecessor-version":[{"id":2361,"href":"http:\/\/boisleroijumelage.fr\/index.php\/wp-json\/wp\/v2\/pages\/2082\/revisions\/2361"}],"up":[{"embeddable":true,"href":"http:\/\/boisleroijumelage.fr\/index.php\/wp-json\/wp\/v2\/pages\/1155"}],"wp:attachment":[{"href":"http:\/\/boisleroijumelage.fr\/index.php\/wp-json\/wp\/v2\/media?parent=2082"}],"curies":[{"name":"wp","href":"https:\/\/api.w.org\/{rel}","templated":true}]}}