{"id":2088,"date":"2016-08-31T15:37:10","date_gmt":"2016-08-31T14:37:10","guid":{"rendered":"http:\/\/boisleroijumelage.fr\/?page_id=2088"},"modified":"2016-11-08T14:13:52","modified_gmt":"2016-11-08T13:13:52","slug":"semaine-des-jeunes-2016","status":"publish","type":"page","link":"http:\/\/boisleroijumelage.fr\/index.php\/activites\/annuelles\/programme-2016\/semaine-des-jeunes-2016\/","title":{"rendered":"Semaine des jeunes 2016"},"content":{"rendered":"<p><iframe loading=\"lazy\" src=\"https:\/\/www.youtube.com\/embed\/JUSf_RNVDMU\" width=\"560\" height=\"315\" frameborder=\"0\" allowfullscreen=\"allowfullscreen\"><\/iframe><\/p>\n<p>Cette ann\u00e9e, ce sont une vingtaine de\u00a0\u00a0 jeunes fran\u00e7ais et allemands entre 11 et 16 ans qui se sont retrouv\u00e9s \u00a0\u00e0 Hirschau en Autriche, du 03 au 10 ao\u00fbt 2016. Riche en activit\u00e9s, le programme n&rsquo;\u00e9tait pas de tout repos, puisqu&rsquo;en montagne , il faut marcher \u00a0! Mais les nombreuses rencontres fort sympathiques \u00a0nous ont mis le baume au coeur, et c&rsquo;est tous motiv\u00e9s que nous avons randonn\u00e9 jusqu&rsquo;en haut des monts&#8230; Bien s\u00fbr, nous nous sommes \u00e9galement d\u00e9tendus en nous baignant \u00e0 l&rsquo;air libre ou en faisant des barbecues ;)<\/p>\n<p>Voici le <a href=\"http:\/\/boisleroijumelage.fr\/wp-content\/uploads\/2016\/08\/Journal-de-bord-images-compress\u00e9es-1.pdf\" rel=\"\">journal de bord<\/a>\u00a0\u00a0des jeunes participants&#8230;<\/p>\n<p>Toutes les photos <a href=\"https:\/\/www.facebook.com\/boisleroilangenargen\/photos\/?tab=album&amp;album_id=866975386735537\" target=\"_blank\">ici<\/a>\u00a0!<\/p>\n","protected":false},"excerpt":{"rendered":"<p>Cette ann\u00e9e, ce sont une vingtaine de\u00a0\u00a0 jeunes fran\u00e7ais et allemands entre 11 et 16 ans qui se sont retrouv\u00e9s \u00a0\u00e0 Hirschau en Autriche, du 03 au 10 ao\u00fbt 2016. Riche en activit\u00e9s, le programme n&rsquo;\u00e9tait pas de tout repos, puisqu&rsquo;en montagne , il faut marcher \u00a0! Mais les nombreuses rencontres fort sympathiques \u00a0nous ont&#8230;<\/p>\n","protected":false},"author":1,"featured_media":0,"parent":1155,"menu_order":80,"comment_status":"closed","ping_status":"closed","template":"","meta":{"_kadence_starter_templates_imported_post":false,"_kad_post_transparent":"","_kad_post_title":"","_kad_post_layout":"","_kad_post_sidebar_id":"","_kad_post_content_style":"","_kad_post_vertical_padding":"","_kad_post_feature":"","_kad_post_feature_position":"","_kad_post_header":false,"_kad_post_footer":false,"_kad_post_classname":"","footnotes":""},"class_list":["post-2088","page","type-page","status-publish","hentry"],"_links":{"self":[{"href":"http:\/\/boisleroijumelage.fr\/index.php\/wp-json\/wp\/v2\/pages\/2088","targetHints":{"allow":["GET"]}}],"collection":[{"href":"http:\/\/boisleroijumelage.fr\/index.php\/wp-json\/wp\/v2\/pages"}],"about":[{"href":"http:\/\/boisleroijumelage.fr\/index.php\/wp-json\/wp\/v2\/types\/page"}],"author":[{"embeddable":true,"href":"http:\/\/boisleroijumelage.fr\/index.php\/wp-json\/wp\/v2\/users\/1"}],"replies":[{"embeddable":true,"href":"http:\/\/boisleroijumelage.fr\/index.php\/wp-json\/wp\/v2\/comments?post=2088"}],"version-history":[{"count":12,"href":"http:\/\/boisleroijumelage.fr\/index.php\/wp-json\/wp\/v2\/pages\/2088\/revisions"}],"predecessor-version":[{"id":2397,"href":"http:\/\/boisleroijumelage.fr\/index.php\/wp-json\/wp\/v2\/pages\/2088\/revisions\/2397"}],"up":[{"embeddable":true,"href":"http:\/\/boisleroijumelage.fr\/index.php\/wp-json\/wp\/v2\/pages\/1155"}],"wp:attachment":[{"href":"http:\/\/boisleroijumelage.fr\/index.php\/wp-json\/wp\/v2\/media?parent=2088"}],"curies":[{"name":"wp","href":"https:\/\/api.w.org\/{rel}","templated":true}]}}