{"id":2117,"date":"2016-09-09T16:52:21","date_gmt":"2016-09-09T15:52:21","guid":{"rendered":"http:\/\/boisleroijumelage.fr\/?page_id=2117"},"modified":"2016-09-09T16:58:46","modified_gmt":"2016-09-09T15:58:46","slug":"5e-edition-du-festival-of-europe-2016","status":"publish","type":"page","link":"http:\/\/boisleroijumelage.fr\/index.php\/activites\/annuelles\/programme-2016\/5e-edition-du-festival-of-europe-2016\/","title":{"rendered":"Festival of Europe n\u00b05 (2016)"},"content":{"rendered":"<p><img loading=\"lazy\" decoding=\"async\" class=\"size-medium wp-image-2124 alignright\" src=\"http:\/\/boisleroijumelage.fr\/wp-content\/uploads\/2016\/09\/13320915_792361040863639_6957904042290557703_o-300x215.jpg\" alt=\"[cml_media_alt id='2124']13320915_792361040863639_6957904042290557703_o[\/cml_media_alt]\" width=\"300\" height=\"215\" srcset=\"http:\/\/boisleroijumelage.fr\/wp-content\/uploads\/2016\/09\/13320915_792361040863639_6957904042290557703_o-300x215.jpg 300w, http:\/\/boisleroijumelage.fr\/wp-content\/uploads\/2016\/09\/13320915_792361040863639_6957904042290557703_o-768x551.jpg 768w, http:\/\/boisleroijumelage.fr\/wp-content\/uploads\/2016\/09\/13320915_792361040863639_6957904042290557703_o-644x462.jpg 644w, http:\/\/boisleroijumelage.fr\/wp-content\/uploads\/2016\/09\/13320915_792361040863639_6957904042290557703_o.jpg 1000w\" sizes=\"auto, (max-width: 300px) 100vw, 300px\" \/>Cette ann\u00e9e, la 5<sup>\u00e8me<\/sup> \u00e9dition du <a href=\"http:\/\/www.festivalofeurope.org\" target=\"_blank\">Festival of Europe<\/a>, les 21 et 22 mai dernier, sur le th\u00e8me \u00ab\u00a0Bien-\u00eatre e bien vivre ensemble\u00a0\u00bb, fut une r\u00e9ussite aussi bien sur le plan des rencontres intellectuelles autour de la question europ\u00e9enne que sur l\u2019ambiance et la convivialit\u00e9, un enrichissement motiv\u00e9 par l\u2019envie de chacun de partager sa culture. En t\u00e9moignent le caf\u00e9-rencontres autour du Brexit, le parcours de golf pour d\u00e9couvrir les int\u00e9grations europ\u00e9ennes ou encore la soir\u00e9e concert du samedi soir\u2026<\/p>\n<p>La base de loisirs r\u00e9gionale de Bois le Roi a une fois de plus servi d\u2019espace d\u2019accueil, permettant \u00e0 tout le monde de profiter d\u2019un week-end riche en activit\u00e9s.<\/p>\n<p>Notre jumelage, comme chaque ann\u00e9e, y a tenu un stand afin d&rsquo;accueillir les visiteurs\u00a0 avec une d\u00e9coration symbolique de l\u2019Allemagne aussi belle qu\u2019impressionnante. En effet, nombreux furent ceux qui, d\u00e9gustant Bretzels et jus de pomme, contempl\u00e8rent l\u2019arbre de Mai r\u00e9alis\u00e9 pour l&rsquo;occasion, qui affichait les photos des activit\u00e9s phares du jumelage depuis 25 ans.<\/p>\n<p>La d\u00e9couverte et la convivialit\u00e9 \u00e9taient au rendez-vous tout au long du week-end, pendant lequel les pays europ\u00e9ens pr\u00e9sent\u00e8rent fi\u00e8rement leurs diff\u00e9rences culturelles aussi bien gastronomiques qu\u2019artisanales ou encore artistiques, \u00a0depuis leur stand, la sc\u00e8ne ou les terrains de sport, rassembl\u00e9s et unis, entre petits et grands.<\/p>\n<p>Bois-le-Roi jumelage est partenaire du Festival of Europe depuis sa 1\u00e8re \u00e9dition et nous sommes heureux de partager chaque ann\u00e9e les valeurs pr\u00f4n\u00e9es dans cet \u00e9v\u00e9nement !<\/p>\n","protected":false},"excerpt":{"rendered":"<p>Cette ann\u00e9e, la 5\u00e8me \u00e9dition du Festival of Europe, les 21 et 22 mai dernier, sur le th\u00e8me \u00ab\u00a0Bien-\u00eatre e bien vivre ensemble\u00a0\u00bb, fut une r\u00e9ussite aussi bien sur le plan des rencontres intellectuelles autour de la question europ\u00e9enne que sur l\u2019ambiance et la convivialit\u00e9, un enrichissement motiv\u00e9 par l\u2019envie de chacun de partager sa&#8230;<\/p>\n","protected":false},"author":1,"featured_media":2124,"parent":1155,"menu_order":40,"comment_status":"closed","ping_status":"closed","template":"","meta":{"_kadence_starter_templates_imported_post":false,"_kad_post_transparent":"","_kad_post_title":"","_kad_post_layout":"","_kad_post_sidebar_id":"","_kad_post_content_style":"","_kad_post_vertical_padding":"","_kad_post_feature":"","_kad_post_feature_position":"","_kad_post_header":false,"_kad_post_footer":false,"_kad_post_classname":"","footnotes":""},"class_list":["post-2117","page","type-page","status-publish","has-post-thumbnail","hentry"],"_links":{"self":[{"href":"http:\/\/boisleroijumelage.fr\/index.php\/wp-json\/wp\/v2\/pages\/2117","targetHints":{"allow":["GET"]}}],"collection":[{"href":"http:\/\/boisleroijumelage.fr\/index.php\/wp-json\/wp\/v2\/pages"}],"about":[{"href":"http:\/\/boisleroijumelage.fr\/index.php\/wp-json\/wp\/v2\/types\/page"}],"author":[{"embeddable":true,"href":"http:\/\/boisleroijumelage.fr\/index.php\/wp-json\/wp\/v2\/users\/1"}],"replies":[{"embeddable":true,"href":"http:\/\/boisleroijumelage.fr\/index.php\/wp-json\/wp\/v2\/comments?post=2117"}],"version-history":[{"count":6,"href":"http:\/\/boisleroijumelage.fr\/index.php\/wp-json\/wp\/v2\/pages\/2117\/revisions"}],"predecessor-version":[{"id":2126,"href":"http:\/\/boisleroijumelage.fr\/index.php\/wp-json\/wp\/v2\/pages\/2117\/revisions\/2126"}],"up":[{"embeddable":true,"href":"http:\/\/boisleroijumelage.fr\/index.php\/wp-json\/wp\/v2\/pages\/1155"}],"wp:featuredmedia":[{"embeddable":true,"href":"http:\/\/boisleroijumelage.fr\/index.php\/wp-json\/wp\/v2\/media\/2124"}],"wp:attachment":[{"href":"http:\/\/boisleroijumelage.fr\/index.php\/wp-json\/wp\/v2\/media?parent=2117"}],"curies":[{"name":"wp","href":"https:\/\/api.w.org\/{rel}","templated":true}]}}