{"id":2140,"date":"2016-09-11T20:26:41","date_gmt":"2016-09-11T19:26:41","guid":{"rendered":"http:\/\/boisleroijumelage.fr\/?page_id=2140"},"modified":"2016-09-11T20:31:07","modified_gmt":"2016-09-11T19:31:07","slug":"kaffeekranz-n7-2016","status":"publish","type":"page","link":"http:\/\/boisleroijumelage.fr\/index.php\/activites\/annuelles\/programme-2016\/kaffeekranz-n7-2016\/","title":{"rendered":"Kaffeekranz n\u00b07 (2016)"},"content":{"rendered":"<p><img loading=\"lazy\" decoding=\"async\" class=\"size-medium wp-image-2141 alignright\" src=\"http:\/\/boisleroijumelage.fr\/wp-content\/uploads\/2016\/09\/20160604_163958_005_01-1-1-1-1-1-300x183.jpg\" alt=\"[cml_media_alt id='2141']Kaffeekranz n\u00b07 La litt\u00e9rature allemande[\/cml_media_alt]\" width=\"300\" height=\"183\" srcset=\"http:\/\/boisleroijumelage.fr\/wp-content\/uploads\/2016\/09\/20160604_163958_005_01-1-1-1-1-1-300x183.jpg 300w, http:\/\/boisleroijumelage.fr\/wp-content\/uploads\/2016\/09\/20160604_163958_005_01-1-1-1-1-1-768x468.jpg 768w, http:\/\/boisleroijumelage.fr\/wp-content\/uploads\/2016\/09\/20160604_163958_005_01-1-1-1-1-1-644x392.jpg 644w, http:\/\/boisleroijumelage.fr\/wp-content\/uploads\/2016\/09\/20160604_163958_005_01-1-1-1-1-1.jpg 1066w\" sizes=\"auto, (max-width: 300px) 100vw, 300px\" \/>Le 4 juin, nous nous sommes rencontr\u00e9 pour apprendre pleins de choses sur la litt\u00e9rature allemande. Mais par o\u00f9 commencer ? C&rsquo;est la question qu&rsquo;Aur\u00e9lien Cochet a d\u00fb se poser quand il s&rsquo;est pr\u00e9par\u00e9 pour son expos\u00e9 de cette apr\u00e8s-midi. Sa r\u00e9ponse : avec le grand \u00e9crivain Johann Wolfgang von Goethe. Le po\u00e8te est incontestablement un des plus connus du monde. Ses po\u00e8mes, drames et romans repr\u00e9sentent\u00a0une grande partie de ce que les \u00e9l\u00e8ves allemands apprennent \u00e0 l&rsquo;\u00e9cole. Son oeuvre la plus connue : Faust.<br \/>\nUne apr\u00e8s-midi n&rsquo;\u00e9tait pas suffisante\u00a0pour tout dire sur ce grand \u00e9crivain allemand et n&rsquo;aurait jamais \u00e9t\u00e9 assez pour toute la litt\u00e9rature allemande. Mais Aur\u00e9lien Cochet nous a appris pleins de choses, ce \u00a0qui nous ont permis d&rsquo;en discuter pendant\u00a0\u00a0le go\u00fbter familial qui a suivi l&rsquo;expos\u00e9. Encore une fois, une apr\u00e8s-midi totalement r\u00e9ussie !<\/p>\n","protected":false},"excerpt":{"rendered":"<p>Le 4 juin, nous nous sommes rencontr\u00e9 pour apprendre pleins de choses sur la litt\u00e9rature allemande. Mais par o\u00f9 commencer ? C&rsquo;est la question qu&rsquo;Aur\u00e9lien Cochet a d\u00fb se poser quand il s&rsquo;est pr\u00e9par\u00e9 pour son expos\u00e9 de cette apr\u00e8s-midi. Sa r\u00e9ponse : avec le grand \u00e9crivain Johann Wolfgang von Goethe. Le po\u00e8te est incontestablement&#8230;<\/p>\n","protected":false},"author":1,"featured_media":2141,"parent":1155,"menu_order":50,"comment_status":"closed","ping_status":"closed","template":"","meta":{"_kadence_starter_templates_imported_post":false,"_kad_post_transparent":"","_kad_post_title":"","_kad_post_layout":"","_kad_post_sidebar_id":"","_kad_post_content_style":"","_kad_post_vertical_padding":"","_kad_post_feature":"","_kad_post_feature_position":"","_kad_post_header":false,"_kad_post_footer":false,"_kad_post_classname":"","footnotes":""},"class_list":["post-2140","page","type-page","status-publish","has-post-thumbnail","hentry"],"_links":{"self":[{"href":"http:\/\/boisleroijumelage.fr\/index.php\/wp-json\/wp\/v2\/pages\/2140","targetHints":{"allow":["GET"]}}],"collection":[{"href":"http:\/\/boisleroijumelage.fr\/index.php\/wp-json\/wp\/v2\/pages"}],"about":[{"href":"http:\/\/boisleroijumelage.fr\/index.php\/wp-json\/wp\/v2\/types\/page"}],"author":[{"embeddable":true,"href":"http:\/\/boisleroijumelage.fr\/index.php\/wp-json\/wp\/v2\/users\/1"}],"replies":[{"embeddable":true,"href":"http:\/\/boisleroijumelage.fr\/index.php\/wp-json\/wp\/v2\/comments?post=2140"}],"version-history":[{"count":2,"href":"http:\/\/boisleroijumelage.fr\/index.php\/wp-json\/wp\/v2\/pages\/2140\/revisions"}],"predecessor-version":[{"id":2145,"href":"http:\/\/boisleroijumelage.fr\/index.php\/wp-json\/wp\/v2\/pages\/2140\/revisions\/2145"}],"up":[{"embeddable":true,"href":"http:\/\/boisleroijumelage.fr\/index.php\/wp-json\/wp\/v2\/pages\/1155"}],"wp:featuredmedia":[{"embeddable":true,"href":"http:\/\/boisleroijumelage.fr\/index.php\/wp-json\/wp\/v2\/media\/2141"}],"wp:attachment":[{"href":"http:\/\/boisleroijumelage.fr\/index.php\/wp-json\/wp\/v2\/media?parent=2140"}],"curies":[{"name":"wp","href":"https:\/\/api.w.org\/{rel}","templated":true}]}}