{"id":2422,"date":"2016-11-11T23:57:10","date_gmt":"2016-11-11T22:57:10","guid":{"rendered":"http:\/\/boisleroijumelage.fr\/?page_id=2422"},"modified":"2016-11-12T01:11:18","modified_gmt":"2016-11-12T00:11:18","slug":"25eme-anniversaire-a-langenargen-la-soiree-de-gala","status":"publish","type":"page","link":"http:\/\/boisleroijumelage.fr\/index.php\/activites\/annuelles\/programme-2016\/25eme-anniversaire-a-langenargen-la-soiree-de-gala\/","title":{"rendered":"25\u00e8me anniversaire \u00e0 Langenargen : La soir\u00e9e de Gala"},"content":{"rendered":"<p>La Soir\u00e9e de Gala a d\u00e9but\u00e9 au M\u00fcnzhof le samedi 22 octobre par un ap\u00e9ritif, suivi comme il se doit en Allemagne d\u2019un concert de musique, mais cette fois-ci d\u2019un medley\u00a0 de chansons fran\u00e7aises traditionnelles o\u00f9 chacun a pu reprendre \u00a0en ch\u0153ur, avec le groupe Jugendblaorchestra.<\/p>\n<p>Achim Kraft (Maire de Langenargen) et J\u00e9r\u00f4me Mabille, (Maire de Bois le Roi), ont prononc\u00e9 les discours officiels, tous deux en allemand. Puis ce fut au tour des 2 pr\u00e9sidentes respectives des jumelages, Ute Niedermeier (Partnerschaftsverein), et Sylvie Brisse (Bois le Roi jumelage). \u00a0Les serments ont \u00e9t\u00e9 lus par 2 jeunes Elisabeth Niedermeier (Langenargen) et Augustin Bettinelli (Bois le Roi).<\/p>\n<p>Pour ces noces d&rsquo;argent, Bois le Roi Jumelage a offert au jumelage allemand Partnerschaftsverein, une m\u00e9daille du mariage en argent, grav\u00e9e pour l&rsquo;occasion.<\/p>\n<p>La soir\u00e9e s\u2019est poursuivie avec un pr\u00e9sentateur, magicien, ventriloque qui a su animer et enflammer la salle alternant les effusions d\u2019\u00e9clats de rire et les moments de tendresse. \u00a0Pendant ce temps, nous avons r\u00e9gal\u00e9 nos papilles avec un savoureux repas typique. \u00a0L\u2019activit\u00e9 sportive de v\u00e9lo, qui existe depuis l\u2019origine du jumelage, a \u00e9t\u00e9 mise \u00e0 l\u2019honneur. Quatre &lsquo;couples&rsquo; allemands nous ont pr\u00e9sent\u00e9 des danses baroques en costumes d&rsquo;\u00e9poque, tr\u00e8s appr\u00e9ci\u00e9es, qui furent suivies par le spectacle \u00ab\u00a0le parfum des fleurs de l&rsquo;amiti\u00e9\u00a0\u00bb que nous leur avions pr\u00e9par\u00e9. En effet, 20 fran\u00e7ais sont mont\u00e9s sur sc\u00e8ne pour interpr\u00e9ter un medley de 7 chansons fran\u00e7aises retra\u00e7ant une belle histoire d&rsquo;amiti\u00e9. Cette petite \u00a0graine, plant\u00e9e il y a 25 ans, a germ\u00e9 \u00a0pour devenir de magnifiques fleurs aux couleurs de nos deux drapeaux. \u00a0Pour cl\u00f4turer cette soir\u00e9e, le pr\u00e9sentateur nous a jou\u00e9 trois morceaux de fl\u00fbte de pan, en signe de paix, qui nous ont tous transport\u00e9. Une belle soir\u00e9e riche en \u00e9motions et en partage d\u2019Amiti\u00e9\u00a0!<\/p>\n<p><a href=\"http:\/\/boisleroijumelage.fr\/index.php\/jubiles\/25eme-anniversaire-a-langenargen-2016\/\">Cliquez-ici pour lire l&rsquo;article complet sur le jubil\u00e9 des 25 ans \u00e0 Langenargen\u00a0<\/a>\u00a0!<\/p>\n<p>[foogallery id=\u00a0\u00bb2449&Prime;]<\/p>\n","protected":false},"excerpt":{"rendered":"<p>La Soir\u00e9e de Gala a d\u00e9but\u00e9 au M\u00fcnzhof le samedi 22 octobre par un ap\u00e9ritif, suivi comme il se doit en Allemagne d\u2019un concert de musique, mais cette fois-ci d\u2019un medley\u00a0 de chansons fran\u00e7aises traditionnelles o\u00f9 chacun a pu reprendre \u00a0en ch\u0153ur, avec le groupe Jugendblaorchestra. Achim Kraft (Maire de Langenargen) et J\u00e9r\u00f4me Mabille, (Maire&#8230;<\/p>\n","protected":false},"author":1,"featured_media":0,"parent":1155,"menu_order":110,"comment_status":"closed","ping_status":"closed","template":"","meta":{"_kadence_starter_templates_imported_post":false,"_kad_post_transparent":"","_kad_post_title":"","_kad_post_layout":"","_kad_post_sidebar_id":"","_kad_post_content_style":"","_kad_post_vertical_padding":"","_kad_post_feature":"","_kad_post_feature_position":"","_kad_post_header":false,"_kad_post_footer":false,"_kad_post_classname":"","footnotes":""},"class_list":["post-2422","page","type-page","status-publish","hentry"],"_links":{"self":[{"href":"http:\/\/boisleroijumelage.fr\/index.php\/wp-json\/wp\/v2\/pages\/2422","targetHints":{"allow":["GET"]}}],"collection":[{"href":"http:\/\/boisleroijumelage.fr\/index.php\/wp-json\/wp\/v2\/pages"}],"about":[{"href":"http:\/\/boisleroijumelage.fr\/index.php\/wp-json\/wp\/v2\/types\/page"}],"author":[{"embeddable":true,"href":"http:\/\/boisleroijumelage.fr\/index.php\/wp-json\/wp\/v2\/users\/1"}],"replies":[{"embeddable":true,"href":"http:\/\/boisleroijumelage.fr\/index.php\/wp-json\/wp\/v2\/comments?post=2422"}],"version-history":[{"count":5,"href":"http:\/\/boisleroijumelage.fr\/index.php\/wp-json\/wp\/v2\/pages\/2422\/revisions"}],"predecessor-version":[{"id":2604,"href":"http:\/\/boisleroijumelage.fr\/index.php\/wp-json\/wp\/v2\/pages\/2422\/revisions\/2604"}],"up":[{"embeddable":true,"href":"http:\/\/boisleroijumelage.fr\/index.php\/wp-json\/wp\/v2\/pages\/1155"}],"wp:attachment":[{"href":"http:\/\/boisleroijumelage.fr\/index.php\/wp-json\/wp\/v2\/media?parent=2422"}],"curies":[{"name":"wp","href":"https:\/\/api.w.org\/{rel}","templated":true}]}}