{"id":2425,"date":"2016-11-11T23:50:52","date_gmt":"2016-11-11T22:50:52","guid":{"rendered":"http:\/\/boisleroijumelage.fr\/?page_id=2425"},"modified":"2016-11-12T01:58:42","modified_gmt":"2016-11-12T00:58:42","slug":"25eme-anniversaire-a-langenargen-visite-de-meersburg","status":"publish","type":"page","link":"http:\/\/boisleroijumelage.fr\/index.php\/activites\/annuelles\/programme-2016\/25eme-anniversaire-a-langenargen-visite-de-meersburg\/","title":{"rendered":"25\u00e8me anniversaire \u00e0 Langenargen : Visite de Meersburg"},"content":{"rendered":"<p>Le premier jour, une visite guid\u00e9e de Meersburg nous avait \u00e9t\u00e9 \u00a0r\u00e9serv\u00e9e.\u00a0 Une fois la porte de cette ville m\u00e9di\u00e9vale fortifi\u00e9e franchie, nous avons pu admirer cette jolie \u00a0cit\u00e9 construite \u00e0 pic au-dessus de son embarcad\u00e8re pour la travers\u00e9e en bateau vers Constance. Dans ce village vallonn\u00e9, nous sommes\u00a0frapp\u00e9s par les maisons \u00e0 colombages aux couleurs\u00a0 vari\u00e9es, les petites boutiques de charme le long des ruelles, des magnifiques places romantiques et nous a-t-on confi\u00e9\u00a0 que les habitants restent attach\u00e9s \u00e0 leurs\u00a0 coutumes \u00a0: \u00a0leur Fastnacht\u00a0 traditionnel ne doit surtout pas \u00eatre confondu avec le Fasnet alentour. A chaque coin de rue une surprise, une fontaine, un garde en uniforme d\u2019\u00e9poque, \u00e0 l\u2019entr\u00e9e de l\u2019ancien ch\u00e2teau, de la citadelle, \u00a0les fameuses tours tronqu\u00e9es, la table d\u2019orientation \u00e0 l\u2019inverse de d\u2019habitude pour mieux se situer, le nouveau ch\u00e2teau avec un porche traversant\u00a0 pour rejoindre\u00a0 sa jolie Chapelle en stucs o\u00f9 le sculpteur a laiss\u00e9 sa signature : il manque des cheveux \u00e0 l\u2019un des anges : nous nous mettons en qu\u00eate de le trouver, c\u2019est fait\u00a0!\u00a0 Effectivement, il est chauve !<\/p>\n<p><a href=\"http:\/\/boisleroijumelage.fr\/index.php\/jubiles\/25eme-anniversaire-a-langenargen-2016\/\">Cliquez-ici pour lire l&rsquo;article complet sur le jubil\u00e9 des 25 ans \u00e0 Langenargen\u00a0<\/a>\u00a0!<\/p>\n<p>[foogallery id=\u00a0\u00bb2447&Prime;]<\/p>\n","protected":false},"excerpt":{"rendered":"<p>Le premier jour, une visite guid\u00e9e de Meersburg nous avait \u00e9t\u00e9 \u00a0r\u00e9serv\u00e9e.\u00a0 Une fois la porte de cette ville m\u00e9di\u00e9vale fortifi\u00e9e franchie, nous avons pu admirer cette jolie \u00a0cit\u00e9 construite \u00e0 pic au-dessus de son embarcad\u00e8re pour la travers\u00e9e en bateau vers Constance. Dans ce village vallonn\u00e9, nous sommes\u00a0frapp\u00e9s par les maisons \u00e0 colombages aux&#8230;<\/p>\n","protected":false},"author":1,"featured_media":0,"parent":1155,"menu_order":110,"comment_status":"closed","ping_status":"closed","template":"","meta":{"_kadence_starter_templates_imported_post":false,"_kad_post_transparent":"","_kad_post_title":"","_kad_post_layout":"","_kad_post_sidebar_id":"","_kad_post_content_style":"","_kad_post_vertical_padding":"","_kad_post_feature":"","_kad_post_feature_position":"","_kad_post_header":false,"_kad_post_footer":false,"_kad_post_classname":"","footnotes":""},"class_list":["post-2425","page","type-page","status-publish","hentry"],"_links":{"self":[{"href":"http:\/\/boisleroijumelage.fr\/index.php\/wp-json\/wp\/v2\/pages\/2425","targetHints":{"allow":["GET"]}}],"collection":[{"href":"http:\/\/boisleroijumelage.fr\/index.php\/wp-json\/wp\/v2\/pages"}],"about":[{"href":"http:\/\/boisleroijumelage.fr\/index.php\/wp-json\/wp\/v2\/types\/page"}],"author":[{"embeddable":true,"href":"http:\/\/boisleroijumelage.fr\/index.php\/wp-json\/wp\/v2\/users\/1"}],"replies":[{"embeddable":true,"href":"http:\/\/boisleroijumelage.fr\/index.php\/wp-json\/wp\/v2\/comments?post=2425"}],"version-history":[{"count":5,"href":"http:\/\/boisleroijumelage.fr\/index.php\/wp-json\/wp\/v2\/pages\/2425\/revisions"}],"predecessor-version":[{"id":2610,"href":"http:\/\/boisleroijumelage.fr\/index.php\/wp-json\/wp\/v2\/pages\/2425\/revisions\/2610"}],"up":[{"embeddable":true,"href":"http:\/\/boisleroijumelage.fr\/index.php\/wp-json\/wp\/v2\/pages\/1155"}],"wp:attachment":[{"href":"http:\/\/boisleroijumelage.fr\/index.php\/wp-json\/wp\/v2\/media?parent=2425"}],"curies":[{"name":"wp","href":"https:\/\/api.w.org\/{rel}","templated":true}]}}