{"id":2428,"date":"2016-11-11T23:44:44","date_gmt":"2016-11-11T22:44:44","guid":{"rendered":"http:\/\/boisleroijumelage.fr\/?page_id=2428"},"modified":"2016-11-11T23:44:44","modified_gmt":"2016-11-11T22:44:44","slug":"25eme-anniversaire-a-langenargen-celebration-a-la-place-bois-le-roi","status":"publish","type":"page","link":"http:\/\/boisleroijumelage.fr\/index.php\/activites\/annuelles\/programme-2016\/25eme-anniversaire-a-langenargen-celebration-a-la-place-bois-le-roi\/","title":{"rendered":"25\u00e8me anniversaire \u00e0 Langenargen : C\u00e9l\u00e9bration \u00e0 la Place Bois le Roi"},"content":{"rendered":"<p>Le samedi matin, \u00a0la visite de Langenargen d\u00e9bute au Schloss Montfort\u00a0 o\u00f9 Gisela Rodinger nous retrace l\u2019histoire de ce beau ch\u00e2teau, tr\u00e8s co\u00fbteux mais qui fait la fiert\u00e9 des habitants, qui en ont h\u00e9rit\u00e9. \u00a0Nous poursuivons notre promenade avec l\u2019Eglise St Martin, tr\u00e8s\u00a0 claire \u00e9galement.\u00a0 Le crieur, personnage embl\u00e9matique, se trouve sur la route principale du centre qui m\u00e8ne \u00e0 la Mairie situ\u00e9e \u00a0derri\u00e8re la fontaine. Ensuite, nous nous dirigeons vers le port o\u00f9 se trouve l&rsquo;office de tourisme. Une magnifique vue sur le lac s&rsquo;offre \u00e0 nos yeux.<\/p>\n<p>Arriv\u00e9s \u00e0 \u00a0l\u2019arbre de mai, nous devons bifurquer sur la gauche pour parvenir \u00e0 la Place Bois le Roi pr\u00e8s de la c\u00e9l\u00e8bre et si bonne boulangerie Metzler. De jeunes enfants nous attendent avec de beaux \u00a0drapeaux fran\u00e7ais et entonnent des chansons fran\u00e7aises. Sur cette place, 3 nouvelles majestueuses plaques ont \u00e9t\u00e9 ajout\u00e9es, images \u00e0 l\u2019appui des derniers \u00e9changes franco-allemands. Sur le trottoir d\u2019en face une autre colonne retrace les \u00e9changes sportifs entre nos 2 villes jumelles, repr\u00e9sent\u00e9s par les pompons qui voyagent \u00a0d\u2019un pays \u00e0 l\u2019autre chaque ann\u00e9e.<\/p>\n<p>Cette c\u00e9l\u00e9bration f\u00fbt suivie d&rsquo;un\u00a0d\u00e9jeuner au restaurant de Krone \u00e0 Tettnang,\u00a0 avant notre rendez vous pour\u00a0 une int\u00e9ressante visite guid\u00e9e du ch\u00e2teau de la ville,\u00a0 d\u2019ailleurs pr\u00e9sent\u00e9e sous un angle\u00a0 fort diff\u00e9rent d\u2019un groupe \u00e0 l\u2019autre, par chaque guide\u00a0!<\/p>\n<p><a href=\"http:\/\/boisleroijumelage.fr\/index.php\/jubiles\/25eme-anniversaire-a-langenargen-2016\/\">Cliquez-ici pour lire l&rsquo;article complet sur le jubil\u00e9 des 25 ans \u00e0 Langenargen\u00a0<\/a>\u00a0!<\/p>\n<p>[foogallery id=\u00a0\u00bb2468&Prime;]<\/p>\n","protected":false},"excerpt":{"rendered":"<p>Le samedi matin, \u00a0la visite de Langenargen d\u00e9bute au Schloss Montfort\u00a0 o\u00f9 Gisela Rodinger nous retrace l\u2019histoire de ce beau ch\u00e2teau, tr\u00e8s co\u00fbteux mais qui fait la fiert\u00e9 des habitants, qui en ont h\u00e9rit\u00e9. \u00a0Nous poursuivons notre promenade avec l\u2019Eglise St Martin, tr\u00e8s\u00a0 claire \u00e9galement.\u00a0 Le crieur, personnage embl\u00e9matique, se trouve sur la route principale&#8230;<\/p>\n","protected":false},"author":1,"featured_media":0,"parent":1155,"menu_order":110,"comment_status":"closed","ping_status":"closed","template":"","meta":{"_kadence_starter_templates_imported_post":false,"_kad_post_transparent":"","_kad_post_title":"","_kad_post_layout":"","_kad_post_sidebar_id":"","_kad_post_content_style":"","_kad_post_vertical_padding":"","_kad_post_feature":"","_kad_post_feature_position":"","_kad_post_header":false,"_kad_post_footer":false,"_kad_post_classname":"","footnotes":""},"class_list":["post-2428","page","type-page","status-publish","hentry"],"_links":{"self":[{"href":"http:\/\/boisleroijumelage.fr\/index.php\/wp-json\/wp\/v2\/pages\/2428","targetHints":{"allow":["GET"]}}],"collection":[{"href":"http:\/\/boisleroijumelage.fr\/index.php\/wp-json\/wp\/v2\/pages"}],"about":[{"href":"http:\/\/boisleroijumelage.fr\/index.php\/wp-json\/wp\/v2\/types\/page"}],"author":[{"embeddable":true,"href":"http:\/\/boisleroijumelage.fr\/index.php\/wp-json\/wp\/v2\/users\/1"}],"replies":[{"embeddable":true,"href":"http:\/\/boisleroijumelage.fr\/index.php\/wp-json\/wp\/v2\/comments?post=2428"}],"version-history":[{"count":3,"href":"http:\/\/boisleroijumelage.fr\/index.php\/wp-json\/wp\/v2\/pages\/2428\/revisions"}],"predecessor-version":[{"id":2584,"href":"http:\/\/boisleroijumelage.fr\/index.php\/wp-json\/wp\/v2\/pages\/2428\/revisions\/2584"}],"up":[{"embeddable":true,"href":"http:\/\/boisleroijumelage.fr\/index.php\/wp-json\/wp\/v2\/pages\/1155"}],"wp:attachment":[{"href":"http:\/\/boisleroijumelage.fr\/index.php\/wp-json\/wp\/v2\/media?parent=2428"}],"curies":[{"name":"wp","href":"https:\/\/api.w.org\/{rel}","templated":true}]}}