{"id":2431,"date":"2016-11-11T23:26:45","date_gmt":"2016-11-11T22:26:45","guid":{"rendered":"http:\/\/boisleroijumelage.fr\/?page_id=2431"},"modified":"2016-11-11T23:38:41","modified_gmt":"2016-11-11T22:38:41","slug":"25eme-anniversaire-a-langenargen-exposition","status":"publish","type":"page","link":"http:\/\/boisleroijumelage.fr\/index.php\/activites\/annuelles\/programme-2016\/25eme-anniversaire-a-langenargen-exposition\/","title":{"rendered":"25\u00e8me anniversaire \u00e0 Langenargen : Exposition"},"content":{"rendered":"<p>Le vendredi soir, dans le hall de la Rathaus de Langenargen, \u00a0une exposition r\u00e9trospective des 25 ann\u00e9es de notre jumelage,\u00a0 \u00a0\u00e9tait affich\u00e9e\u00a0\u00a0 aux \u00a0murs et dispos\u00e9e dans des vitrines.\u00a0 De nombreuses photos, relataient les \u00e9v\u00e9nements \u00e9coul\u00e9s depuis un quart de si\u00e8cle, \u00e0 l\u2019appui des commentaires allemands. \u00a0De nombreux souvenirs sont ainsi raviv\u00e9s dans les m\u00e9moires\u00a0 des plus anciens, ils expliquent aux \u00ab\u00a0plus r\u00e9cents\u00a0\u00bb \u00a0les circonstances de ces rencontres d\u2019Amiti\u00e9 partag\u00e9e.<\/p>\n<p>Ce fut \u00e9galement une belle initiative de nos amis allemands, d\u2019avoir pr\u00e9vu un arbre \u00e0 pinces qui tr\u00f4ne au centre,\u00a0 et rassemble les photos de tous ceux, allemands comme fran\u00e7ais, qui ont apport\u00e9 des clich\u00e9s d\u2019\u00e9changes franco-allemands ces 25 ann\u00e9es pass\u00e9es\u00a0 qui les \u00e9meuvent, et qu\u2019ils peuvent partager en les accrochant \u00a0ici avec leur l\u00e9gende.<\/p>\n<p><a href=\"http:\/\/boisleroijumelage.fr\/index.php\/jubiles\/25eme-anniversaire-a-langenargen-2016\/\">Cliquez-ici pour lire l&rsquo;article complet sur le jubil\u00e9 des 25 ans \u00e0 Langenargen\u00a0<\/a>\u00a0!<\/p>\n<p>[foogallery id=\u00a0\u00bb2473&Prime;]<\/p>\n","protected":false},"excerpt":{"rendered":"<p>Le vendredi soir, dans le hall de la Rathaus de Langenargen, \u00a0une exposition r\u00e9trospective des 25 ann\u00e9es de notre jumelage,\u00a0 \u00a0\u00e9tait affich\u00e9e\u00a0\u00a0 aux \u00a0murs et dispos\u00e9e dans des vitrines.\u00a0 De nombreuses photos, relataient les \u00e9v\u00e9nements \u00e9coul\u00e9s depuis un quart de si\u00e8cle, \u00e0 l\u2019appui des commentaires allemands. \u00a0De nombreux souvenirs sont ainsi raviv\u00e9s dans les m\u00e9moires\u00a0&#8230;<\/p>\n","protected":false},"author":1,"featured_media":0,"parent":1155,"menu_order":110,"comment_status":"closed","ping_status":"closed","template":"","meta":{"_kadence_starter_templates_imported_post":false,"_kad_post_transparent":"","_kad_post_title":"","_kad_post_layout":"","_kad_post_sidebar_id":"","_kad_post_content_style":"","_kad_post_vertical_padding":"","_kad_post_feature":"","_kad_post_feature_position":"","_kad_post_header":false,"_kad_post_footer":false,"_kad_post_classname":"","footnotes":""},"class_list":["post-2431","page","type-page","status-publish","hentry"],"_links":{"self":[{"href":"http:\/\/boisleroijumelage.fr\/index.php\/wp-json\/wp\/v2\/pages\/2431","targetHints":{"allow":["GET"]}}],"collection":[{"href":"http:\/\/boisleroijumelage.fr\/index.php\/wp-json\/wp\/v2\/pages"}],"about":[{"href":"http:\/\/boisleroijumelage.fr\/index.php\/wp-json\/wp\/v2\/types\/page"}],"author":[{"embeddable":true,"href":"http:\/\/boisleroijumelage.fr\/index.php\/wp-json\/wp\/v2\/users\/1"}],"replies":[{"embeddable":true,"href":"http:\/\/boisleroijumelage.fr\/index.php\/wp-json\/wp\/v2\/comments?post=2431"}],"version-history":[{"count":4,"href":"http:\/\/boisleroijumelage.fr\/index.php\/wp-json\/wp\/v2\/pages\/2431\/revisions"}],"predecessor-version":[{"id":2575,"href":"http:\/\/boisleroijumelage.fr\/index.php\/wp-json\/wp\/v2\/pages\/2431\/revisions\/2575"}],"up":[{"embeddable":true,"href":"http:\/\/boisleroijumelage.fr\/index.php\/wp-json\/wp\/v2\/pages\/1155"}],"wp:attachment":[{"href":"http:\/\/boisleroijumelage.fr\/index.php\/wp-json\/wp\/v2\/media?parent=2431"}],"curies":[{"name":"wp","href":"https:\/\/api.w.org\/{rel}","templated":true}]}}