{"id":2669,"date":"2016-12-29T16:20:44","date_gmt":"2016-12-29T15:20:44","guid":{"rendered":"http:\/\/boisleroijumelage.fr\/?page_id=2669"},"modified":"2018-09-30T20:42:49","modified_gmt":"2018-09-30T19:42:49","slug":"cours-dallemand","status":"publish","type":"page","link":"http:\/\/boisleroijumelage.fr\/index.php\/cours-dallemand\/","title":{"rendered":"Cours d&rsquo;allemand"},"content":{"rendered":"<p>Les cours d&rsquo;allemand pour adultes\u00a0ont repris le 28 septembre.<\/p>\n<p>Les cours se d\u00e9roulent le<strong> vendredi de 19h15 \u00e0 20h15.<\/strong><br \/>\nLe <strong>tarif est annuel<\/strong> , hors vacances scolaires. Toute ann\u00e9e commenc\u00e9e est due dans son int\u00e9gralit\u00e9.<\/p>\n<p><strong>&#8211;&gt; <a href=\"http:\/\/boisleroijumelage.fr\/wp-content\/uploads\/2016\/12\/Bulletin-inscription-cours-dallemand-2018-A5-1.pdf\" rel=\"\">Bulletin-inscription<\/a><\/strong><br \/>\nA d\u00e9poser en mairie avec les ch\u00e8ques (adh\u00e9sion \u00e0 l&rsquo;association + \u00a0tarif des cours)<\/p>\n<p><strong>L&rsquo;adh\u00e9sion \u00e0 Bois le Roi Jumelage est obligatoire\u00a0<a href=\"http:\/\/boisleroijumelage.fr\/wp-content\/uploads\/2016\/03\/BulletinAdh\u00e9sion.pdf\" rel=\"\">T\u00e9l\u00e9chargez ici le bulletin d&rsquo;adh\u00e9sion<\/a>\u00a0<\/strong><\/p>\n<ul>\n<li><strong>Du\u00a028 septembre \u00a02017 au 24 mai\u00a02018\u00a0<\/strong>(20 s\u00e9ances \u00a0par niveau) : <strong>180\u20ac par personne<\/strong><\/li>\n<\/ul>\n<p><strong>Lieu des cours : Salle Coquelicot<\/strong>, \u00e0 c\u00f4t\u00e9 du r\u00e9fectoire de l&rsquo;\u00e9cole Olivier M\u00e9tra, 2 rue de Verdun.<\/p>\n<p>Tous les cours propos\u00e9s sont valid\u00e9s sous r\u00e9serve d&rsquo;avoir 8 personnes inscrites par cours. En dessous de ce seuil, le Jumelage ne peut garantir le maintien des cours. \u00a0La limite maximale est de 12 personnes par cours, afin de garantir le meilleur apprentissage possible \u00e0 chacun. \u00a0Inscriptions par ordre d&rsquo;arriv\u00e9e.<\/p>\n<p>N&rsquo;h\u00e9sitez pas \u00e0 nous contacter pour obtenir davantage de renseignements sur nos cours :<br \/>\n<strong>06 33 65 19 60 \/ boisleroijumelage@gmail.com<\/strong><\/p>\n","protected":false},"excerpt":{"rendered":"<p>Les cours d&rsquo;allemand pour adultes\u00a0ont repris le 28 septembre. Les cours se d\u00e9roulent le vendredi de 19h15 \u00e0 20h15. Le tarif est annuel , hors vacances scolaires. Toute ann\u00e9e commenc\u00e9e est due dans son int\u00e9gralit\u00e9. &#8211;&gt; Bulletin-inscription A d\u00e9poser en mairie avec les ch\u00e8ques (adh\u00e9sion \u00e0 l&rsquo;association + \u00a0tarif des cours) L&rsquo;adh\u00e9sion \u00e0 Bois le&#8230;<\/p>\n","protected":false},"author":1,"featured_media":2670,"parent":0,"menu_order":50,"comment_status":"closed","ping_status":"closed","template":"","meta":{"_kadence_starter_templates_imported_post":false,"_kad_post_transparent":"","_kad_post_title":"","_kad_post_layout":"","_kad_post_sidebar_id":"","_kad_post_content_style":"","_kad_post_vertical_padding":"","_kad_post_feature":"","_kad_post_feature_position":"","_kad_post_header":false,"_kad_post_footer":false,"_kad_post_classname":"","footnotes":""},"class_list":["post-2669","page","type-page","status-publish","has-post-thumbnail","hentry"],"_links":{"self":[{"href":"http:\/\/boisleroijumelage.fr\/index.php\/wp-json\/wp\/v2\/pages\/2669","targetHints":{"allow":["GET"]}}],"collection":[{"href":"http:\/\/boisleroijumelage.fr\/index.php\/wp-json\/wp\/v2\/pages"}],"about":[{"href":"http:\/\/boisleroijumelage.fr\/index.php\/wp-json\/wp\/v2\/types\/page"}],"author":[{"embeddable":true,"href":"http:\/\/boisleroijumelage.fr\/index.php\/wp-json\/wp\/v2\/users\/1"}],"replies":[{"embeddable":true,"href":"http:\/\/boisleroijumelage.fr\/index.php\/wp-json\/wp\/v2\/comments?post=2669"}],"version-history":[{"count":23,"href":"http:\/\/boisleroijumelage.fr\/index.php\/wp-json\/wp\/v2\/pages\/2669\/revisions"}],"predecessor-version":[{"id":3132,"href":"http:\/\/boisleroijumelage.fr\/index.php\/wp-json\/wp\/v2\/pages\/2669\/revisions\/3132"}],"wp:featuredmedia":[{"embeddable":true,"href":"http:\/\/boisleroijumelage.fr\/index.php\/wp-json\/wp\/v2\/media\/2670"}],"wp:attachment":[{"href":"http:\/\/boisleroijumelage.fr\/index.php\/wp-json\/wp\/v2\/media?parent=2669"}],"curies":[{"name":"wp","href":"https:\/\/api.w.org\/{rel}","templated":true}]}}