{"id":2736,"date":"2017-01-22T17:16:07","date_gmt":"2017-01-22T16:16:07","guid":{"rendered":"http:\/\/boisleroijumelage.fr\/?page_id=2736"},"modified":"2017-01-22T17:39:20","modified_gmt":"2017-01-22T16:39:20","slug":"stammtisch-dhiver-2017","status":"publish","type":"page","link":"http:\/\/boisleroijumelage.fr\/index.php\/activites\/annuelles\/programme-2018\/stammtisch-dhiver-2017\/","title":{"rendered":"Stammtisch d&rsquo;hiver (2017)"},"content":{"rendered":"<p><img loading=\"lazy\" decoding=\"async\" class=\"size-large wp-image-2734 aligncenter\" src=\"http:\/\/boisleroijumelage.fr\/wp-content\/uploads\/2017\/01\/20170121_123435-644x362.jpg\" alt=\"[cml_media_alt id='2734']Bois le Roi Jumelage - Stammtisch d'hiver 2017[\/cml_media_alt]\" width=\"640\" height=\"360\" srcset=\"http:\/\/boisleroijumelage.fr\/wp-content\/uploads\/2017\/01\/20170121_123435-644x362.jpg 644w, http:\/\/boisleroijumelage.fr\/wp-content\/uploads\/2017\/01\/20170121_123435-300x169.jpg 300w, http:\/\/boisleroijumelage.fr\/wp-content\/uploads\/2017\/01\/20170121_123435-768x432.jpg 768w\" sizes=\"auto, (max-width: 640px) 100vw, 640px\" \/>Ce fut autour d\u2019une d\u00e9licieuse blanquette de veau et d\u2019un framboisier succulent que nous nous sommes retrouv\u00e9s \u00a0le 21 janvier \u00a0au Caf\u00e9 de la Gare pour d\u00e9jeuner tous ensemble. Entre anciens adh\u00e9rents et nouveaux arriv\u00e9s, ce fut l\u2019occasion de f\u00eater la nouvelle ann\u00e9e autour d\u2019un kir \u00a0et de coca pour les plus jeunes. \u00a0Premi\u00e8re activit\u00e9 jumelage 2017, \u00a0nous en avons profiter pour vous pr\u00e9senter les professeurs qui animeront les cours d\u2019allemands \u00e0 partir de fin f\u00e9vrier. \u00a0En somme, notre Stammtisch d\u2019hiver nous a permis de tous partager un moment fort sympathique \u00a0!<\/p>\n<div class=\"fcbk_share\"><\/div>\n","protected":false},"excerpt":{"rendered":"<p>Ce fut autour d\u2019une d\u00e9licieuse blanquette de veau et d\u2019un framboisier succulent que nous nous sommes retrouv\u00e9s \u00a0le 21 janvier \u00a0au Caf\u00e9 de la Gare pour d\u00e9jeuner tous ensemble. Entre anciens adh\u00e9rents et nouveaux arriv\u00e9s, ce fut l\u2019occasion de f\u00eater la nouvelle ann\u00e9e autour d\u2019un kir \u00a0et de coca pour les plus jeunes. \u00a0Premi\u00e8re activit\u00e9&#8230;<\/p>\n","protected":false},"author":1,"featured_media":0,"parent":2626,"menu_order":10,"comment_status":"closed","ping_status":"closed","template":"","meta":{"_kadence_starter_templates_imported_post":false,"_kad_post_transparent":"","_kad_post_title":"","_kad_post_layout":"","_kad_post_sidebar_id":"","_kad_post_content_style":"","_kad_post_vertical_padding":"","_kad_post_feature":"","_kad_post_feature_position":"","_kad_post_header":false,"_kad_post_footer":false,"_kad_post_classname":"","footnotes":""},"class_list":["post-2736","page","type-page","status-publish","hentry"],"_links":{"self":[{"href":"http:\/\/boisleroijumelage.fr\/index.php\/wp-json\/wp\/v2\/pages\/2736","targetHints":{"allow":["GET"]}}],"collection":[{"href":"http:\/\/boisleroijumelage.fr\/index.php\/wp-json\/wp\/v2\/pages"}],"about":[{"href":"http:\/\/boisleroijumelage.fr\/index.php\/wp-json\/wp\/v2\/types\/page"}],"author":[{"embeddable":true,"href":"http:\/\/boisleroijumelage.fr\/index.php\/wp-json\/wp\/v2\/users\/1"}],"replies":[{"embeddable":true,"href":"http:\/\/boisleroijumelage.fr\/index.php\/wp-json\/wp\/v2\/comments?post=2736"}],"version-history":[{"count":4,"href":"http:\/\/boisleroijumelage.fr\/index.php\/wp-json\/wp\/v2\/pages\/2736\/revisions"}],"predecessor-version":[{"id":2742,"href":"http:\/\/boisleroijumelage.fr\/index.php\/wp-json\/wp\/v2\/pages\/2736\/revisions\/2742"}],"up":[{"embeddable":true,"href":"http:\/\/boisleroijumelage.fr\/index.php\/wp-json\/wp\/v2\/pages\/2626"}],"wp:attachment":[{"href":"http:\/\/boisleroijumelage.fr\/index.php\/wp-json\/wp\/v2\/media?parent=2736"}],"curies":[{"name":"wp","href":"https:\/\/api.w.org\/{rel}","templated":true}]}}