{"id":2763,"date":"2017-04-02T17:41:58","date_gmt":"2017-04-02T16:41:58","guid":{"rendered":"http:\/\/boisleroijumelage.fr\/?page_id=2763"},"modified":"2017-04-02T17:41:58","modified_gmt":"2017-04-02T16:41:58","slug":"assemblee-generale-2017","status":"publish","type":"page","link":"http:\/\/boisleroijumelage.fr\/index.php\/activites\/annuelles\/programme-2018\/assemblee-generale-2017\/","title":{"rendered":"Assembl\u00e9e G\u00e9n\u00e9rale 2017"},"content":{"rendered":"<p>Notre assembl\u00e9e g\u00e9n\u00e9rale a eu lieu ce samedi 4 mars. Vous y \u00eates venus nombreux et nous vous en remercions vivement !<\/p>\n<p>Tout d&rsquo;abord, une r\u00e9trospective en images de l&rsquo;ann\u00e9e \u00e9coul\u00e9e, qui fut fort riche en activit\u00e9s, a ravie tout le monde :<\/p>\n<ul>\n<li><a href=\"http:\/\/boisleroijumelage.fr\/index.php\/activites\/annuelles\/programme-2016\/5e-edition-du-festival-of-europe-2016\/\">5e Festival of Europe<\/a>,<\/li>\n<li><a href=\"http:\/\/boisleroijumelage.fr\/index.php\/activites\/annuelles\/programme-2016\/semaine-des-jeunes-2016\/\">Semaine des jeunes franco-allemande<\/a> en Autriche,<\/li>\n<li><a href=\"http:\/\/boisleroijumelage.fr\/index.php\/activites\/annuelles\/programme-2016\/ferienjobs-2016\/\">Ferienjobs<\/a> \u00e0 Langenargen et Bois le Roi,<\/li>\n<li><a href=\"http:\/\/boisleroijumelage.fr\/index.php\/activites\/annuelles\/programme-2016\/uferfest-2016\/\">l&rsquo; Uferfest<\/a>, o\u00f9 tr\u00f4nait \u00e0 l&rsquo;occasion des 25 ans, un tube Citro\u00ebn aux couleurs du drapeaux fran\u00e7ais, dans lequel \u00e9tait vendu du fromage de l&rsquo;hexagone<\/li>\n<li><a href=\"http:\/\/boisleroijumelage.fr\/index.php\/activites\/annuelles\/programme-2016\/tour-a-velo-2016\/\">Tour \u00e0 v\u00e9lo sportif<\/a> dans le massif des Maures,<\/li>\n<li><a href=\"http:\/\/boisleroijumelage.fr\/index.php\/activites\/annuelles\/programme-2016\/25eme-anniversaire-a-langenargen-2016\/\">Jubil\u00e9 des 25 ans \u00e0 Langenargen<\/a>, avec la pr\u00e9sence de 50 adh\u00e9rents fran\u00e7ais,<\/li>\n<li><a href=\"http:\/\/boisleroijumelage.fr\/index.php\/activites\/annuelles\/programme-2017\/stammtisch-dhiver-2017\/\">Stammtisch<\/a> et <a href=\"http:\/\/boisleroijumelage.fr\/index.php\/activites\/annuelles\/programme-2016\/kaffeekranz-n8-2016\/\">Kaffeekr\u00e4nze<\/a> tout au long de l&rsquo;ann\u00e9e<\/li>\n<\/ul>\n<p>Puis, nous avons pr\u00e9sent\u00e9 le programme en 2017 :<\/p>\n<ul>\n<li>Nous serons toujours pr\u00e9sents pour la 6e \u00e9dition du Festival of Europe les 27 &amp; 28 mai \u00e0 l&rsquo;UCPA<\/li>\n<li>Semaine des jeunes du 20 au 27 ao\u00fbt \u00a0\u00e0 Bois le Roi, intitul\u00e9e \u00ab\u00a0Olympiades Intervilles\u00a0\u00bb<\/li>\n<li>Comme chaque \u00e9t\u00e9, les Ferienjobs et l&rsquo;Uferfest<\/li>\n<li>Notre activit\u00e9 principale \u00a0: jubil\u00e9 des 25 ans \u00e0 Bois le Roi du 19 au 22 octobre avec une d\u00e9l\u00e9gation de 50 allemands<\/li>\n<\/ul>\n<p><img loading=\"lazy\" decoding=\"async\" class=\" wp-image-2764\" src=\"http:\/\/boisleroijumelage.fr\/wp-content\/uploads\/2017\/04\/20170304_213748-e1491151093657-644x362.jpg\" alt=\"[cml_media_alt id='2764']Repas de l'Assembl\u00e9e G\u00e9n\u00e9rale de Bois le Roi Jumelage le 4 mars 2017[\/cml_media_alt]\" width=\"453\" height=\"255\" srcset=\"http:\/\/boisleroijumelage.fr\/wp-content\/uploads\/2017\/04\/20170304_213748-e1491151093657-644x362.jpg 644w, http:\/\/boisleroijumelage.fr\/wp-content\/uploads\/2017\/04\/20170304_213748-e1491151093657-300x169.jpg 300w, http:\/\/boisleroijumelage.fr\/wp-content\/uploads\/2017\/04\/20170304_213748-e1491151093657-768x432.jpg 768w\" sizes=\"auto, (max-width: 453px) 100vw, 453px\" \/><\/p>\n<p>De nombreux adh\u00e9rents sont rest\u00e9 apr\u00e8s l&rsquo;AG, pour partager le repas convivial qui a suivi, permettant de d\u00e9guster les sp\u00e9cialit\u00e9s confectionn\u00e9es par chacun : un moment fort sympathique ! \u00a0:)<\/p>\n<p>Nous remercions Aur\u00e9lien Cochet, pour le travail qu&rsquo;il accompli au sein de notre CA. Il laisse la place \u00e0 Ludivine Vitrant, \u00e9galement professeure d&rsquo;allemand, \u00a0\u00e0 qui nous souhaitons la bienvenue .<\/p>\n","protected":false},"excerpt":{"rendered":"<p>Notre assembl\u00e9e g\u00e9n\u00e9rale a eu lieu ce samedi 4 mars. Vous y \u00eates venus nombreux et nous vous en remercions vivement ! Tout d&rsquo;abord, une r\u00e9trospective en images de l&rsquo;ann\u00e9e \u00e9coul\u00e9e, qui fut fort riche en activit\u00e9s, a ravie tout le monde : 5e Festival of Europe, Semaine des jeunes franco-allemande en Autriche, Ferienjobs \u00e0&#8230;<\/p>\n","protected":false},"author":1,"featured_media":2764,"parent":2626,"menu_order":20,"comment_status":"closed","ping_status":"closed","template":"","meta":{"_kadence_starter_templates_imported_post":false,"_kad_post_transparent":"","_kad_post_title":"","_kad_post_layout":"","_kad_post_sidebar_id":"","_kad_post_content_style":"","_kad_post_vertical_padding":"","_kad_post_feature":"","_kad_post_feature_position":"","_kad_post_header":false,"_kad_post_footer":false,"_kad_post_classname":"","footnotes":""},"class_list":["post-2763","page","type-page","status-publish","has-post-thumbnail","hentry"],"_links":{"self":[{"href":"http:\/\/boisleroijumelage.fr\/index.php\/wp-json\/wp\/v2\/pages\/2763","targetHints":{"allow":["GET"]}}],"collection":[{"href":"http:\/\/boisleroijumelage.fr\/index.php\/wp-json\/wp\/v2\/pages"}],"about":[{"href":"http:\/\/boisleroijumelage.fr\/index.php\/wp-json\/wp\/v2\/types\/page"}],"author":[{"embeddable":true,"href":"http:\/\/boisleroijumelage.fr\/index.php\/wp-json\/wp\/v2\/users\/1"}],"replies":[{"embeddable":true,"href":"http:\/\/boisleroijumelage.fr\/index.php\/wp-json\/wp\/v2\/comments?post=2763"}],"version-history":[{"count":2,"href":"http:\/\/boisleroijumelage.fr\/index.php\/wp-json\/wp\/v2\/pages\/2763\/revisions"}],"predecessor-version":[{"id":2766,"href":"http:\/\/boisleroijumelage.fr\/index.php\/wp-json\/wp\/v2\/pages\/2763\/revisions\/2766"}],"up":[{"embeddable":true,"href":"http:\/\/boisleroijumelage.fr\/index.php\/wp-json\/wp\/v2\/pages\/2626"}],"wp:featuredmedia":[{"embeddable":true,"href":"http:\/\/boisleroijumelage.fr\/index.php\/wp-json\/wp\/v2\/media\/2764"}],"wp:attachment":[{"href":"http:\/\/boisleroijumelage.fr\/index.php\/wp-json\/wp\/v2\/media?parent=2763"}],"curies":[{"name":"wp","href":"https:\/\/api.w.org\/{rel}","templated":true}]}}