{"id":2941,"date":"2017-09-29T19:51:53","date_gmt":"2017-09-29T18:51:53","guid":{"rendered":"http:\/\/boisleroijumelage.fr\/?page_id=2941"},"modified":"2017-10-25T13:50:30","modified_gmt":"2017-10-25T12:50:30","slug":"ferienjobs-2017","status":"publish","type":"page","link":"http:\/\/boisleroijumelage.fr\/index.php\/activites\/annuelles\/programme-2018\/ferienjobs-2017\/","title":{"rendered":"Ferienjobs 2017"},"content":{"rendered":"<figure id=\"attachment_2947\" aria-describedby=\"caption-attachment-2947\" style=\"width: 640px\" class=\"wp-caption aligncenter\"><img loading=\"lazy\" decoding=\"async\" class=\"size-large wp-image-2947\" src=\"http:\/\/boisleroijumelage.fr\/wp-content\/uploads\/2017\/09\/Ferienjobs-2017-Leona-Frick-et-Leona-Porstner-644x435.jpg\" alt=\"Leona Porstner, Leona Frick, Anne-C\u00e9cile Fain\u00e9ant, Fr\u00e9d\u00e9ric Duhay\" width=\"640\" height=\"432\" srcset=\"http:\/\/boisleroijumelage.fr\/wp-content\/uploads\/2017\/09\/Ferienjobs-2017-Leona-Frick-et-Leona-Porstner-644x435.jpg 644w, http:\/\/boisleroijumelage.fr\/wp-content\/uploads\/2017\/09\/Ferienjobs-2017-Leona-Frick-et-Leona-Porstner-300x203.jpg 300w, http:\/\/boisleroijumelage.fr\/wp-content\/uploads\/2017\/09\/Ferienjobs-2017-Leona-Frick-et-Leona-Porstner-768x519.jpg 768w, http:\/\/boisleroijumelage.fr\/wp-content\/uploads\/2017\/09\/Ferienjobs-2017-Leona-Frick-et-Leona-Porstner.jpg 1024w\" sizes=\"auto, (max-width: 640px) 100vw, 640px\" \/><figcaption id=\"caption-attachment-2947\" class=\"wp-caption-text\">Leona Porstner, Leona Frick, Anne-C\u00e9cile Fain\u00e9ant, Fr\u00e9d\u00e9ric Duhay<\/figcaption><\/figure>\n<p><a title=\"Ferienjobs\" href=\"http:\/\/boisleroijumelage.fr\/index.php\/activites\/recurrentes\/ferienjobs\/\">Cliquez ici pour d\u00e9couvrir le principe des Ferienjobs !<\/a><\/p>\n<p>Du 21 ao\u00fbt au 1er septembre, deux jeunes allemandes, Leona Frick et Leona Portsner, sont venues travailler \u00e0 Bois le Roi pendant 15 jours. L&rsquo;une ag\u00e9e de 17 ans, a aid\u00e9 \u00e0 la buvette de l&rsquo;UCPA, et l&rsquo;autre, 20 ans, s&rsquo;occupait des enfants au Soleil Bacot. Elles nous racontent leur aventure&#8230;<\/p>\n<ul>\n<li><a href=\"http:\/\/boisleroijumelage.fr\/wp-content\/uploads\/2017\/09\/T\u00e9moignage-Leona-Frick-2017.docx\" rel=\"\">Leona Frick \u00e0 l&rsquo;UCPA<\/a><\/li>\n<li><a href=\"http:\/\/boisleroijumelage.fr\/wp-content\/uploads\/2017\/09\/T\u00e9moignage-Leona-Porstner-2017.docx\" rel=\"\">Leona Porstner au Soleil Bacot<\/a><\/li>\n<\/ul>\n","protected":false},"excerpt":{"rendered":"<p>Cliquez ici pour d\u00e9couvrir le principe des Ferienjobs ! Du 21 ao\u00fbt au 1er septembre, deux jeunes allemandes, Leona Frick et Leona Portsner, sont venues travailler \u00e0 Bois le Roi pendant 15 jours. L&rsquo;une ag\u00e9e de 17 ans, a aid\u00e9 \u00e0 la buvette de l&rsquo;UCPA, et l&rsquo;autre, 20 ans, s&rsquo;occupait des enfants au Soleil Bacot&#8230;.<\/p>\n","protected":false},"author":1,"featured_media":2947,"parent":2626,"menu_order":60,"comment_status":"closed","ping_status":"closed","template":"","meta":{"_kadence_starter_templates_imported_post":false,"_kad_post_transparent":"","_kad_post_title":"","_kad_post_layout":"","_kad_post_sidebar_id":"","_kad_post_content_style":"","_kad_post_vertical_padding":"","_kad_post_feature":"","_kad_post_feature_position":"","_kad_post_header":false,"_kad_post_footer":false,"_kad_post_classname":"","footnotes":""},"class_list":["post-2941","page","type-page","status-publish","has-post-thumbnail","hentry"],"_links":{"self":[{"href":"http:\/\/boisleroijumelage.fr\/index.php\/wp-json\/wp\/v2\/pages\/2941","targetHints":{"allow":["GET"]}}],"collection":[{"href":"http:\/\/boisleroijumelage.fr\/index.php\/wp-json\/wp\/v2\/pages"}],"about":[{"href":"http:\/\/boisleroijumelage.fr\/index.php\/wp-json\/wp\/v2\/types\/page"}],"author":[{"embeddable":true,"href":"http:\/\/boisleroijumelage.fr\/index.php\/wp-json\/wp\/v2\/users\/1"}],"replies":[{"embeddable":true,"href":"http:\/\/boisleroijumelage.fr\/index.php\/wp-json\/wp\/v2\/comments?post=2941"}],"version-history":[{"count":6,"href":"http:\/\/boisleroijumelage.fr\/index.php\/wp-json\/wp\/v2\/pages\/2941\/revisions"}],"predecessor-version":[{"id":2974,"href":"http:\/\/boisleroijumelage.fr\/index.php\/wp-json\/wp\/v2\/pages\/2941\/revisions\/2974"}],"up":[{"embeddable":true,"href":"http:\/\/boisleroijumelage.fr\/index.php\/wp-json\/wp\/v2\/pages\/2626"}],"wp:featuredmedia":[{"embeddable":true,"href":"http:\/\/boisleroijumelage.fr\/index.php\/wp-json\/wp\/v2\/media\/2947"}],"wp:attachment":[{"href":"http:\/\/boisleroijumelage.fr\/index.php\/wp-json\/wp\/v2\/media?parent=2941"}],"curies":[{"name":"wp","href":"https:\/\/api.w.org\/{rel}","templated":true}]}}