{"id":3221,"date":"2025-05-29T06:21:57","date_gmt":"2025-05-29T05:21:57","guid":{"rendered":"http:\/\/boisleroijumelage.fr\/?page_id=3221"},"modified":"2025-05-29T06:21:57","modified_gmt":"2025-05-29T05:21:57","slug":"semaine-des-jeunes-2025","status":"publish","type":"page","link":"http:\/\/boisleroijumelage.fr\/index.php\/semaine-des-jeunes-2025\/","title":{"rendered":"Semaine des jeunes 2025"},"content":{"rendered":"<p>Le comit\u00e9 de Jumelage de Bois-le-Roi propose aux jeunes de 12 \u00e0 16 ans de s&rsquo;inscrire \u00e0 une semaine franco-allemande de rencontre et d&rsquo;\u00e9changes \u00e0 Bois-le-Roi, du 10 au 17 ao\u00fbt 2025 sur le th\u00e8me de l&rsquo;eau et de la for\u00eat.<\/p>\n<p>Au programme : visites, randonn\u00e9es, accrobranche, cano\u00eb&#8230; pour un montant de 100 \u20ac (pique-nique inclus).<\/p>\n<p>Durant cet \u00e9change culturel, les jeunes fran\u00e7ais recevront les jeunes allemands chez eux pour la semaine.<\/p>\n<p><img loading=\"lazy\" decoding=\"async\" class=\"wp-image-3227 aligncenter\" src=\"http:\/\/boisleroijumelage.fr\/wp-content\/uploads\/2025\/05\/SeJeunes2025-203x300.jpg\" alt=\"\" width=\"604\" height=\"893\" srcset=\"http:\/\/boisleroijumelage.fr\/wp-content\/uploads\/2025\/05\/SeJeunes2025-203x300.jpg 203w, http:\/\/boisleroijumelage.fr\/wp-content\/uploads\/2025\/05\/SeJeunes2025.jpg 562w\" sizes=\"auto, (max-width: 604px) 100vw, 604px\" \/><\/p>\n","protected":false},"excerpt":{"rendered":"<p>Le comit\u00e9 de Jumelage de Bois-le-Roi propose aux jeunes de 12 \u00e0 16 ans de s&rsquo;inscrire \u00e0 une semaine franco-allemande de rencontre et d&rsquo;\u00e9changes \u00e0 Bois-le-Roi, du 10 au 17 ao\u00fbt 2025 sur le th\u00e8me de l&rsquo;eau et de la for\u00eat. Au programme : visites, randonn\u00e9es, accrobranche, cano\u00eb&#8230; pour un montant de 100 \u20ac (pique-nique&#8230;<\/p>\n","protected":false},"author":3,"featured_media":0,"parent":0,"menu_order":0,"comment_status":"closed","ping_status":"closed","template":"","meta":{"_kadence_starter_templates_imported_post":false,"_kad_post_transparent":"","_kad_post_title":"","_kad_post_layout":"","_kad_post_sidebar_id":"","_kad_post_content_style":"","_kad_post_vertical_padding":"","_kad_post_feature":"","_kad_post_feature_position":"","_kad_post_header":false,"_kad_post_footer":false,"_kad_post_classname":"","footnotes":""},"class_list":["post-3221","page","type-page","status-publish","hentry"],"_links":{"self":[{"href":"http:\/\/boisleroijumelage.fr\/index.php\/wp-json\/wp\/v2\/pages\/3221","targetHints":{"allow":["GET"]}}],"collection":[{"href":"http:\/\/boisleroijumelage.fr\/index.php\/wp-json\/wp\/v2\/pages"}],"about":[{"href":"http:\/\/boisleroijumelage.fr\/index.php\/wp-json\/wp\/v2\/types\/page"}],"author":[{"embeddable":true,"href":"http:\/\/boisleroijumelage.fr\/index.php\/wp-json\/wp\/v2\/users\/3"}],"replies":[{"embeddable":true,"href":"http:\/\/boisleroijumelage.fr\/index.php\/wp-json\/wp\/v2\/comments?post=3221"}],"version-history":[{"count":6,"href":"http:\/\/boisleroijumelage.fr\/index.php\/wp-json\/wp\/v2\/pages\/3221\/revisions"}],"predecessor-version":[{"id":3230,"href":"http:\/\/boisleroijumelage.fr\/index.php\/wp-json\/wp\/v2\/pages\/3221\/revisions\/3230"}],"wp:attachment":[{"href":"http:\/\/boisleroijumelage.fr\/index.php\/wp-json\/wp\/v2\/media?parent=3221"}],"curies":[{"name":"wp","href":"https:\/\/api.w.org\/{rel}","templated":true}]}}