{"id":405,"date":"2014-07-29T16:32:53","date_gmt":"2014-07-29T15:32:53","guid":{"rendered":"http:\/\/localhost\/jumelage\/?page_id=405"},"modified":"2016-04-14T22:00:42","modified_gmt":"2016-04-14T21:00:42","slug":"activites-2009","status":"publish","type":"page","link":"http:\/\/boisleroijumelage.fr\/index.php\/activites\/annuelles\/activites-2009\/","title":{"rendered":"Programme 2009"},"content":{"rendered":"<p>Programme des activit\u00e9s :<\/p>\n<table style=\"color: #000000;\" border=\"0\" width=\"800\" cellspacing=\"1\" cellpadding=\"1\">\n<tbody>\n<tr>\n<td height=\"40\">F\u00e9vrier<\/td>\n<td><a title=\"Conseil d\u2019administration franco-allemand \u00e0 Baden-Baden\" href=\"http:\/\/boisleroijumelage.fr\/index.php\/activites\/annuelles\/activites-2009\/conseil-dadministration-franco-allemand-a-baden-baden-2\/\">Conseil d&rsquo;administration franco-allemand \u00e0 Baden-Baden<\/a><\/td>\n<\/tr>\n<tr>\n<td height=\"40\">Avril<\/td>\n<td>Assembl\u00e9e G\u00e9n\u00e9rale suivie d&rsquo;un d\u00eener<\/td>\n<\/tr>\n<tr>\n<td height=\"60\">Mai<\/td>\n<td>Rencontres franco-allemandes \u00e0 Langenargen sur le th\u00e8me de l&rsquo;environnement et de sa protection<\/td>\n<\/tr>\n<tr>\n<td height=\"40\">Juin<\/td>\n<td>Challenge franco-allemand de tennis de table \u00e0 Langenargen<\/td>\n<\/tr>\n<tr>\n<td height=\"40\">Juillet<\/td>\n<td>\u00ab\u00a0Uferfest\u00a0\u00bb \u00e0 Langenargen<\/td>\n<\/tr>\n<tr>\n<td height=\"60\">Juillet-Ao\u00fbt<\/td>\n<td><a title=\"Semaine des jeunes 2009\" href=\"http:\/\/boisleroijumelage.fr\/index.php\/activites\/annuelles\/activites-2009\/semaine-des-jeunes-2009\/\">Semaine des jeunes \u00ab\u00a0Radtur am Bodensee\u00a0\u00bb<\/a><\/td>\n<\/tr>\n<tr>\n<td height=\"40\">Ao\u00fbt<\/td>\n<td>Ferienjobs \u00e0 Bois le Roi<\/td>\n<\/tr>\n<tr>\n<td height=\"40\">Septembre<\/td>\n<td>Participation au forum des associations<\/td>\n<\/tr>\n<tr>\n<td height=\"60\">Octobre<\/td>\n<td>R\u00e9union tripartite des comit\u00e9s de jumelage de Bois le Roi, Langenargen et Noli en for\u00eat de Bregenz<\/td>\n<\/tr>\n<tr>\n<td>Novembre<\/td>\n<td height=\"40\">R\u00e9ception des familles allemandes ayant des enfants en bas \u00e2ge<\/td>\n<\/tr>\n<tr>\n<td>D\u00e9cembre<\/td>\n<td height=\"40\"><a title=\"March\u00e9 de no\u00ebl\" href=\"http:\/\/boisleroijumelage.fr\/index.php\/activites\/annuelles\/activites-2009\/marche-de-noel\">March\u00e9 de No\u00ebl<\/a><\/td>\n<\/tr>\n<\/tbody>\n<\/table>\n<p>&nbsp;<\/p>\n","protected":false},"excerpt":{"rendered":"<p>Programme des activit\u00e9s : F\u00e9vrier Conseil d&rsquo;administration franco-allemand \u00e0 Baden-Baden Avril Assembl\u00e9e G\u00e9n\u00e9rale suivie d&rsquo;un d\u00eener Mai Rencontres franco-allemandes \u00e0 Langenargen sur le th\u00e8me de l&rsquo;environnement et de sa protection Juin Challenge franco-allemand de tennis de table \u00e0 Langenargen Juillet \u00ab\u00a0Uferfest\u00a0\u00bb \u00e0 Langenargen Juillet-Ao\u00fbt Semaine des jeunes \u00ab\u00a0Radtur am Bodensee\u00a0\u00bb Ao\u00fbt Ferienjobs \u00e0 Bois le&#8230;<\/p>\n","protected":false},"author":1,"featured_media":0,"parent":197,"menu_order":10,"comment_status":"closed","ping_status":"closed","template":"","meta":{"_kadence_starter_templates_imported_post":false,"_kad_post_transparent":"","_kad_post_title":"","_kad_post_layout":"","_kad_post_sidebar_id":"","_kad_post_content_style":"","_kad_post_vertical_padding":"","_kad_post_feature":"","_kad_post_feature_position":"","_kad_post_header":false,"_kad_post_footer":false,"_kad_post_classname":"","footnotes":""},"class_list":["post-405","page","type-page","status-publish","hentry"],"_links":{"self":[{"href":"http:\/\/boisleroijumelage.fr\/index.php\/wp-json\/wp\/v2\/pages\/405","targetHints":{"allow":["GET"]}}],"collection":[{"href":"http:\/\/boisleroijumelage.fr\/index.php\/wp-json\/wp\/v2\/pages"}],"about":[{"href":"http:\/\/boisleroijumelage.fr\/index.php\/wp-json\/wp\/v2\/types\/page"}],"author":[{"embeddable":true,"href":"http:\/\/boisleroijumelage.fr\/index.php\/wp-json\/wp\/v2\/users\/1"}],"replies":[{"embeddable":true,"href":"http:\/\/boisleroijumelage.fr\/index.php\/wp-json\/wp\/v2\/comments?post=405"}],"version-history":[{"count":5,"href":"http:\/\/boisleroijumelage.fr\/index.php\/wp-json\/wp\/v2\/pages\/405\/revisions"}],"predecessor-version":[{"id":1907,"href":"http:\/\/boisleroijumelage.fr\/index.php\/wp-json\/wp\/v2\/pages\/405\/revisions\/1907"}],"up":[{"embeddable":true,"href":"http:\/\/boisleroijumelage.fr\/index.php\/wp-json\/wp\/v2\/pages\/197"}],"wp:attachment":[{"href":"http:\/\/boisleroijumelage.fr\/index.php\/wp-json\/wp\/v2\/media?parent=405"}],"curies":[{"name":"wp","href":"https:\/\/api.w.org\/{rel}","templated":true}]}}