{"id":407,"date":"2014-07-29T16:33:11","date_gmt":"2014-07-29T15:33:11","guid":{"rendered":"http:\/\/localhost\/jumelage\/?page_id=407"},"modified":"2016-03-10T19:06:27","modified_gmt":"2016-03-10T18:06:27","slug":"activites-2010","status":"publish","type":"page","link":"http:\/\/boisleroijumelage.fr\/index.php\/activites\/annuelles\/activites-2010\/","title":{"rendered":"Programme 2010"},"content":{"rendered":"<p>Programme des activit\u00e9s :<\/p>\n<table style=\"color: #000000;\" border=\"0\" width=\"800\" cellspacing=\"1\" cellpadding=\"1\">\n<tbody>\n<tr>\n<td height=\"60\">Juillet<\/td>\n<td>Ferienjobs \u00e0 Langenargen<\/td>\n<\/tr>\n<tr>\n<td height=\"40\">04 &#8211; 11 juillet<\/td>\n<td><a title=\"Radtur en Bavi\u00e8re (2010)\" href=\"http:\/\/boisleroijumelage.fr\/index.php\/activites\/annuelles\/activites-2010\/radtur-en-baviere-2010\/\">Radtur en Bavi\u00e8re<\/a><\/td>\n<\/tr>\n<tr>\n<td height=\"40\">30 Juillet &#8211; 03 ao\u00fbt<\/td>\n<td><a title=\"Uferfest 2010\" href=\"http:\/\/boisleroijumelage.fr\/index.php\/activites\/annuelles\/activites-2010\/uferfest-2010\/\">Uferfest \u00e0 Langenargen<\/a><\/td>\n<\/tr>\n<tr>\n<td height=\"60\">02 &#8211; 08\u00a0Ao\u00fbt<\/td>\n<td><a title=\"Semaine des jeunes 2010\" href=\"http:\/\/boisleroijumelage.fr\/index.php\/activites\/annuelles\/activites-2010\/semaine-des-jeunes-2010\/\">Semaine des jeunes \u00ab\u00a0Musique &amp; Chant\u00a0\u00bb<\/a><\/td>\n<\/tr>\n<tr>\n<td height=\"40\">Ao\u00fbt<\/td>\n<td>Ferienjobs \u00e0 Bois le Roi<\/td>\n<\/tr>\n<tr>\n<td height=\"40\">05 Septembre<\/td>\n<td><a title=\"Forum des associations 2010\" href=\"http:\/\/boisleroijumelage.fr\/index.php\/activites\/annuelles\/activites-2010\/forum-des-associations-2010\/\">Participation au forum des associations<\/a><\/td>\n<\/tr>\n<tr>\n<td>12 D\u00e9cembre<\/td>\n<td height=\"40\"><a title=\"March\u00e9 de no\u00ebl\" href=\"http:\/\/boisleroijumelage.fr\/index.php\/activites\/annuelles\/activites-2010\/marche-de-noel\/\">March\u00e9 de No\u00ebl de Bois le Roi<\/a><\/td>\n<\/tr>\n<\/tbody>\n<\/table>\n","protected":false},"excerpt":{"rendered":"<p>Programme des activit\u00e9s : Juillet Ferienjobs \u00e0 Langenargen 04 &#8211; 11 juillet Radtur en Bavi\u00e8re 30 Juillet &#8211; 03 ao\u00fbt Uferfest \u00e0 Langenargen 02 &#8211; 08\u00a0Ao\u00fbt Semaine des jeunes \u00ab\u00a0Musique &amp; Chant\u00a0\u00bb Ao\u00fbt Ferienjobs \u00e0 Bois le Roi 05 Septembre Participation au forum des associations 12 D\u00e9cembre March\u00e9 de No\u00ebl de Bois le Roi<\/p>\n","protected":false},"author":1,"featured_media":0,"parent":197,"menu_order":20,"comment_status":"closed","ping_status":"closed","template":"","meta":{"_kadence_starter_templates_imported_post":false,"_kad_post_transparent":"","_kad_post_title":"","_kad_post_layout":"","_kad_post_sidebar_id":"","_kad_post_content_style":"","_kad_post_vertical_padding":"","_kad_post_feature":"","_kad_post_feature_position":"","_kad_post_header":false,"_kad_post_footer":false,"_kad_post_classname":"","footnotes":""},"class_list":["post-407","page","type-page","status-publish","hentry"],"_links":{"self":[{"href":"http:\/\/boisleroijumelage.fr\/index.php\/wp-json\/wp\/v2\/pages\/407","targetHints":{"allow":["GET"]}}],"collection":[{"href":"http:\/\/boisleroijumelage.fr\/index.php\/wp-json\/wp\/v2\/pages"}],"about":[{"href":"http:\/\/boisleroijumelage.fr\/index.php\/wp-json\/wp\/v2\/types\/page"}],"author":[{"embeddable":true,"href":"http:\/\/boisleroijumelage.fr\/index.php\/wp-json\/wp\/v2\/users\/1"}],"replies":[{"embeddable":true,"href":"http:\/\/boisleroijumelage.fr\/index.php\/wp-json\/wp\/v2\/comments?post=407"}],"version-history":[{"count":3,"href":"http:\/\/boisleroijumelage.fr\/index.php\/wp-json\/wp\/v2\/pages\/407\/revisions"}],"predecessor-version":[{"id":1544,"href":"http:\/\/boisleroijumelage.fr\/index.php\/wp-json\/wp\/v2\/pages\/407\/revisions\/1544"}],"up":[{"embeddable":true,"href":"http:\/\/boisleroijumelage.fr\/index.php\/wp-json\/wp\/v2\/pages\/197"}],"wp:attachment":[{"href":"http:\/\/boisleroijumelage.fr\/index.php\/wp-json\/wp\/v2\/media?parent=407"}],"curies":[{"name":"wp","href":"https:\/\/api.w.org\/{rel}","templated":true}]}}