{"id":413,"date":"2014-07-29T16:34:02","date_gmt":"2014-07-29T15:34:02","guid":{"rendered":"http:\/\/localhost\/jumelage\/?page_id=413"},"modified":"2016-03-10T19:50:07","modified_gmt":"2016-03-10T18:50:07","slug":"activites-2013","status":"publish","type":"page","link":"http:\/\/boisleroijumelage.fr\/index.php\/activites\/annuelles\/activites-2013\/","title":{"rendered":"Programme 2013"},"content":{"rendered":"<table style=\"color: #000000; height: 511px;\" border=\"1\" width=\"768\" cellspacing=\"2\" cellpadding=\"0\" align=\"center\">\n<tbody>\n<tr>\n<td width=\"30%\">Du 15 au 17 mars<\/td>\n<td width=\"50%\"><a title=\"Sommet CA Franco-Allemand 2013\" href=\"http:\/\/boisleroijumelage.fr\/index.php\/activites\/annuelles\/activites-2013\/sommet-ca-franco-allemand-2013\/\">Sommet CA Franco-Allemand \u00e0 Baden Baden<\/a><\/td>\n<\/tr>\n<tr>\n<td width=\"30%\">13 avril<\/td>\n<td width=\"50%\">Assembl\u00e9e G\u00e9n\u00e9rale<\/td>\n<\/tr>\n<tr>\n<td width=\"30%\">Du 16 au 20 mai<\/td>\n<td width=\"50%\">Tournoi de Tennis de Table<\/td>\n<\/tr>\n<tr>\n<td width=\"30%\">17 &amp; 18 mai<\/td>\n<td width=\"50%\"><a title=\"Festival of Europe 2013\" href=\"http:\/\/boisleroijumelage.fr\/index.php\/activites\/annuelles\/activites-2013\/festival-of-europe-2013\/\">Festival of Europe<\/a><\/td>\n<\/tr>\n<tr>\n<td width=\"30%\">31 mai<\/td>\n<td width=\"50%\">AG Extraordinaire<\/td>\n<\/tr>\n<tr>\n<td width=\"30%\">Du 07 au 14 juillet<\/td>\n<td width=\"50%\"><a title=\"Voyage du centre de loisirs \u00e0 Langenargen (2013)\" href=\"http:\/\/boisleroijumelage.fr\/index.php\/activites\/annuelles\/activites-2013\/voyage-du-centre-de-loisirs-a-langenargen-2013\/\">Voyage du centre de loisirs \u00e0 Langenargen<\/a><\/td>\n<\/tr>\n<tr>\n<td width=\"30%\">Du 15 au 29 juillet<\/td>\n<td width=\"50%\"><a title=\"Ferienjobs \u00e0 Langenargen (2013)\" href=\"http:\/\/boisleroijumelage.fr\/index.php\/activites\/annuelles\/activites-2013\/ferienjobs-a-langenargen-2013\/\">Ferienjobs \u00e0 Langenargen<\/a><\/td>\n<\/tr>\n<tr>\n<td width=\"30%\">Du 14 au 21 juillet<\/td>\n<td width=\"50%\"><a title=\"Intervention de Jean-Pierre Neytcheff \u2013 FAMS\" href=\"http:\/\/boisleroijumelage.fr\/index.php\/activites\/annuelles\/activites-2013\/intervention-de-jean-pierre-neytcheff-fams\/\">Intervention de Jean-Pierre Neytcheff &#8211; FAMS<\/a><\/td>\n<\/tr>\n<tr>\n<td width=\"30%\">Du 26 au 29 juillet<\/td>\n<td width=\"50%\"><a title=\"Uferfest 2013\" href=\"http:\/\/boisleroijumelage.fr\/index.php\/activites\/annuelles\/activites-2013\/uferfest-2013\/\">Uferfest<\/a><\/td>\n<\/tr>\n<tr>\n<td width=\"30%\">Du\u00a030 juillet au 07 ao\u00fbt<\/td>\n<td width=\"50%\"><a title=\"Semaine des jeunes 2013\" href=\"http:\/\/boisleroijumelage.fr\/index.php\/activites\/annuelles\/activites-2013\/semaine-des-jeunes-2013\/\">Semaine des jeunes<\/a><\/td>\n<\/tr>\n<tr>\n<td width=\"30%\">Du\u00a019 au 30 ao\u00fbt<\/td>\n<td width=\"50%\"><a title=\"Ferienjobs \u00e0 Bois le Roi (2013)\" href=\"http:\/\/boisleroijumelage.fr\/index.php\/activites\/annuelles\/activites-2013\/ferienjobs-a-bois-le-roi-2013\/\">Ferienjobs \u00e0 Bois le Roi<\/a><\/td>\n<\/tr>\n<tr>\n<td width=\"30%\">31 septembre<\/td>\n<td width=\"50%\">Forum des associations<\/td>\n<\/tr>\n<tr>\n<td width=\"30%\">15 septembre<\/td>\n<td width=\"50%\">Bal guinguette<\/td>\n<\/tr>\n<tr>\n<td width=\"30%\">29 septembre<\/td>\n<td width=\"50%\">Vide grenier de Bois le Roi<\/td>\n<\/tr>\n<tr>\n<td width=\"30%\">16 novembre<\/td>\n<td width=\"50%\"><a title=\"Kaffeekranz n\u00b01\" href=\"http:\/\/boisleroijumelage.fr\/index.php\/activites\/annuelles\/activites-2013\/kaffeekranz-n1\/\">Kaffeekranz n\u00b01<\/a><\/td>\n<\/tr>\n<tr>\n<td width=\"30%\">07 d\u00e9cembre<\/td>\n<td width=\"50%\"><a title=\"Kaffeekranz n\u00b02\" href=\"http:\/\/boisleroijumelage.fr\/index.php\/activites\/annuelles\/activites-2013\/kaffeekranz-n2\/\">Kaffeekranz n\u00b02<\/a><\/td>\n<\/tr>\n<tr>\n<td width=\"30%\">15 d\u00e9cembre<\/td>\n<td width=\"50%\"><a title=\"March\u00e9 de N\u00f6el 2013\" href=\"http:\/\/boisleroijumelage.fr\/index.php\/activites\/annuelles\/activites-2013\/marche-de-noel-2013\/\">March\u00e9 de no\u00ebl<\/a><\/td>\n<\/tr>\n<\/tbody>\n<\/table>\n","protected":false},"excerpt":{"rendered":"<p>Du 15 au 17 mars Sommet CA Franco-Allemand \u00e0 Baden Baden 13 avril Assembl\u00e9e G\u00e9n\u00e9rale Du 16 au 20 mai Tournoi de Tennis de Table 17 &amp; 18 mai Festival of Europe 31 mai AG Extraordinaire Du 07 au 14 juillet Voyage du centre de loisirs \u00e0 Langenargen Du 15 au 29 juillet Ferienjobs \u00e0&#8230;<\/p>\n","protected":false},"author":1,"featured_media":0,"parent":197,"menu_order":50,"comment_status":"closed","ping_status":"closed","template":"","meta":{"_kadence_starter_templates_imported_post":false,"_kad_post_transparent":"","_kad_post_title":"","_kad_post_layout":"","_kad_post_sidebar_id":"","_kad_post_content_style":"","_kad_post_vertical_padding":"","_kad_post_feature":"","_kad_post_feature_position":"","_kad_post_header":false,"_kad_post_footer":false,"_kad_post_classname":"","footnotes":""},"class_list":["post-413","page","type-page","status-publish","hentry"],"_links":{"self":[{"href":"http:\/\/boisleroijumelage.fr\/index.php\/wp-json\/wp\/v2\/pages\/413","targetHints":{"allow":["GET"]}}],"collection":[{"href":"http:\/\/boisleroijumelage.fr\/index.php\/wp-json\/wp\/v2\/pages"}],"about":[{"href":"http:\/\/boisleroijumelage.fr\/index.php\/wp-json\/wp\/v2\/types\/page"}],"author":[{"embeddable":true,"href":"http:\/\/boisleroijumelage.fr\/index.php\/wp-json\/wp\/v2\/users\/1"}],"replies":[{"embeddable":true,"href":"http:\/\/boisleroijumelage.fr\/index.php\/wp-json\/wp\/v2\/comments?post=413"}],"version-history":[{"count":3,"href":"http:\/\/boisleroijumelage.fr\/index.php\/wp-json\/wp\/v2\/pages\/413\/revisions"}],"predecessor-version":[{"id":1575,"href":"http:\/\/boisleroijumelage.fr\/index.php\/wp-json\/wp\/v2\/pages\/413\/revisions\/1575"}],"up":[{"embeddable":true,"href":"http:\/\/boisleroijumelage.fr\/index.php\/wp-json\/wp\/v2\/pages\/197"}],"wp:attachment":[{"href":"http:\/\/boisleroijumelage.fr\/index.php\/wp-json\/wp\/v2\/media?parent=413"}],"curies":[{"name":"wp","href":"https:\/\/api.w.org\/{rel}","templated":true}]}}