{"id":415,"date":"2014-07-29T16:34:17","date_gmt":"2014-07-29T15:34:17","guid":{"rendered":"http:\/\/localhost\/jumelage\/?page_id=415"},"modified":"2016-03-10T20:00:19","modified_gmt":"2016-03-10T19:00:19","slug":"activites-2014","status":"publish","type":"page","link":"http:\/\/boisleroijumelage.fr\/index.php\/activites\/annuelles\/activites-2014\/","title":{"rendered":"Programme 2014"},"content":{"rendered":"<table style=\"color: #000000;\" border=\"1\" width=\"768\" cellspacing=\"2\" cellpadding=\"0\" align=\"center\">\n<tbody>\n<tr>\n<td width=\"30%\">18 janvier<\/td>\n<td width=\"50%\"><a title=\"Kaffeekranz n\u00b03\" href=\"http:\/\/boisleroijumelage.fr\/index.php\/activites\/annuelles\/activites-2014\/kaffeekranz-n3\/\">Kaffeekranz n\u00b03<\/a><\/td>\n<\/tr>\n<tr>\n<td width=\"30%\">15 mars<\/td>\n<td width=\"50%\"><a title=\"Kaffeekranz n\u00b04\" href=\"http:\/\/boisleroijumelage.fr\/index.php\/activites\/annuelles\/activites-2014\/kaffeekranz-n4\/\">Kaffeekranz n\u00b04<\/a><\/td>\n<\/tr>\n<tr>\n<td width=\"30%\">05 avril<\/td>\n<td width=\"50%\">Assembl\u00e9e G\u00e9n\u00e9rale 2014<\/td>\n<\/tr>\n<tr>\n<td width=\"30%\">Du 09 au 11 mai<\/td>\n<td width=\"50%\"><a title=\"Hartmannswillerkopf\" href=\"http:\/\/boisleroijumelage.fr\/index.php\/activites\/annuelles\/activites-2014\/hartmannswillerkopf\/\">Hartmannswillerkopf<\/a><\/td>\n<\/tr>\n<tr>\n<td width=\"30%\">17 &amp; 18 mai<\/td>\n<td width=\"50%\"><a title=\"Festival of Europe n\u00b03 (2014)\" href=\"http:\/\/boisleroijumelage.fr\/index.php\/activites\/annuelles\/activites-2014\/festival-of-europe-n3-2014\/\">Festival of Europe &#8211; Edition n\u00b03<\/a><\/td>\n<\/tr>\n<tr>\n<td width=\"30%\">Du 06 au 13 juillet<\/td>\n<td width=\"50%\"><a title=\"Voyage du centre de loisirs \u00e0 Langenargen (2014)\" href=\"http:\/\/boisleroijumelage.fr\/index.php\/activites\/annuelles\/activites-2014\/voyage-du-centre-de-loisirs-a-langenargen-2014\/\">Voyage du centre de loisirs \u00e0 Langenargen<\/a><\/td>\n<\/tr>\n<tr>\n<td width=\"30%\">14 au 25 juillet<\/td>\n<td width=\"50%\"><a title=\"Ferienjobs 2014\" href=\"http:\/\/boisleroijumelage.fr\/index.php\/activites\/annuelles\/activites-2014\/ferienjobs-2014\/\">Ferienjobs \u00e0 Langenargen<\/a><\/td>\n<\/tr>\n<tr>\n<td width=\"30%\">01 au 04 ao\u00fbt<\/td>\n<td width=\"50%\"><a title=\"Uferfest 2014\" href=\"http:\/\/boisleroijumelage.fr\/index.php\/activites\/annuelles\/activites-2014\/uferfest-2014\/\">Uferfest<\/a><\/td>\n<\/tr>\n<tr>\n<td width=\"30%\">04 au 09\u00a0ao\u00fbt<\/td>\n<td width=\"50%\"><a title=\"Semaine des jeunes 2014\" href=\"http:\/\/boisleroijumelage.fr\/index.php\/activites\/annuelles\/activites-2014\/semaine-des-jeunes-2014\/\">Semaine des jeunes<\/a><\/td>\n<\/tr>\n<tr>\n<td width=\"30%\">07 au 13 septembre<\/td>\n<td width=\"50%\"><a title=\"Tour \u00e0 V\u00e9lo 2014\" href=\"http:\/\/boisleroijumelage.fr\/index.php\/activites\/annuelles\/activites-2014\/tour-a-velo-2014\/\">Tour \u00e0 v\u00e9lo Jura Souabe<\/a><\/td>\n<\/tr>\n<tr>\n<td width=\"30%\">08 novembre<\/td>\n<td width=\"50%\"><a title=\"Stammtisch d\u2019automne 2014\" href=\"http:\/\/boisleroijumelage.fr\/index.php\/activites\/annuelles\/activites-2014\/stammtisch-dautomne-2014\/\">Stammtisch de l&rsquo;Automne<\/a><\/td>\n<\/tr>\n<tr>\n<td width=\"30%\">22 novembre<\/td>\n<td width=\"50%\"><a title=\"Kaffeekranz n\u00b05 (2014)\" href=\"http:\/\/boisleroijumelage.fr\/index.php\/activites\/annuelles\/activites-2014\/kaffeekranz-n5-2014\/\">Kaffeekranz n\u00b05<\/a><\/td>\n<\/tr>\n<\/tbody>\n<\/table>\n<p>&nbsp;<\/p>\n","protected":false},"excerpt":{"rendered":"<p>18 janvier Kaffeekranz n\u00b03 15 mars Kaffeekranz n\u00b04 05 avril Assembl\u00e9e G\u00e9n\u00e9rale 2014 Du 09 au 11 mai Hartmannswillerkopf 17 &amp; 18 mai Festival of Europe &#8211; Edition n\u00b03 Du 06 au 13 juillet Voyage du centre de loisirs \u00e0 Langenargen 14 au 25 juillet Ferienjobs \u00e0 Langenargen 01 au 04 ao\u00fbt Uferfest 04 au&#8230;<\/p>\n","protected":false},"author":1,"featured_media":0,"parent":197,"menu_order":60,"comment_status":"closed","ping_status":"closed","template":"","meta":{"_kadence_starter_templates_imported_post":false,"_kad_post_transparent":"","_kad_post_title":"","_kad_post_layout":"","_kad_post_sidebar_id":"","_kad_post_content_style":"","_kad_post_vertical_padding":"","_kad_post_feature":"","_kad_post_feature_position":"","_kad_post_header":false,"_kad_post_footer":false,"_kad_post_classname":"","footnotes":""},"class_list":["post-415","page","type-page","status-publish","hentry"],"_links":{"self":[{"href":"http:\/\/boisleroijumelage.fr\/index.php\/wp-json\/wp\/v2\/pages\/415","targetHints":{"allow":["GET"]}}],"collection":[{"href":"http:\/\/boisleroijumelage.fr\/index.php\/wp-json\/wp\/v2\/pages"}],"about":[{"href":"http:\/\/boisleroijumelage.fr\/index.php\/wp-json\/wp\/v2\/types\/page"}],"author":[{"embeddable":true,"href":"http:\/\/boisleroijumelage.fr\/index.php\/wp-json\/wp\/v2\/users\/1"}],"replies":[{"embeddable":true,"href":"http:\/\/boisleroijumelage.fr\/index.php\/wp-json\/wp\/v2\/comments?post=415"}],"version-history":[{"count":3,"href":"http:\/\/boisleroijumelage.fr\/index.php\/wp-json\/wp\/v2\/pages\/415\/revisions"}],"predecessor-version":[{"id":1582,"href":"http:\/\/boisleroijumelage.fr\/index.php\/wp-json\/wp\/v2\/pages\/415\/revisions\/1582"}],"up":[{"embeddable":true,"href":"http:\/\/boisleroijumelage.fr\/index.php\/wp-json\/wp\/v2\/pages\/197"}],"wp:attachment":[{"href":"http:\/\/boisleroijumelage.fr\/index.php\/wp-json\/wp\/v2\/media?parent=415"}],"curies":[{"name":"wp","href":"https:\/\/api.w.org\/{rel}","templated":true}]}}