{"id":417,"date":"2014-07-29T16:35:06","date_gmt":"2014-07-29T15:35:06","guid":{"rendered":"http:\/\/localhost\/jumelage\/?page_id=417"},"modified":"2016-09-12T13:39:40","modified_gmt":"2016-09-12T12:39:40","slug":"ferienjobs","status":"publish","type":"page","link":"http:\/\/boisleroijumelage.fr\/index.php\/activites\/recurrentes\/ferienjobs\/","title":{"rendered":"Ferienjobs"},"content":{"rendered":"<p><span style=\"color: #000000;\"><img loading=\"lazy\" decoding=\"async\" class=\"size-medium wp-image-2255 alignright\" src=\"http:\/\/boisleroijumelage.fr\/wp-content\/uploads\/2014\/07\/Ferienjobs-Bauhof-300x225.jpg\" alt=\"[cml_media_alt id='2255']ferienjobs-bauhof[\/cml_media_alt]\" width=\"300\" height=\"225\" \/>Depuis le d\u00e9but du jumelage les jeunes peuvent trouver, pendant les vacances d&rsquo;\u00e9t\u00e9, des jobs de 15 jours dans les villes jumelles.<\/span><br style=\"color: #000000;\" \/><span style=\"color: #000000;\">Jusqu&rsquo;ici, de nombreux jeunes de Langenargen et de Bois-le-Roi ont pu profiter de ces occasions d&rsquo;am\u00e9liorer leur connaissance des langues \u00e0 l&rsquo;\u00e9tranger et \u00e9galement\u00a0de gagner un peu d&rsquo;argent.<br \/>\n<\/span>A\u00a0partir de leurs\u00a016 ans, les jeunes fran\u00e7ais se retrouvent chaque fois \u00e0 Langenargen en juillet et peuvent ainsi participer aussi \u00e0 l&rsquo;Uferfest. Deux places les attentent au Kindergarten (Jardin d&rsquo;enfants) et deux autres au Bauhof (Service technique de la mairie).<br \/>\nLes jeunes allemands viennent en ao\u00fbt \u00e0 Bois le Roi lorsqu&rsquo;ils sont majeurs. Ils ont la possibilit\u00e9 de travailler au Centre de Loisirs le Soleil Bacot ou \u00e0 l&rsquo;UCPA.<\/p>\n<p><span style=\"color: #000000;\">Cet \u00e9change de jeunes sur la base des jobs d&rsquo;\u00e9t\u00e9 est devenu un \u00e9l\u00e9ment incontournable du jumelage.<\/span><\/p>\n","protected":false},"excerpt":{"rendered":"<p>Depuis le d\u00e9but du jumelage les jeunes peuvent trouver, pendant les vacances d&rsquo;\u00e9t\u00e9, des jobs de 15 jours dans les villes jumelles.Jusqu&rsquo;ici, de nombreux jeunes de Langenargen et de Bois-le-Roi ont pu profiter de ces occasions d&rsquo;am\u00e9liorer leur connaissance des langues \u00e0 l&rsquo;\u00e9tranger et \u00e9galement\u00a0de gagner un peu d&rsquo;argent. A\u00a0partir de leurs\u00a016 ans, les jeunes&#8230;<\/p>\n","protected":false},"author":1,"featured_media":0,"parent":199,"menu_order":10,"comment_status":"closed","ping_status":"closed","template":"","meta":{"_kadence_starter_templates_imported_post":false,"_kad_post_transparent":"","_kad_post_title":"","_kad_post_layout":"","_kad_post_sidebar_id":"","_kad_post_content_style":"","_kad_post_vertical_padding":"","_kad_post_feature":"","_kad_post_feature_position":"","_kad_post_header":false,"_kad_post_footer":false,"_kad_post_classname":"","footnotes":""},"class_list":["post-417","page","type-page","status-publish","hentry"],"_links":{"self":[{"href":"http:\/\/boisleroijumelage.fr\/index.php\/wp-json\/wp\/v2\/pages\/417","targetHints":{"allow":["GET"]}}],"collection":[{"href":"http:\/\/boisleroijumelage.fr\/index.php\/wp-json\/wp\/v2\/pages"}],"about":[{"href":"http:\/\/boisleroijumelage.fr\/index.php\/wp-json\/wp\/v2\/types\/page"}],"author":[{"embeddable":true,"href":"http:\/\/boisleroijumelage.fr\/index.php\/wp-json\/wp\/v2\/users\/1"}],"replies":[{"embeddable":true,"href":"http:\/\/boisleroijumelage.fr\/index.php\/wp-json\/wp\/v2\/comments?post=417"}],"version-history":[{"count":3,"href":"http:\/\/boisleroijumelage.fr\/index.php\/wp-json\/wp\/v2\/pages\/417\/revisions"}],"predecessor-version":[{"id":2258,"href":"http:\/\/boisleroijumelage.fr\/index.php\/wp-json\/wp\/v2\/pages\/417\/revisions\/2258"}],"up":[{"embeddable":true,"href":"http:\/\/boisleroijumelage.fr\/index.php\/wp-json\/wp\/v2\/pages\/199"}],"wp:attachment":[{"href":"http:\/\/boisleroijumelage.fr\/index.php\/wp-json\/wp\/v2\/media?parent=417"}],"curies":[{"name":"wp","href":"https:\/\/api.w.org\/{rel}","templated":true}]}}