{"id":420,"date":"2014-07-29T16:35:33","date_gmt":"2014-07-29T15:35:33","guid":{"rendered":"http:\/\/localhost\/jumelage\/?page_id=420"},"modified":"2016-05-26T23:36:46","modified_gmt":"2016-05-26T22:36:46","slug":"semaine-des-jeunes","status":"publish","type":"page","link":"http:\/\/boisleroijumelage.fr\/index.php\/activites\/recurrentes\/semaine-des-jeunes\/","title":{"rendered":"Semaine des jeunes"},"content":{"rendered":"<p>La semaine des jeunes \u00e9tait autrefois au d\u00e9but du jumelage, mise en oeuvre par S\u00e9bastien Bouguin. \u00a0Il a repris le concept en 2008, en proposant en France \u00ab\u00a0<a href=\"http:\/\/boisleroijumelage.fr\/index.php\/activites\/annuelles\/activites-2008\/semaine-des-jeunes-2008\/\">Paris \u00e0 v\u00e9lo c&rsquo;est sympa<\/a>\u00ab\u00a0. Une rencontre de 20 jeunes fran\u00e7ais et allemands vivant \u00a0des \u00e9changes \u00e0 la fois linguistiques, culturels, sportifs et de loisirs, est organis\u00e9e chaque ann\u00e9e alternativement dans l&rsquo;un de nos deux pays. \u00a0Tous les ans, un nouveau th\u00e8me fait son apparition : <a href=\"http:\/\/boisleroijumelage.fr\/index.php\/activites\/annuelles\/activites-2009\/semaine-des-jeunes-2009\/\">Radtur am Bodensee<\/a>, <a href=\"http:\/\/boisleroijumelage.fr\/index.php\/activites\/annuelles\/activites-2010\/semaine-des-jeunes-2010\/\">Musique &amp; Chant<\/a>, \u00a0<a href=\"http:\/\/boisleroijumelage.fr\/index.php\/activites\/annuelles\/activites-2011\/semaine-des-jeunes-2011\/\">Cit\u00e9 \u00a0m\u00e9di\u00e9vale<\/a>, <a href=\"http:\/\/boisleroijumelage.fr\/index.php\/activites\/annuelles\/activites-2012\/semaine-des-jeunes-2012\/\">l&rsquo;Eau<\/a>, <a href=\"http:\/\/boisleroijumelage.fr\/index.php\/activites\/annuelles\/activites-2013\/semaine-des-jeunes-2013\/\">la For\u00eat<\/a>, <a href=\"http:\/\/boisleroijumelage.fr\/index.php\/activites\/annuelles\/activites-2014\/semaine-des-jeunes-2014\/\">Voler et les engins volants<\/a>,<a href=\"http:\/\/boisleroijumelage.fr\/index.php\/activites\/annuelles\/activites-2015\/semaine-des-jeunes-2015\/\"> les Grandes Inventions<\/a>&#8230; La semaine se termine toujours par un repas de remerciement partag\u00e9 aussi avec les familles \u00a0d&rsquo;accueil. \u00a0Les participants repartent avec un cadeau souvenir.<\/p>\n","protected":false},"excerpt":{"rendered":"<p>La semaine des jeunes \u00e9tait autrefois au d\u00e9but du jumelage, mise en oeuvre par S\u00e9bastien Bouguin. \u00a0Il a repris le concept en 2008, en proposant en France \u00ab\u00a0Paris \u00e0 v\u00e9lo c&rsquo;est sympa\u00ab\u00a0. Une rencontre de 20 jeunes fran\u00e7ais et allemands vivant \u00a0des \u00e9changes \u00e0 la fois linguistiques, culturels, sportifs et de loisirs, est organis\u00e9e chaque&#8230;<\/p>\n","protected":false},"author":1,"featured_media":0,"parent":199,"menu_order":20,"comment_status":"closed","ping_status":"closed","template":"","meta":{"_kadence_starter_templates_imported_post":false,"_kad_post_transparent":"","_kad_post_title":"","_kad_post_layout":"","_kad_post_sidebar_id":"","_kad_post_content_style":"","_kad_post_vertical_padding":"","_kad_post_feature":"","_kad_post_feature_position":"","_kad_post_header":false,"_kad_post_footer":false,"_kad_post_classname":"","footnotes":""},"class_list":["post-420","page","type-page","status-publish","hentry"],"_links":{"self":[{"href":"http:\/\/boisleroijumelage.fr\/index.php\/wp-json\/wp\/v2\/pages\/420","targetHints":{"allow":["GET"]}}],"collection":[{"href":"http:\/\/boisleroijumelage.fr\/index.php\/wp-json\/wp\/v2\/pages"}],"about":[{"href":"http:\/\/boisleroijumelage.fr\/index.php\/wp-json\/wp\/v2\/types\/page"}],"author":[{"embeddable":true,"href":"http:\/\/boisleroijumelage.fr\/index.php\/wp-json\/wp\/v2\/users\/1"}],"replies":[{"embeddable":true,"href":"http:\/\/boisleroijumelage.fr\/index.php\/wp-json\/wp\/v2\/comments?post=420"}],"version-history":[{"count":5,"href":"http:\/\/boisleroijumelage.fr\/index.php\/wp-json\/wp\/v2\/pages\/420\/revisions"}],"predecessor-version":[{"id":2033,"href":"http:\/\/boisleroijumelage.fr\/index.php\/wp-json\/wp\/v2\/pages\/420\/revisions\/2033"}],"up":[{"embeddable":true,"href":"http:\/\/boisleroijumelage.fr\/index.php\/wp-json\/wp\/v2\/pages\/199"}],"wp:attachment":[{"href":"http:\/\/boisleroijumelage.fr\/index.php\/wp-json\/wp\/v2\/media?parent=420"}],"curies":[{"name":"wp","href":"https:\/\/api.w.org\/{rel}","templated":true}]}}