{"id":422,"date":"2014-07-29T16:35:43","date_gmt":"2014-07-29T15:35:43","guid":{"rendered":"http:\/\/localhost\/jumelage\/?page_id=422"},"modified":"2016-04-17T22:56:06","modified_gmt":"2016-04-17T21:56:06","slug":"uferfest","status":"publish","type":"page","link":"http:\/\/boisleroijumelage.fr\/index.php\/activites\/recurrentes\/uferfest\/","title":{"rendered":"Uferfest"},"content":{"rendered":"<p>La \u00ab f\u00eate du lac \u00bb a lieu chaque ann\u00e9e \u00e0 l\u2019issue de l\u2019ann\u00e9e scolaire. C\u2019est l\u2019occasion, pour les nombreuses associations de Langenargen, de proposer des stands de nourritures ou de boissons, tous compl\u00e9mentaires, afin de pouvoir assurer financi\u00e8rement les activit\u00e9s de l\u2019ann\u00e9e. Notre jumelage franco-allemand s\u2019inscrit dans ce cadre et de nombreux bacots ont d\u00e9j\u00e0 particip\u00e9 depuis des ann\u00e9es au marathon des cr\u00eapes ou vendu du vin fran\u00e7ais, sur notre stand. C&rsquo;est l\u2019occasion de se retrouver, avec tous nos amis outre-Rhin, pour une cause commune. Hormis l\u2019alimentaire qui donne d\u00e9j\u00e0 un c\u00f4t\u00e9 convivial, nous y retrouvons aussi des jeux classiques pour les petits (balan\u00e7oires, trampolines&#8230;), comme pour les plus grands (attractions, tirs&#8230;), mais aussi des maquillages, r\u00e9alisation d\u2019objets. Le tout est agr\u00e9ment\u00e9 d\u2019animations : course relais, joutes nautiques, parachutistes, au son de la Fanfarenzug qui d\u00e9file au bord de l\u2019eau. Mais \u00e9galement point de f\u00eate allemande sans musique ! Des orchestres aux styles diff\u00e9rents, du classique au plus moderne, se produisent sur deux sc\u00e8nes o\u00f9 l\u2019ont retrouve des pistes de danse. \u00a0Le samedi \u00a0soir, c&rsquo;est l&rsquo;apoth\u00e9ose, \u00a0avec le d\u00e9fil\u00e9 nocturne des bateaux \u00a0illumin\u00e9s suivi d&rsquo;un feu d&rsquo;artifice grandiose \u00a0!<\/p>\n","protected":false},"excerpt":{"rendered":"<p>La \u00ab f\u00eate du lac \u00bb a lieu chaque ann\u00e9e \u00e0 l\u2019issue de l\u2019ann\u00e9e scolaire. C\u2019est l\u2019occasion, pour les nombreuses associations de Langenargen, de proposer des stands de nourritures ou de boissons, tous compl\u00e9mentaires, afin de pouvoir assurer financi\u00e8rement les activit\u00e9s de l\u2019ann\u00e9e. Notre jumelage franco-allemand s\u2019inscrit dans ce cadre et de nombreux bacots ont&#8230;<\/p>\n","protected":false},"author":1,"featured_media":0,"parent":199,"menu_order":0,"comment_status":"closed","ping_status":"closed","template":"","meta":{"_kadence_starter_templates_imported_post":false,"_kad_post_transparent":"","_kad_post_title":"","_kad_post_layout":"","_kad_post_sidebar_id":"","_kad_post_content_style":"","_kad_post_vertical_padding":"","_kad_post_feature":"","_kad_post_feature_position":"","_kad_post_header":false,"_kad_post_footer":false,"_kad_post_classname":"","footnotes":""},"class_list":["post-422","page","type-page","status-publish","hentry"],"_links":{"self":[{"href":"http:\/\/boisleroijumelage.fr\/index.php\/wp-json\/wp\/v2\/pages\/422","targetHints":{"allow":["GET"]}}],"collection":[{"href":"http:\/\/boisleroijumelage.fr\/index.php\/wp-json\/wp\/v2\/pages"}],"about":[{"href":"http:\/\/boisleroijumelage.fr\/index.php\/wp-json\/wp\/v2\/types\/page"}],"author":[{"embeddable":true,"href":"http:\/\/boisleroijumelage.fr\/index.php\/wp-json\/wp\/v2\/users\/1"}],"replies":[{"embeddable":true,"href":"http:\/\/boisleroijumelage.fr\/index.php\/wp-json\/wp\/v2\/comments?post=422"}],"version-history":[{"count":3,"href":"http:\/\/boisleroijumelage.fr\/index.php\/wp-json\/wp\/v2\/pages\/422\/revisions"}],"predecessor-version":[{"id":1971,"href":"http:\/\/boisleroijumelage.fr\/index.php\/wp-json\/wp\/v2\/pages\/422\/revisions\/1971"}],"up":[{"embeddable":true,"href":"http:\/\/boisleroijumelage.fr\/index.php\/wp-json\/wp\/v2\/pages\/199"}],"wp:attachment":[{"href":"http:\/\/boisleroijumelage.fr\/index.php\/wp-json\/wp\/v2\/media?parent=422"}],"curies":[{"name":"wp","href":"https:\/\/api.w.org\/{rel}","templated":true}]}}