{"id":424,"date":"2014-07-29T16:36:15","date_gmt":"2014-07-29T15:36:15","guid":{"rendered":"http:\/\/localhost\/jumelage\/?page_id=424"},"modified":"2016-03-11T18:19:02","modified_gmt":"2016-03-11T17:19:02","slug":"kaffeekranze","status":"publish","type":"page","link":"http:\/\/boisleroijumelage.fr\/index.php\/activites\/recurrentes\/kaffeekranze\/","title":{"rendered":"Kaffeekr\u00e4nze"},"content":{"rendered":"<p>Les Kaffeekr\u00e4nze ou \u00ab\u00a0Caf\u00e9-couronne\u00a0\u00bb en fran\u00e7ais, \u00a0sont en fait des caf\u00e9s conf\u00e9rences. \u00a0Ceux-ci s&rsquo;articulent autour de quatres axes th\u00e9matiques :<\/p>\n<ul>\n<li>\u00ab\u00a0Rund um Deutschland\u00a0\u00bb \u00a0;<\/li>\n<li>\u00ab\u00a0Kennst du das ? Art et Culture\u00a0\u00bb ;<\/li>\n<li>\u00a0\u00ab\u00a0Denk nach !\u00a0\u00bb ;<\/li>\n<li>\u00a0\u00ab\u00a0Mal was anderes &#8211; \u00a0Tribune libre\u00a0\u00bb.<\/li>\n<\/ul>\n<p>Nous proposons des d\u00e9bats\/conf\u00e9rences \u00a0d&rsquo;une heure anim\u00e9s \u00a0par un sp\u00e9cialiste.<\/p>\n<p>Quelques exemples : <a href=\"http:\/\/boisleroijumelage.fr\/index.php\/activites\/annuelles\/activites-2013\/kaffeekranz-n1\/\">le couple franco-allemand<\/a>, <a href=\"http:\/\/boisleroijumelage.fr\/index.php\/activites\/annuelles\/activites-2013\/kaffeekranz-n2\/\">\u00a0Histoire de la musique en Allemagne<\/a>, <a href=\"http:\/\/boisleroijumelage.fr\/index.php\/activites\/annuelles\/activites-2014\/kaffeekranz-n3\/\">Leibniz un g\u00e9nie europ\u00e9en<\/a>, <a href=\"http:\/\/boisleroijumelage.fr\/index.php\/activites\/annuelles\/activites-2014\/kaffeekranz-n4\/\">le miel<\/a>, <a href=\"http:\/\/boisleroijumelage.fr\/index.php\/activites\/annuelles\/activites-2014\/kaffeekranz-n5-2014\/\">le carnaval dans le sud de l&rsquo;Allemagne<\/a>, <a href=\"http:\/\/boisleroijumelage.fr\/index.php\/activites\/annuelles\/activites-2015\/kaffeekranz-n6-2015\/\">Hartmannswillerkopf<\/a>&#8230; Le d\u00e9bat est suivi d&rsquo;un go\u00fbter offert par le jumelage autour d&rsquo;un th\u00e9\/caf\u00e9.<\/p>\n<p>L&rsquo;entr\u00e9e est libre et ouverte \u00e0 tous !<\/p>\n","protected":false},"excerpt":{"rendered":"<p>Les Kaffeekr\u00e4nze ou \u00ab\u00a0Caf\u00e9-couronne\u00a0\u00bb en fran\u00e7ais, \u00a0sont en fait des caf\u00e9s conf\u00e9rences. \u00a0Ceux-ci s&rsquo;articulent autour de quatres axes th\u00e9matiques : \u00ab\u00a0Rund um Deutschland\u00a0\u00bb \u00a0; \u00ab\u00a0Kennst du das ? Art et Culture\u00a0\u00bb ; \u00a0\u00ab\u00a0Denk nach !\u00a0\u00bb ; \u00a0\u00ab\u00a0Mal was anderes &#8211; \u00a0Tribune libre\u00a0\u00bb. Nous proposons des d\u00e9bats\/conf\u00e9rences \u00a0d&rsquo;une heure anim\u00e9s \u00a0par un sp\u00e9cialiste. Quelques exemples :&#8230;<\/p>\n","protected":false},"author":1,"featured_media":0,"parent":199,"menu_order":30,"comment_status":"closed","ping_status":"closed","template":"","meta":{"_kadence_starter_templates_imported_post":false,"_kad_post_transparent":"","_kad_post_title":"","_kad_post_layout":"","_kad_post_sidebar_id":"","_kad_post_content_style":"","_kad_post_vertical_padding":"","_kad_post_feature":"","_kad_post_feature_position":"","_kad_post_header":false,"_kad_post_footer":false,"_kad_post_classname":"","footnotes":""},"class_list":["post-424","page","type-page","status-publish","hentry"],"_links":{"self":[{"href":"http:\/\/boisleroijumelage.fr\/index.php\/wp-json\/wp\/v2\/pages\/424","targetHints":{"allow":["GET"]}}],"collection":[{"href":"http:\/\/boisleroijumelage.fr\/index.php\/wp-json\/wp\/v2\/pages"}],"about":[{"href":"http:\/\/boisleroijumelage.fr\/index.php\/wp-json\/wp\/v2\/types\/page"}],"author":[{"embeddable":true,"href":"http:\/\/boisleroijumelage.fr\/index.php\/wp-json\/wp\/v2\/users\/1"}],"replies":[{"embeddable":true,"href":"http:\/\/boisleroijumelage.fr\/index.php\/wp-json\/wp\/v2\/comments?post=424"}],"version-history":[{"count":4,"href":"http:\/\/boisleroijumelage.fr\/index.php\/wp-json\/wp\/v2\/pages\/424\/revisions"}],"predecessor-version":[{"id":1630,"href":"http:\/\/boisleroijumelage.fr\/index.php\/wp-json\/wp\/v2\/pages\/424\/revisions\/1630"}],"up":[{"embeddable":true,"href":"http:\/\/boisleroijumelage.fr\/index.php\/wp-json\/wp\/v2\/pages\/199"}],"wp:attachment":[{"href":"http:\/\/boisleroijumelage.fr\/index.php\/wp-json\/wp\/v2\/media?parent=424"}],"curies":[{"name":"wp","href":"https:\/\/api.w.org\/{rel}","templated":true}]}}