{"id":426,"date":"2014-07-29T16:36:41","date_gmt":"2014-07-29T15:36:41","guid":{"rendered":"http:\/\/localhost\/jumelage\/?page_id=426"},"modified":"2016-04-17T23:02:34","modified_gmt":"2016-04-17T22:02:34","slug":"stammtisch","status":"publish","type":"page","link":"http:\/\/boisleroijumelage.fr\/index.php\/activites\/recurrentes\/stammtisch\/","title":{"rendered":"Stammtische"},"content":{"rendered":"<p>Les Stammtische sont des repas r\u00e9guliers en Allemagne. En France, nous proposons aux adh\u00e9rents \u00a0et amis du jumelage, de se retrouver autour d&rsquo;un d\u00eener afin de d\u00e9j\u00e0 lier des liens forts d&rsquo;Amiti\u00e9 dans notre propre pays. Nous avons d\u00e9cid\u00e9 d&rsquo;en organiser un par saison. Afin de permettre \u00e0 tous d&rsquo;y participer, cela se passe une fois au restaurant, une fois dans une salle, o\u00f9 chacun apporte son plat, pour satisfaire toutes les bourses. Jeunes et moins jeunes, anciens et nouveaux adh\u00e9rents ou amis, se rassemblent pour le plaisir d&rsquo;\u00eatre ensemble. Les derni\u00e8res nouvelles et informations sur le jumelage y sont \u00e9chang\u00e9es, mais pas que ! \u00a0Chaque repas est assorti d&rsquo;un th\u00e8me, \u00a0et \u00a0les convives repartent toutes ravies !<\/p>\n","protected":false},"excerpt":{"rendered":"<p>Les Stammtische sont des repas r\u00e9guliers en Allemagne. En France, nous proposons aux adh\u00e9rents \u00a0et amis du jumelage, de se retrouver autour d&rsquo;un d\u00eener afin de d\u00e9j\u00e0 lier des liens forts d&rsquo;Amiti\u00e9 dans notre propre pays. Nous avons d\u00e9cid\u00e9 d&rsquo;en organiser un par saison. Afin de permettre \u00e0 tous d&rsquo;y participer, cela se passe une&#8230;<\/p>\n","protected":false},"author":1,"featured_media":0,"parent":199,"menu_order":40,"comment_status":"closed","ping_status":"closed","template":"","meta":{"_kadence_starter_templates_imported_post":false,"_kad_post_transparent":"","_kad_post_title":"","_kad_post_layout":"","_kad_post_sidebar_id":"","_kad_post_content_style":"","_kad_post_vertical_padding":"","_kad_post_feature":"","_kad_post_feature_position":"","_kad_post_header":false,"_kad_post_footer":false,"_kad_post_classname":"","footnotes":""},"class_list":["post-426","page","type-page","status-publish","hentry"],"_links":{"self":[{"href":"http:\/\/boisleroijumelage.fr\/index.php\/wp-json\/wp\/v2\/pages\/426","targetHints":{"allow":["GET"]}}],"collection":[{"href":"http:\/\/boisleroijumelage.fr\/index.php\/wp-json\/wp\/v2\/pages"}],"about":[{"href":"http:\/\/boisleroijumelage.fr\/index.php\/wp-json\/wp\/v2\/types\/page"}],"author":[{"embeddable":true,"href":"http:\/\/boisleroijumelage.fr\/index.php\/wp-json\/wp\/v2\/users\/1"}],"replies":[{"embeddable":true,"href":"http:\/\/boisleroijumelage.fr\/index.php\/wp-json\/wp\/v2\/comments?post=426"}],"version-history":[{"count":5,"href":"http:\/\/boisleroijumelage.fr\/index.php\/wp-json\/wp\/v2\/pages\/426\/revisions"}],"predecessor-version":[{"id":1974,"href":"http:\/\/boisleroijumelage.fr\/index.php\/wp-json\/wp\/v2\/pages\/426\/revisions\/1974"}],"up":[{"embeddable":true,"href":"http:\/\/boisleroijumelage.fr\/index.php\/wp-json\/wp\/v2\/pages\/199"}],"wp:attachment":[{"href":"http:\/\/boisleroijumelage.fr\/index.php\/wp-json\/wp\/v2\/media?parent=426"}],"curies":[{"name":"wp","href":"https:\/\/api.w.org\/{rel}","templated":true}]}}