{"id":571,"date":"2015-04-17T01:17:32","date_gmt":"2015-04-17T00:17:32","guid":{"rendered":"http:\/\/boisleroijumelage.olympe.in\/?page_id=571"},"modified":"2016-03-11T18:59:55","modified_gmt":"2016-03-11T17:59:55","slug":"activites-2015","status":"publish","type":"page","link":"http:\/\/boisleroijumelage.fr\/index.php\/activites\/annuelles\/activites-2015\/","title":{"rendered":"Programme 2015"},"content":{"rendered":"<table style=\"color: #000000;\" border=\"1\" width=\"768\" cellspacing=\"2\" cellpadding=\"0\" align=\"center\">\n<tbody>\n<tr>\n<td width=\"30%\">17 janvier<\/td>\n<td width=\"50%\"><a title=\"Stammtisch d\u2019hiver (2015)\" href=\"http:\/\/boisleroijumelage.fr\/index.php\/activites\/annuelles\/activites-2015\/stammtisch-dhiver-2015\/\">Stammtisch d&rsquo;Hiver<\/a><\/td>\n<\/tr>\n<tr>\n<td width=\"30%\">31 janvier<\/td>\n<td width=\"50%\"><a title=\"Kaffeekranz n\u00b06 (2015)\" href=\"http:\/\/boisleroijumelage.fr\/index.php\/activites\/annuelles\/activites-2015\/kaffeekranz-n6-2015\/\">Kaffeekranz n\u00b06<\/a><\/td>\n<\/tr>\n<tr>\n<td width=\"30%\">14 au 17 f\u00e9vrier<\/td>\n<td width=\"50%\"><a title=\"Carnaval \u00e0 Langenargen\" href=\"http:\/\/boisleroijumelage.fr\/index.php\/activites\/annuelles\/activites-2015\/carnaval-a-langenargen\/\">Carnaval \u00e0 Langenargen<\/a><\/td>\n<\/tr>\n<tr>\n<td width=\"30%\">28 mars<\/td>\n<td width=\"50%\"><a title=\"Stammtisch de printemps (2015)\" href=\"http:\/\/boisleroijumelage.fr\/index.php\/activites\/annuelles\/activites-2015\/stammtisch-de-printemps-2015\/\">Stammtisch de Printemps<\/a><\/td>\n<\/tr>\n<tr>\n<td width=\"30%\">11 avril<\/td>\n<td width=\"50%\"><a title=\"Assembl\u00e9e G\u00e9n\u00e9rale 2015\" href=\"http:\/\/boisleroijumelage.fr\/index.php\/activites\/annuelles\/activites-2015\/assemblee-generale-2015\/\">Assembl\u00e9e G\u00e9n\u00e9rale 2015<\/a><\/td>\n<\/tr>\n<tr>\n<td width=\"30%\">14 au 17 mai<\/td>\n<td width=\"50%\"><a title=\"Venue des allemands &amp; Festival of Europe n\u00b04\" href=\"http:\/\/boisleroijumelage.fr\/index.php\/activites\/annuelles\/activites-2015\/venue-des-allemands-festival-of-europe-n4\/\">S\u00e9jour des allemands \u00e0 Bois le Roi + 4\u00e8me Festival of Europe<\/a><\/td>\n<\/tr>\n<tr>\n<td width=\"30%\">12 au 25 juillet\/10 au 21 ao\u00fbt<\/td>\n<td width=\"50%\"><a title=\"Ferienjobs 2015\" href=\"http:\/\/boisleroijumelage.fr\/index.php\/activites\/annuelles\/activites-2015\/ferienjobs-2015\/\">Ferienjobs \u00e0 Langenargen\/\u00e0 Bois le Roi<\/a><\/td>\n<\/tr>\n<tr>\n<td width=\"30%\">31 juillet au 03 aout<\/td>\n<td width=\"50%\"><a title=\"Uferfest 2015\" href=\"http:\/\/boisleroijumelage.fr\/index.php\/activites\/annuelles\/activites-2015\/uferfest-2015\/\">Uferfest<\/a><\/td>\n<\/tr>\n<tr>\n<td width=\"30%\">04 au 11 aout<\/td>\n<td width=\"50%\"><a href=\"http:\/\/boisleroijumelage.fr\/index.php\/activites\/annuelles\/activites-2015\/semaine-des-jeunes-2015\">Semaine des jeunes<\/a><\/td>\n<\/tr>\n<tr>\n<td width=\"30%\">20 au 25 ao\u00fbt<\/td>\n<td width=\"50%\"><a title=\"Paris \u00e0 V\u00e9lo 2015\" href=\"http:\/\/boisleroijumelage.fr\/index.php\/activites\/annuelles\/activites-2015\/paris-a-velo-2015\/\">Paris \u00e0 V\u00e9lo<\/a><\/td>\n<\/tr>\n<tr>\n<td width=\"30%\">03 octobre<\/td>\n<td width=\"50%\"><a href=\"http:\/\/boisleroijumelage.fr\/index.php\/activites\/annuelles\/activites-2015\/stammtisch-dautomne-2015\">Stammtisch d&rsquo;Automne<\/a><\/td>\n<\/tr>\n<\/tbody>\n<\/table>\n","protected":false},"excerpt":{"rendered":"<p>17 janvier Stammtisch d&rsquo;Hiver 31 janvier Kaffeekranz n\u00b06 14 au 17 f\u00e9vrier Carnaval \u00e0 Langenargen 28 mars Stammtisch de Printemps 11 avril Assembl\u00e9e G\u00e9n\u00e9rale 2015 14 au 17 mai S\u00e9jour des allemands \u00e0 Bois le Roi + 4\u00e8me Festival of Europe 12 au 25 juillet\/10 au 21 ao\u00fbt Ferienjobs \u00e0 Langenargen\/\u00e0 Bois le Roi 31&#8230;<\/p>\n","protected":false},"author":1,"featured_media":0,"parent":197,"menu_order":70,"comment_status":"closed","ping_status":"closed","template":"","meta":{"_kadence_starter_templates_imported_post":false,"_kad_post_transparent":"","_kad_post_title":"","_kad_post_layout":"","_kad_post_sidebar_id":"","_kad_post_content_style":"","_kad_post_vertical_padding":"","_kad_post_feature":"","_kad_post_feature_position":"","_kad_post_header":false,"_kad_post_footer":false,"_kad_post_classname":"","footnotes":""},"class_list":["post-571","page","type-page","status-publish","hentry"],"_links":{"self":[{"href":"http:\/\/boisleroijumelage.fr\/index.php\/wp-json\/wp\/v2\/pages\/571","targetHints":{"allow":["GET"]}}],"collection":[{"href":"http:\/\/boisleroijumelage.fr\/index.php\/wp-json\/wp\/v2\/pages"}],"about":[{"href":"http:\/\/boisleroijumelage.fr\/index.php\/wp-json\/wp\/v2\/types\/page"}],"author":[{"embeddable":true,"href":"http:\/\/boisleroijumelage.fr\/index.php\/wp-json\/wp\/v2\/users\/1"}],"replies":[{"embeddable":true,"href":"http:\/\/boisleroijumelage.fr\/index.php\/wp-json\/wp\/v2\/comments?post=571"}],"version-history":[{"count":6,"href":"http:\/\/boisleroijumelage.fr\/index.php\/wp-json\/wp\/v2\/pages\/571\/revisions"}],"predecessor-version":[{"id":1640,"href":"http:\/\/boisleroijumelage.fr\/index.php\/wp-json\/wp\/v2\/pages\/571\/revisions\/1640"}],"up":[{"embeddable":true,"href":"http:\/\/boisleroijumelage.fr\/index.php\/wp-json\/wp\/v2\/pages\/197"}],"wp:attachment":[{"href":"http:\/\/boisleroijumelage.fr\/index.php\/wp-json\/wp\/v2\/media?parent=571"}],"curies":[{"name":"wp","href":"https:\/\/api.w.org\/{rel}","templated":true}]}}