{"id":577,"date":"2015-04-17T02:48:02","date_gmt":"2015-04-17T00:48:02","guid":{"rendered":"http:\/\/boisleroijumelage.olympe.in\/?page_id=577"},"modified":"2016-09-12T13:06:57","modified_gmt":"2016-09-12T12:06:57","slug":"ascension-2011-a-bois-le-roi","status":"publish","type":"page","link":"http:\/\/boisleroijumelage.fr\/index.php\/activites\/annuelles\/activites-2011\/ascension-2011-a-bois-le-roi\/","title":{"rendered":"Ascension 2011 \u00e0 Bois le Roi"},"content":{"rendered":"<h6><span style=\"color: #000000;\">Programme du s\u00e9jour de nos amis allemands \u00e0 Bois Le Roi\u00a0<\/span>:<\/h6>\n<p><em>Jeudi 02 :<\/em><br \/>\nArriv\u00e9e de nos amis allemands en soir\u00e9e<\/p>\n<p><em>Vendredi 03 :<\/em><br \/>\nRando en for\u00eat ou golf<br \/>\nPique-nique<br \/>\nCroisi\u00e8re sur la Seine<br \/>\nD\u00eener de quartier<\/p>\n<p><em>Samedi 04 :<\/em><br \/>\nVisite du Louvre ou\/et shopping apr\u00e8s-midi<br \/>\nExposition Manet au mus\u00e9e d\u2019Orsay<br \/>\nRepas en commun \u00e0 la Ferme bacotte<\/p>\n<p><em>Dimanche 05 :<\/em><br \/>\nVisite du Salon d\u2019Arts plastiques de Bois le Roi et March\u00e9 puis retour dans l\u2019apr\u00e8s-midi pour Langenargen<\/p>\n<p>&nbsp;<\/p>\n<p><a href=\"\/wp-content\/uploads\/2015\/04\/Ascension-2011-2.jpg\"><img loading=\"lazy\" decoding=\"async\" class=\"alignleft wp-image-579\" src=\"http:\/\/boisleroijumelage.fr\/wp-content\/uploads\/2015\/04\/Ascension-2011-2-300x225.jpg\" alt=\"[cml_media_alt id='579']Ascension 2011 2[\/cml_media_alt]\" width=\"350\" height=\"263\" \/><\/a> <a href=\"\/wp-content\/uploads\/2015\/04\/Ascension-2011-3.jpg\"><img loading=\"lazy\" decoding=\"async\" class=\"alignright wp-image-580\" src=\"http:\/\/boisleroijumelage.fr\/wp-content\/uploads\/2015\/04\/Ascension-2011-3-300x225.jpg\" alt=\"[cml_media_alt id='580']Ascension 2011 3[\/cml_media_alt]\" width=\"350\" height=\"263\" \/><\/a><\/p>\n<p>&nbsp;<\/p>\n<p>&nbsp;<\/p>\n<p>&nbsp;<\/p>\n<p>&nbsp;<\/p>\n<p>&nbsp;<\/p>\n<p>&nbsp;<\/p>\n<p>&nbsp;<\/p>\n<p>&nbsp;<\/p>\n<p>&nbsp;<\/p>\n<p><a href=\"\/wp-content\/uploads\/2015\/04\/Ascension-2011-4.jpg\"><img loading=\"lazy\" decoding=\"async\" class=\"alignleft wp-image-581\" src=\"http:\/\/boisleroijumelage.fr\/wp-content\/uploads\/2015\/04\/Ascension-2011-4-300x225.jpg\" alt=\"[cml_media_alt id='581']Ascension 2011 4[\/cml_media_alt]\" width=\"350\" height=\"263\" \/><\/a> <a href=\"\/wp-content\/uploads\/2015\/04\/Ascension-2011-6.jpg\"><img loading=\"lazy\" decoding=\"async\" class=\"alignright wp-image-583\" src=\"http:\/\/boisleroijumelage.fr\/wp-content\/uploads\/2015\/04\/Ascension-2011-6-300x225.jpg\" alt=\"[cml_media_alt id='583']Ascension 2011 6[\/cml_media_alt]\" width=\"350\" height=\"263\" \/><\/a><\/p>\n<p>&nbsp;<\/p>\n<p>&nbsp;<\/p>\n<p>&nbsp;<\/p>\n<p>&nbsp;<\/p>\n<p>&nbsp;<\/p>\n<p>&nbsp;<\/p>\n<p>&nbsp;<\/p>\n<p>&nbsp;<\/p>\n<p>&nbsp;<\/p>\n","protected":false},"excerpt":{"rendered":"<p>Programme du s\u00e9jour de nos amis allemands \u00e0 Bois Le Roi\u00a0: Jeudi 02 : Arriv\u00e9e de nos amis allemands en soir\u00e9e Vendredi 03 : Rando en for\u00eat ou golf Pique-nique Croisi\u00e8re sur la Seine D\u00eener de quartier Samedi 04 : Visite du Louvre ou\/et shopping apr\u00e8s-midi Exposition Manet au mus\u00e9e d\u2019Orsay Repas en commun \u00e0&#8230;<\/p>\n","protected":false},"author":1,"featured_media":0,"parent":409,"menu_order":0,"comment_status":"closed","ping_status":"open","template":"","meta":{"_kadence_starter_templates_imported_post":false,"_kad_post_transparent":"","_kad_post_title":"","_kad_post_layout":"","_kad_post_sidebar_id":"","_kad_post_content_style":"","_kad_post_vertical_padding":"","_kad_post_feature":"","_kad_post_feature_position":"","_kad_post_header":false,"_kad_post_footer":false,"_kad_post_classname":"","footnotes":""},"class_list":["post-577","page","type-page","status-publish","hentry"],"_links":{"self":[{"href":"http:\/\/boisleroijumelage.fr\/index.php\/wp-json\/wp\/v2\/pages\/577","targetHints":{"allow":["GET"]}}],"collection":[{"href":"http:\/\/boisleroijumelage.fr\/index.php\/wp-json\/wp\/v2\/pages"}],"about":[{"href":"http:\/\/boisleroijumelage.fr\/index.php\/wp-json\/wp\/v2\/types\/page"}],"author":[{"embeddable":true,"href":"http:\/\/boisleroijumelage.fr\/index.php\/wp-json\/wp\/v2\/users\/1"}],"replies":[{"embeddable":true,"href":"http:\/\/boisleroijumelage.fr\/index.php\/wp-json\/wp\/v2\/comments?post=577"}],"version-history":[{"count":2,"href":"http:\/\/boisleroijumelage.fr\/index.php\/wp-json\/wp\/v2\/pages\/577\/revisions"}],"predecessor-version":[{"id":2181,"href":"http:\/\/boisleroijumelage.fr\/index.php\/wp-json\/wp\/v2\/pages\/577\/revisions\/2181"}],"up":[{"embeddable":true,"href":"http:\/\/boisleroijumelage.fr\/index.php\/wp-json\/wp\/v2\/pages\/409"}],"wp:attachment":[{"href":"http:\/\/boisleroijumelage.fr\/index.php\/wp-json\/wp\/v2\/media?parent=577"}],"curies":[{"name":"wp","href":"https:\/\/api.w.org\/{rel}","templated":true}]}}