{"id":603,"date":"2015-04-17T19:01:44","date_gmt":"2015-04-17T17:01:44","guid":{"rendered":"http:\/\/boisleroijumelage.olympe.in\/?page_id=603"},"modified":"2016-09-12T13:07:12","modified_gmt":"2016-09-12T12:07:12","slug":"uferfest-2011","status":"publish","type":"page","link":"http:\/\/boisleroijumelage.fr\/index.php\/activites\/annuelles\/activites-2011\/uferfest-2011\/","title":{"rendered":"Uferfest 2011"},"content":{"rendered":"<p>Cette ann\u00e9e l&rsquo;Uferfest s&rsquo;est d\u00e9roul\u00e9e du 29 juillet au 2 ao\u00fbt.<a href=\"\/wp-content\/uploads\/2015\/04\/Uferfest-2011.jpg\"><img loading=\"lazy\" decoding=\"async\" class=\"alignright wp-image-607\" src=\"http:\/\/boisleroijumelage.fr\/wp-content\/uploads\/2015\/04\/Uferfest-2011.jpg\" alt=\"[cml_media_alt id='607']Uferfest 2011[\/cml_media_alt]\" width=\"350\" height=\"262\" \/><\/a><\/p>\n<p><a title=\"Ici le compte rendu et les photos !\" href=\"\/wp-content\/uploads\/2015\/04\/Uferfest_2011.pdf\" target=\"_blank\">Ici le compte rendu et les photos !<\/a><\/p>\n<p>Deux articles sont parus dans la presse locale de Langenargen &#8211; Le \u00ab\u00a0Schw\u00e4bische Zeitung\u00a0\u00bb :<\/p>\n<p><a style=\"font-weight: bold; color: #000099;\" href=\"http:\/\/www.schwaebische.de\/region\/bodensee\/langenargen\/nachrichten-langenargen_artikel,-%E2%80%9EBereits-der-Auftakt-war-ein-Knaller-%E2%80%9C-_arid,5112142.html\" target=\"_blank\"><span style=\"font-family: Arial; font-size: small;\">Article \u00ab\u00a0Bereits der Auftakt war ein Knaller\u00a0\u00bb<\/span><\/a><\/p>\n<p style=\"color: #000000;\"><a style=\"font-weight: bold; color: #000099;\" href=\"http:\/\/www.schwaebische.de\/region\/bodensee\/langenargen\/nachrichten-langenargen_artikel,-Das-Fest-an-der-%E2%80%9Eblumenreichsten-und-sonnigsten-Uferanlage%E2%80%9C-ist-eroeffnet-_arid,5111453.html\" target=\"_blank\"><span style=\"font-family: Arial; font-size: small;\">Article \u00ab\u00a0Das Fest an der\u00a0Blumenreichsten und sonnigsten Uferanlage ist eroeffnet\u00a0\u00bb<\/span><\/a><\/p>\n","protected":false},"excerpt":{"rendered":"<p>Cette ann\u00e9e l&rsquo;Uferfest s&rsquo;est d\u00e9roul\u00e9e du 29 juillet au 2 ao\u00fbt. Ici le compte rendu et les photos ! Deux articles sont parus dans la presse locale de Langenargen &#8211; Le \u00ab\u00a0Schw\u00e4bische Zeitung\u00a0\u00bb : Article \u00ab\u00a0Bereits der Auftakt war ein Knaller\u00a0\u00bb Article \u00ab\u00a0Das Fest an der\u00a0Blumenreichsten und sonnigsten Uferanlage ist eroeffnet\u00a0\u00bb<\/p>\n","protected":false},"author":1,"featured_media":0,"parent":409,"menu_order":20,"comment_status":"closed","ping_status":"closed","template":"","meta":{"_kadence_starter_templates_imported_post":false,"_kad_post_transparent":"","_kad_post_title":"","_kad_post_layout":"","_kad_post_sidebar_id":"","_kad_post_content_style":"","_kad_post_vertical_padding":"","_kad_post_feature":"","_kad_post_feature_position":"","_kad_post_header":false,"_kad_post_footer":false,"_kad_post_classname":"","footnotes":""},"class_list":["post-603","page","type-page","status-publish","hentry"],"_links":{"self":[{"href":"http:\/\/boisleroijumelage.fr\/index.php\/wp-json\/wp\/v2\/pages\/603","targetHints":{"allow":["GET"]}}],"collection":[{"href":"http:\/\/boisleroijumelage.fr\/index.php\/wp-json\/wp\/v2\/pages"}],"about":[{"href":"http:\/\/boisleroijumelage.fr\/index.php\/wp-json\/wp\/v2\/types\/page"}],"author":[{"embeddable":true,"href":"http:\/\/boisleroijumelage.fr\/index.php\/wp-json\/wp\/v2\/users\/1"}],"replies":[{"embeddable":true,"href":"http:\/\/boisleroijumelage.fr\/index.php\/wp-json\/wp\/v2\/comments?post=603"}],"version-history":[{"count":4,"href":"http:\/\/boisleroijumelage.fr\/index.php\/wp-json\/wp\/v2\/pages\/603\/revisions"}],"predecessor-version":[{"id":2184,"href":"http:\/\/boisleroijumelage.fr\/index.php\/wp-json\/wp\/v2\/pages\/603\/revisions\/2184"}],"up":[{"embeddable":true,"href":"http:\/\/boisleroijumelage.fr\/index.php\/wp-json\/wp\/v2\/pages\/409"}],"wp:attachment":[{"href":"http:\/\/boisleroijumelage.fr\/index.php\/wp-json\/wp\/v2\/media?parent=603"}],"curies":[{"name":"wp","href":"https:\/\/api.w.org\/{rel}","templated":true}]}}